{"id":146073,"date":"2024-11-17T10:17:37","date_gmt":"2024-11-17T15:17:37","guid":{"rendered":"https:\/\/lgilawyers.com\/?page_id=146073"},"modified":"2024-12-15T08:16:18","modified_gmt":"2024-12-15T13:16:18","slug":"abogados","status":"publish","type":"page","link":"https:\/\/lgilawyers.com\/es\/abogados\/","title":{"rendered":"Abogados"},"content":{"rendered":"<div class=\"wpb-content-wrapper\"><p>[vc_row row_height_percent=\u00bb0&#8243; override_padding=\u00bbyes\u00bb h_padding=\u00bb2&#8243; top_padding=\u00bb7&#8243; bottom_padding=\u00bb7&#8243; back_color=\u00bbcolor-757112&#8243; overlay_alpha=\u00bb50&#8243; gutter_size=\u00bb3&#8243; column_width_percent=\u00bb100&#8243; shift_y=\u00bb0&#8243; z_index=\u00bb0&#8243; content_parallax=\u00bb0&#8243; uncode_shortcode_id=\u00bb957623&#8243; back_color_type=\u00bbuncode-palette\u00bb][vc_column column_width_use_pixel=\u00bbyes\u00bb gutter_size=\u00bb3&#8243; overlay_alpha=\u00bb50&#8243; shift_x=\u00bb0&#8243; shift_y=\u00bb0&#8243; shift_y_down=\u00bb0&#8243; z_index=\u00bb0&#8243; medium_width=\u00bb0&#8243; mobile_width=\u00bb0&#8243; width=\u00bb5\/6&#8243; uncode_shortcode_id=\u00bb239430&#8243;][vc_custom_heading text_color=\u00bbcolor-657965&#8243; heading_semantic=\u00bbh1&#8243; text_font=\u00bbfont-188566&#8243; text_size=\u00bbh1&#8243; text_weight=\u00bb300&#8243; css_animation=\u00bbbottom-t-top\u00bb animation_speed=\u00bb1000&#8243; uncode_shortcode_id=\u00bb420675&#8243; text_color_type=\u00bbuncode-palette\u00bb]Conoce a Nuestros Abogados[\/vc_custom_heading][vc_custom_heading text_color=\u00bbcolor-657965&#8243; heading_semantic=\u00bbp\u00bb text_font=\u00bbfont-184338&#8243; text_size=\u00bbh5&#8243; text_weight=\u00bb400&#8243; css_animation=\u00bbbottom-t-top\u00bb animation_speed=\u00bb1000&#8243; animation_delay=\u00bb200&#8243; uncode_shortcode_id=\u00bb204147&#8243; text_color_type=\u00bbuncode-palette\u00bb]Nuestros abogados experimentados combinan una profunda experiencia legal con un enfoque compasivo para brindar un apoyo personalizado adaptado a tus necesidades.[\/vc_custom_heading][\/vc_column][vc_column width=\u00bb1\/6&#8243;][\/vc_column][\/vc_row][vc_row unlock_row_content=\u00bbyes\u00bb row_height_percent=\u00bb0&#8243; override_padding=\u00bbyes\u00bb h_padding=\u00bb2&#8243; top_padding=\u00bb4&#8243; bottom_padding=\u00bb4&#8243; back_color=\u00bbcolor-657965&#8243; overlay_alpha=\u00bb50&#8243; equal_height=\u00bbyes\u00bb gutter_size=\u00bb4&#8243; column_width_percent=\u00bb100&#8243; shift_y=\u00bb0&#8243; z_index=\u00bb0&#8243; content_parallax=\u00bb0&#8243; uncode_shortcode_id=\u00bb101902&#8243; back_color_type=\u00bbuncode-palette\u00bb][vc_column column_width_percent=\u00bb100&#8243; align_horizontal=\u00bbalign_center\u00bb gutter_size=\u00bb3&#8243; style=\u00bbdark\u00bb overlay_alpha=\u00bb50&#8243; shift_x=\u00bb0&#8243; shift_y=\u00bb0&#8243; shift_y_down=\u00bb0&#8243; z_index=\u00bb0&#8243; medium_width=\u00bb3&#8243; mobile_width=\u00bb0&#8243; width=\u00bb1\/3&#8243; uncode_shortcode_id=\u00bb139260&#8243;][vc_single_image media=\u00bb145243&#8243; media_width_percent=\u00bb100&#8243; css_animation=\u00bbalpha-anim\u00bb animation_speed=\u00bb1000&#8243; uncode_shortcode_id=\u00bb982695&#8243;][\/vc_column][vc_column column_width_percent=\u00bb100&#8243; position_vertical=\u00bbmiddle\u00bb gutter_size=\u00bb3&#8243; style=\u00bbdark\u00bb overlay_alpha=\u00bb50&#8243; shift_x=\u00bb0&#8243; shift_y=\u00bb0&#8243; shift_y_down=\u00bb0&#8243; z_index=\u00bb0&#8243; medium_width=\u00bb5&#8243; mobile_width=\u00bb0&#8243; width=\u00bb2\/3&#8243; uncode_shortcode_id=\u00bb193478&#8243;][vc_row_inner limit_content=\u00bb\u00bb][vc_column_inner column_width_percent=\u00bb100&#8243; gutter_size=\u00bb2&#8243; style=\u00bbdark\u00bb overlay_alpha=\u00bb50&#8243; shift_x=\u00bb0&#8243; shift_y=\u00bb0&#8243; shift_y_down=\u00bb0&#8243; z_index=\u00bb0&#8243; medium_width=\u00bb0&#8243; mobile_width=\u00bb0&#8243; width=\u00bb1\/1&#8243;][vc_custom_heading heading_semantic=\u00bbh1&#8243; text_size=\u00bbh1&#8243; css_animation=\u00bbalpha-anim\u00bb animation_speed=\u00bb1000&#8243; uncode_shortcode_id=\u00bb544454&#8243;]Khalid A. Shekib[\/vc_custom_heading][vc_custom_heading heading_semantic=\u00bbp\u00bb text_size=\u00bbh4&#8243; text_weight=\u00bb400&#8243; text_height=\u00bbfontheight-357766&#8243; css_animation=\u00bbalpha-anim\u00bb animation_speed=\u00bb1000&#8243; uncode_shortcode_id=\u00bb135322&#8243;]Fundador y Abogado de Inmigraci\u00f3n[\/vc_custom_heading][vc_custom_heading heading_semantic=\u00bbp\u00bb text_font=\u00bbfont-184338&#8243; text_size=\u00bb\u00bb text_height=\u00bbfontheight-357766&#8243; css_animation=\u00bbalpha-anim\u00bb animation_speed=\u00bb1000&#8243; animation_delay=\u00bb200&#8243; uncode_shortcode_id=\u00bb139101&#8243;]Khalid A. Shekib, fundador de la firma, es un apasionado abogado de inmigraci\u00f3n con una conexi\u00f3n personal con los desaf\u00edos que enfrentan sus clientes. Como exrefugiado afgano que busc\u00f3 asilo en Estados Unidos hace m\u00e1s de 30 a\u00f1os, Khalid aporta una perspectiva \u00fanica y un enfoque emp\u00e1tico a su trabajo. Su trayectoria inspira su compromiso de ayudar a otros a navegar las complejidades de la ley de inmigraci\u00f3n. Khalid se especializa en representar a personas y empresas en una amplia gama de asuntos migratorios, siempre enfocado en pr\u00e1cticas \u00e9ticas y en lograr el \u00e9xito para sus clientes.[\/vc_custom_heading][\/vc_column_inner][\/vc_row_inner][vc_row_inner row_inner_height_percent=\u00bb0&#8243; overlay_alpha=\u00bb50&#8243; gutter_size=\u00bb4&#8243; shift_y=\u00bb0&#8243; z_index=\u00bb0&#8243; limit_content=\u00bb\u00bb uncode_shortcode_id=\u00bb127584&#8243; css=\u00bb.vc_custom_1733348317621{padding-top: 20px !important;}\u00bb][vc_column_inner column_width_percent=\u00bb100&#8243; gutter_size=\u00bb3&#8243; style=\u00bbdark\u00bb overlay_alpha=\u00bb50&#8243; shift_x=\u00bb0&#8243; shift_y=\u00bb0&#8243; shift_y_down=\u00bb0&#8243; z_index=\u00bb0&#8243; medium_width=\u00bb0&#8243; mobile_width=\u00bb0&#8243; width=\u00bb1\/2&#8243;][vc_custom_heading heading_semantic=\u00bbh3&#8243; text_size=\u00bbh3&#8243; text_weight=\u00bb300&#8243; sub_lead=\u00bbyes\u00bb sub_reduced=\u00bbyes\u00bb uncode_shortcode_id=\u00bb151977&#8243;]\u00c1reas de Especializaci\u00f3n[\/vc_custom_heading][uncode_list uncode_shortcode_id=\u00bb318392&#8243;]<\/p>\n<ul>\n<li>Defensa en procedimientos de deportaci\u00f3n, incluyendo asilo, ajuste de estatus y cancelaci\u00f3n de deportaci\u00f3n.<\/li>\n<li>Servicios de inmigraci\u00f3n empresarial, con amplia experiencia en la representaci\u00f3n de inversores EB-5.<\/li>\n<\/ul>\n<p>[\/uncode_list][\/vc_column_inner][vc_column_inner column_width_percent=\u00bb100&#8243; gutter_size=\u00bb3&#8243; style=\u00bbdark\u00bb overlay_alpha=\u00bb50&#8243; shift_x=\u00bb0&#8243; shift_y=\u00bb0&#8243; shift_y_down=\u00bb0&#8243; z_index=\u00bb0&#8243; medium_width=\u00bb0&#8243; mobile_width=\u00bb0&#8243; width=\u00bb1\/2&#8243;][vc_custom_heading heading_semantic=\u00bbh3&#8243; text_size=\u00bbh3&#8243; text_weight=\u00bb300&#8243; sub_lead=\u00bbyes\u00bb sub_reduced=\u00bbyes\u00bb uncode_shortcode_id=\u00bb186659&#8243;]Credenciales[\/vc_custom_heading][uncode_list uncode_shortcode_id=\u00bb842094&#8243;]<\/p>\n<ul>\n<li>Doctorado en Jurisprudencia por la Escuela de Derecho de la Universidad de Richmond.<\/li>\n<li>Inscripci\u00f3n en el Colegio de Abogados del Estado de Virginia, Tribunal de Distrito de EE. UU. (Distrito Este de Virginia) y Tribunal Supremo de Virginia.<\/li>\n<\/ul>\n<p>[\/uncode_list][\/vc_column_inner][\/vc_row_inner][\/vc_column][\/vc_row][vc_row unlock_row_content=\u00bbyes\u00bb row_height_percent=\u00bb0&#8243; override_padding=\u00bbyes\u00bb h_padding=\u00bb2&#8243; top_padding=\u00bb4&#8243; bottom_padding=\u00bb4&#8243; back_color=\u00bbcolor-757112&#8243; overlay_alpha=\u00bb50&#8243; equal_height=\u00bbyes\u00bb gutter_size=\u00bb4&#8243; column_width_percent=\u00bb100&#8243; shift_y=\u00bb0&#8243; z_index=\u00bb0&#8243; inverted_device_order=\u00bbyes\u00bb content_parallax=\u00bb0&#8243; uncode_shortcode_id=\u00bb612176&#8243; back_color_type=\u00bbuncode-palette\u00bb][vc_column column_width_percent=\u00bb100&#8243; align_horizontal=\u00bbalign_center\u00bb gutter_size=\u00bb3&#8243; style=\u00bbdark\u00bb overlay_alpha=\u00bb50&#8243; shift_x=\u00bb0&#8243; shift_y=\u00bb0&#8243; shift_y_down=\u00bb0&#8243; z_index=\u00bb0&#8243; medium_width=\u00bb3&#8243; mobile_width=\u00bb0&#8243; width=\u00bb1\/3&#8243; uncode_shortcode_id=\u00bb139260&#8243;][vc_single_image media=\u00bb145944&#8243; media_width_percent=\u00bb100&#8243; css_animation=\u00bbalpha-anim\u00bb uncode_shortcode_id=\u00bb330809&#8243;][\/vc_column][vc_column column_width_percent=\u00bb100&#8243; position_vertical=\u00bbmiddle\u00bb gutter_size=\u00bb3&#8243; style=\u00bbdark\u00bb overlay_alpha=\u00bb50&#8243; shift_x=\u00bb0&#8243; shift_y=\u00bb0&#8243; shift_y_down=\u00bb0&#8243; z_index=\u00bb0&#8243; medium_width=\u00bb5&#8243; mobile_width=\u00bb0&#8243; width=\u00bb2\/3&#8243; uncode_shortcode_id=\u00bb193478&#8243;][vc_row_inner limit_content=\u00bb\u00bb][vc_column_inner column_width_percent=\u00bb100&#8243; gutter_size=\u00bb2&#8243; style=\u00bbdark\u00bb overlay_alpha=\u00bb50&#8243; shift_x=\u00bb0&#8243; shift_y=\u00bb0&#8243; shift_y_down=\u00bb0&#8243; z_index=\u00bb0&#8243; medium_width=\u00bb0&#8243; mobile_width=\u00bb0&#8243; width=\u00bb1\/1&#8243;][vc_custom_heading text_color=\u00bbcolor-657965&#8243; heading_semantic=\u00bbh1&#8243; text_size=\u00bbh1&#8243; css_animation=\u00bbalpha-anim\u00bb uncode_shortcode_id=\u00bb271038&#8243; text_color_type=\u00bbuncode-palette\u00bb]Daniela Lucena[\/vc_custom_heading][vc_custom_heading text_color=\u00bbcolor-657965&#8243; heading_semantic=\u00bbp\u00bb text_size=\u00bbh4&#8243; text_weight=\u00bb400&#8243; text_height=\u00bbfontheight-357766&#8243; css_animation=\u00bbalpha-anim\u00bb uncode_shortcode_id=\u00bb529938&#8243; text_color_type=\u00bbuncode-palette\u00bb]Abogada de Inmigraci\u00f3n[\/vc_custom_heading][vc_custom_heading text_color=\u00bbcolor-657965&#8243; heading_semantic=\u00bbp\u00bb text_font=\u00bbfont-184338&#8243; text_size=\u00bb\u00bb text_height=\u00bbfontheight-357766&#8243; css_animation=\u00bbalpha-anim\u00bb uncode_shortcode_id=\u00bb120211&#8243; text_color_type=\u00bbuncode-palette\u00bb]Daniela Lucena es una abogada de inmigraci\u00f3n altamente calificada, dedicada a proporcionar soluciones legales personalizadas y efectivas. Su profundo conocimiento de la ley de inmigraci\u00f3n de Estados Unidos y su inquebrantable compromiso con sus clientes la convierten en una defensora de confianza. El trabajo de Daniela abarca desde ayudar a reunir familias y guiar a empresas en la obtenci\u00f3n de visas para talentos internacionales, hasta representar a personas en casos complejos como asilo o exenciones de inadmisibilidad. Conocida por su enfoque meticuloso y centrado en el cliente, Daniela est\u00e1 comprometida con lograr los mejores resultados para sus clientes.[\/vc_custom_heading][\/vc_column_inner][\/vc_row_inner][vc_row_inner row_inner_height_percent=\u00bb0&#8243; overlay_alpha=\u00bb50&#8243; gutter_size=\u00bb4&#8243; shift_y=\u00bb0&#8243; z_index=\u00bb0&#8243; limit_content=\u00bb\u00bb uncode_shortcode_id=\u00bb127584&#8243; css=\u00bb.vc_custom_1733348317621{padding-top: 20px !important;}\u00bb][vc_column_inner column_width_percent=\u00bb100&#8243; gutter_size=\u00bb3&#8243; style=\u00bbdark\u00bb overlay_alpha=\u00bb50&#8243; shift_x=\u00bb0&#8243; shift_y=\u00bb0&#8243; shift_y_down=\u00bb0&#8243; z_index=\u00bb0&#8243; medium_width=\u00bb0&#8243; mobile_width=\u00bb0&#8243; width=\u00bb1\/2&#8243;][vc_custom_heading text_color=\u00bbcolor-657965&#8243; heading_semantic=\u00bbh3&#8243; text_size=\u00bbh3&#8243; text_weight=\u00bb300&#8243; sub_lead=\u00bbyes\u00bb sub_reduced=\u00bbyes\u00bb uncode_shortcode_id=\u00bb771081&#8243; text_color_type=\u00bbuncode-palette\u00bb]\u00c1reas de Especializaci\u00f3n[\/vc_custom_heading][uncode_list uncode_shortcode_id=\u00bb670684&#8243; el_class=\u00bbivorytext\u00bb]<\/p>\n<ul>\n<li>Inmigraci\u00f3n basada en la familia y el empleo, tarjetas de residencia y naturalizaci\u00f3n.<\/li>\n<li>Defensa en procedimientos de deportaci\u00f3n, casos de asilo y apelaciones migratorias.<\/li>\n<\/ul>\n<p>[\/uncode_list][\/vc_column_inner][vc_column_inner column_width_percent=\u00bb100&#8243; gutter_size=\u00bb3&#8243; style=\u00bbdark\u00bb overlay_alpha=\u00bb50&#8243; shift_x=\u00bb0&#8243; shift_y=\u00bb0&#8243; shift_y_down=\u00bb0&#8243; z_index=\u00bb0&#8243; medium_width=\u00bb0&#8243; mobile_width=\u00bb0&#8243; width=\u00bb1\/2&#8243;][vc_custom_heading text_color=\u00bbcolor-657965&#8243; heading_semantic=\u00bbh3&#8243; text_size=\u00bbh3&#8243; text_weight=\u00bb300&#8243; sub_lead=\u00bbyes\u00bb sub_reduced=\u00bbyes\u00bb uncode_shortcode_id=\u00bb151911&#8243; text_color_type=\u00bbuncode-palette\u00bb]Credenciales[\/vc_custom_heading][uncode_list uncode_shortcode_id=\u00bb202411&#8243; el_class=\u00bbivorytext\u00bb]<\/p>\n<ul>\n<li>Inscripci\u00f3n en los Colegios de Abogados de Nueva York y Caracas, Venezuela.<\/li>\n<li>Miembro de la Asociaci\u00f3n Americana de Abogados de Inmigraci\u00f3n (AILA) y de la Asociaci\u00f3n de Abogados del Estado de Nueva York.<\/li>\n<\/ul>\n<p>[\/uncode_list][\/vc_column_inner][\/vc_row_inner][\/vc_column][\/vc_row][vc_row][vc_column width=\u00bb1\/1&#8243;][uncode_block id=\u00bb145183&#8243;][\/vc_column][\/vc_row]<\/p>\n<\/div>","protected":false},"excerpt":{"rendered":"<p>[vc_row row_height_percent=\u00bb0&#8243; override_padding=\u00bbyes\u00bb h_padding=\u00bb2&#8243; top_padding=\u00bb7&#8243; bottom_padding=\u00bb7&#8243; back_color=\u00bbcolor-757112&#8243; overlay_alpha=\u00bb50&#8243; gutter_size=\u00bb3&#8243; column_width_percent=\u00bb100&#8243; shift_y=\u00bb0&#8243; z_index=\u00bb0&#8243; content_parallax=\u00bb0&#8243; uncode_shortcode_id=\u00bb957623&#8243; back_color_type=\u00bbuncode-palette\u00bb][vc_column column_width_use_pixel=\u00bbyes\u00bb gutter_size=\u00bb3&#8243; overlay_alpha=\u00bb50&#8243; shift_x=\u00bb0&#8243; shift_y=\u00bb0&#8243; [&hellip;]<\/p>\n","protected":false},"author":2,"featured_media":0,"parent":0,"menu_order":0,"comment_status":"closed","ping_status":"closed","template":"","meta":{"footnotes":""},"class_list":["post-146073","page","type-page","status-publish","hentry"],"_links":{"self":[{"href":"https:\/\/lgilawyers.com\/es\/wp-json\/wp\/v2\/pages\/146073","targetHints":{"allow":["GET"]}}],"collection":[{"href":"https:\/\/lgilawyers.com\/es\/wp-json\/wp\/v2\/pages"}],"about":[{"href":"https:\/\/lgilawyers.com\/es\/wp-json\/wp\/v2\/types\/page"}],"author":[{"embeddable":true,"href":"https:\/\/lgilawyers.com\/es\/wp-json\/wp\/v2\/users\/2"}],"replies":[{"embeddable":true,"href":"https:\/\/lgilawyers.com\/es\/wp-json\/wp\/v2\/comments?post=146073"}],"version-history":[{"count":4,"href":"https:\/\/lgilawyers.com\/es\/wp-json\/wp\/v2\/pages\/146073\/revisions"}],"predecessor-version":[{"id":146101,"href":"https:\/\/lgilawyers.com\/es\/wp-json\/wp\/v2\/pages\/146073\/revisions\/146101"}],"wp:attachment":[{"href":"https:\/\/lgilawyers.com\/es\/wp-json\/wp\/v2\/media?parent=146073"}],"curies":[{"name":"wp","href":"https:\/\/api.w.org\/{rel}","templated":true}]}}