{"id":146077,"date":"2024-11-25T17:37:34","date_gmt":"2024-11-25T22:37:34","guid":{"rendered":"https:\/\/lgilawyers.com\/?page_id=146077"},"modified":"2024-12-15T11:02:28","modified_gmt":"2024-12-15T16:02:28","slug":"inmigracion-empresarial-corporativa","status":"publish","type":"page","link":"https:\/\/lgilawyers.com\/es\/inmigracion-empresarial-corporativa\/","title":{"rendered":"Inmigraci\u00f3n Empresarial y Corporativa"},"content":{"rendered":"<div class=\"wpb-content-wrapper\"><p>[vc_row row_height_percent=\u00bb90&#8243; back_image=\u00bb145662&#8243; back_position=\u00bbleft bottom\u00bb overlay_color=\u00bbcolor-757112&#8243; overlay_alpha=\u00bb70&#8243; equal_height=\u00bbyes\u00bb gutter_size=\u00bb3&#8243; column_width_percent=\u00bb100&#8243; shift_y=\u00bb0&#8243; z_index=\u00bb0&#8243; mobile_visibility=\u00bbyes\u00bb content_parallax=\u00bb0&#8243; uncode_shortcode_id=\u00bb201412&#8243; back_size=\u00bbcover\u00bb overlay_color_type=\u00bbuncode-palette\u00bb][vc_column column_width_percent=\u00bb100&#8243; position_vertical=\u00bbmiddle\u00bb gutter_size=\u00bb3&#8243; overlay_alpha=\u00bb50&#8243; shift_x=\u00bb0&#8243; shift_y=\u00bb0&#8243; shift_y_down=\u00bb0&#8243; z_index=\u00bb0&#8243; medium_width=\u00bb0&#8243; mobile_width=\u00bb0&#8243; width=\u00bb1\/2&#8243; uncode_shortcode_id=\u00bb145888&#8243;][vc_custom_heading text_color=\u00bbcolor-657965&#8243; heading_semantic=\u00bbh1&#8243; text_size=\u00bbh1&#8243; css_animation=\u00bbbottom-t-top\u00bb animation_speed=\u00bb1000&#8243; uncode_shortcode_id=\u00bb858341&#8243; text_color_type=\u00bbuncode-palette\u00bb]Construyendo Oportunidades,<br \/>\nImpulsando el Crecimiento[\/vc_custom_heading][vc_custom_heading text_color=\u00bbcolor-657965&#8243; heading_semantic=\u00bbp\u00bb text_font=\u00bbfont-184338&#8243; text_size=\u00bb\u00bb css_animation=\u00bbbottom-t-top\u00bb animation_speed=\u00bb1000&#8243; animation_delay=\u00bb200&#8243; uncode_shortcode_id=\u00bb171214&#8243; text_color_type=\u00bbuncode-palette\u00bb]Estados Unidos ofrece inmensas oportunidades para empresas y profesionales calificados de todo el mundo. Ya seas un empleador que busca contratar talento internacional o un empresario que desea establecer una base s\u00f3lida en Estados Unidos, navegar el proceso migratorio puede ser complejo.<\/p>\n<p>En Law Group International, nos especializamos en inmigraci\u00f3n empresarial y corporativa, ofreciendo soluciones legales adaptadas a las necesidades espec\u00edficas de empleadores, empleados y profesionales.[\/vc_custom_heading][vc_empty_space empty_h=\u00bb1&#8243;][vc_button button_color=\u00bbcolor-129806&#8243; border_width=\u00bb0&#8243; css_animation=\u00bbbottom-t-top\u00bb animation_speed=\u00bb1000&#8243; animation_delay=\u00bb400&#8243; button_color_type=\u00bbuncode-palette\u00bb uncode_shortcode_id=\u00bb503344&#8243; link=\u00bburl:%23contact\u00bb]Obt\u00e9n orientaci\u00f3n experta[\/vc_button][\/vc_column][vc_column column_width_percent=\u00bb100&#8243; position_vertical=\u00bbmiddle\u00bb gutter_size=\u00bb3&#8243; overlay_alpha=\u00bb50&#8243; shift_x=\u00bb0&#8243; shift_y=\u00bb0&#8243; shift_y_down=\u00bb0&#8243; z_index=\u00bb0&#8243; medium_width=\u00bb0&#8243; mobile_width=\u00bb0&#8243; width=\u00bb1\/2&#8243; uncode_shortcode_id=\u00bb382154&#8243;][\/vc_column][\/vc_row][vc_row row_height_percent=\u00bb90&#8243; override_padding=\u00bbyes\u00bb h_padding=\u00bb2&#8243; top_padding=\u00bb2&#8243; bottom_padding=\u00bb2&#8243; back_color=\u00bbcolor-757112&#8243; overlay_alpha=\u00bb50&#8243; equal_height=\u00bbyes\u00bb gutter_size=\u00bb3&#8243; column_width_percent=\u00bb100&#8243; shift_y=\u00bb0&#8243; z_index=\u00bb0&#8243; desktop_visibility=\u00bbyes\u00bb medium_visibility=\u00bbyes\u00bb content_parallax=\u00bb0&#8243; uncode_shortcode_id=\u00bb200004&#8243; back_color_type=\u00bbuncode-palette\u00bb][vc_column width=\u00bb1\/1&#8243;][vc_custom_heading text_color=\u00bbcolor-657965&#8243; heading_semantic=\u00bbh1&#8243; text_size=\u00bbh1&#8243; css_animation=\u00bbbottom-t-top\u00bb animation_speed=\u00bb1000&#8243; uncode_shortcode_id=\u00bb858341&#8243; text_color_type=\u00bbuncode-palette\u00bb]Construyendo Oportunidades,<br \/>\nImpulsando el Crecimiento[\/vc_custom_heading][vc_custom_heading text_color=\u00bbcolor-657965&#8243; heading_semantic=\u00bbp\u00bb text_font=\u00bbfont-184338&#8243; text_size=\u00bb\u00bb css_animation=\u00bbbottom-t-top\u00bb animation_speed=\u00bb1000&#8243; animation_delay=\u00bb200&#8243; uncode_shortcode_id=\u00bb171214&#8243; text_color_type=\u00bbuncode-palette\u00bb]Estados Unidos ofrece inmensas oportunidades para empresas y profesionales calificados de todo el mundo. Ya seas un empleador que busca contratar talento internacional o un empresario que desea establecer una base s\u00f3lida en Estados Unidos, navegar el proceso migratorio puede ser complejo.<\/p>\n<p>En Law Group International, nos especializamos en inmigraci\u00f3n empresarial y corporativa, ofreciendo soluciones legales adaptadas a las necesidades espec\u00edficas de empleadores, empleados y profesionales.[\/vc_custom_heading][vc_empty_space empty_h=\u00bb2&#8243;][vc_button button_color=\u00bbcolor-129806&#8243; border_width=\u00bb0&#8243; css_animation=\u00bbbottom-t-top\u00bb animation_speed=\u00bb1000&#8243; animation_delay=\u00bb400&#8243; button_color_type=\u00bbuncode-palette\u00bb uncode_shortcode_id=\u00bb503344&#8243; link=\u00bburl:%23contact\u00bb]Obt\u00e9n orientaci\u00f3n experta[\/vc_button][\/vc_column][\/vc_row][vc_row row_height_percent=\u00bb90&#8243; override_padding=\u00bbyes\u00bb h_padding=\u00bb0&#8243; top_padding=\u00bb0&#8243; bottom_padding=\u00bb3&#8243; overlay_alpha=\u00bb50&#8243; equal_height=\u00bbyes\u00bb gutter_size=\u00bb3&#8243; column_width_percent=\u00bb100&#8243; shift_y=\u00bb0&#8243; z_index=\u00bb0&#8243; desktop_visibility=\u00bbyes\u00bb medium_visibility=\u00bbyes\u00bb content_parallax=\u00bb0&#8243; uncode_shortcode_id=\u00bb823275&#8243;][vc_column width=\u00bb1\/1&#8243;][vc_single_image media=\u00bb145662&#8243; media_width_percent=\u00bb100&#8243; css_animation=\u00bbalpha-anim\u00bb uncode_shortcode_id=\u00bb129489&#8243;][\/vc_column][\/vc_row][vc_row row_height_percent=\u00bb0&#8243; override_padding=\u00bbyes\u00bb h_padding=\u00bb2&#8243; top_padding=\u00bb3&#8243; bottom_padding=\u00bb3&#8243; back_color=\u00bbcolor-xsdn\u00bb overlay_alpha=\u00bb50&#8243; equal_height=\u00bbyes\u00bb gutter_size=\u00bb3&#8243; column_width_percent=\u00bb100&#8243; shift_y=\u00bb0&#8243; z_index=\u00bb0&#8243; content_parallax=\u00bb0&#8243; uncode_shortcode_id=\u00bb198917&#8243; back_color_type=\u00bbuncode-palette\u00bb][vc_column column_width_percent=\u00bb100&#8243; gutter_size=\u00bb2&#8243; back_color=\u00bbcolor-657965&#8243; overlay_alpha=\u00bb50&#8243; radius=\u00bbxl\u00bb shift_x=\u00bb0&#8243; shift_y=\u00bb0&#8243; shift_y_down=\u00bb0&#8243; z_index=\u00bb0&#8243; medium_width=\u00bb0&#8243; mobile_width=\u00bb0&#8243; css_animation=\u00bbbottom-t-top\u00bb animation_speed=\u00bb800&#8243; width=\u00bb1\/2&#8243; uncode_shortcode_id=\u00bb527848&#8243; back_color_type=\u00bbuncode-palette\u00bb link_to=\u00bburl:%2Fes%2Finmigracion-empresarial-corporativa%2Fvisas-de-no-inmigrante%2F\u00bb el_class=\u00bbblock-service\u00bb][vc_custom_heading heading_semantic=\u00bbh3&#8243; text_font=\u00bbfont-184338&#8243; text_weight=\u00bb800&#8243; uncode_shortcode_id=\u00bb524970&#8243;]Visas de No Inmigrante para<br \/>\nProfesionales y Empleados[\/vc_custom_heading][vc_empty_space empty_h=\u00bb1&#8243;][vc_custom_heading heading_semantic=\u00bbp\u00bb text_font=\u00bbfont-184338&#8243; text_size=\u00bb\u00bb uncode_shortcode_id=\u00bb132596&#8243;]Las visas temporales permiten a extranjeros trabajar, estudiar o hacer negocios en Estados Unidos. Estas incluyen:<\/p>\n<ul>\n<li><strong>Visas H-1B:<\/strong> Para profesionales calificados.<\/li>\n<li><strong>Visas L-1:<\/strong> Para transferencias internas de empleados dentro de la misma empresa.<\/li>\n<li><strong>Visas O-1:<\/strong> Para personas con habilidades extraordinarias en su campo profesional.<\/li>\n<\/ul>\n<p>[\/vc_custom_heading][\/vc_column][vc_column column_width_percent=\u00bb100&#8243; gutter_size=\u00bb3&#8243; back_color=\u00bbcolor-657965&#8243; overlay_alpha=\u00bb50&#8243; radius=\u00bbxl\u00bb shift_x=\u00bb0&#8243; shift_y=\u00bb0&#8243; shift_y_down=\u00bb0&#8243; z_index=\u00bb0&#8243; medium_width=\u00bb0&#8243; mobile_width=\u00bb0&#8243; css_animation=\u00bbbottom-t-top\u00bb animation_speed=\u00bb800&#8243; animation_delay=\u00bb200&#8243; width=\u00bb1\/2&#8243; uncode_shortcode_id=\u00bb152263&#8243; back_color_type=\u00bbuncode-palette\u00bb el_class=\u00bbblock-service\u00bb link_to=\u00bburl:%2Fes%2Finmigracion-empresarial-corporativa%2Fgreen-cards%2F\u00bb][vc_custom_heading text_font=\u00bbfont-184338&#8243; text_weight=\u00bb800&#8243; uncode_shortcode_id=\u00bb197124&#8243;]Residencia Permanente<br \/>\nBasada en el Empleo[\/vc_custom_heading][vc_empty_space empty_h=\u00bb1&#8243;][vc_custom_heading heading_semantic=\u00bbp\u00bb text_font=\u00bbfont-184338&#8243; text_size=\u00bb\u00bb uncode_shortcode_id=\u00bb179599&#8243;]Guiamos a empleadores y empleados a trav\u00e9s del proceso de obtenci\u00f3n de la residencia permanente, incluyendo:<\/p>\n<ul>\n<li><strong>Certificaci\u00f3n Laboral PERM:<\/strong> Requisito previo para muchas categor\u00edas de residencia permanente.<\/li>\n<li><strong>Petici\u00f3n de Visas de Inmigrante:<\/strong> Incluye categor\u00edas como:\n<ul>\n<li><strong>EB-1:<\/strong> Para individuos con habilidades extraordinarias.<\/li>\n<li><strong>EB-2:<\/strong> Para profesionales con t\u00edtulos avanzados o inter\u00e9s nacional.<\/li>\n<\/ul>\n<\/li>\n<\/ul>\n<p>[\/vc_custom_heading][\/vc_column][\/vc_row][vc_row unlock_row_content=\u00bbyes\u00bb row_height_percent=\u00bb90&#8243; override_padding=\u00bbyes\u00bb h_padding=\u00bb0&#8243; top_padding=\u00bb0&#8243; bottom_padding=\u00bb0&#8243; back_color=\u00bbcolor-757112&#8243; overlay_alpha=\u00bb50&#8243; equal_height=\u00bbyes\u00bb gutter_size=\u00bb3&#8243; column_width_percent=\u00bb100&#8243; shift_y=\u00bb0&#8243; z_index=\u00bb0&#8243; content_parallax=\u00bb0&#8243; uncode_shortcode_id=\u00bb210558&#8243; back_color_type=\u00bbuncode-palette\u00bb][vc_column column_width_percent=\u00bb100&#8243; position_vertical=\u00bbmiddle\u00bb gutter_size=\u00bb3&#8243; override_padding=\u00bbyes\u00bb column_padding=\u00bb3&#8243; overlay_alpha=\u00bb50&#8243; shift_x=\u00bb0&#8243; shift_y=\u00bb0&#8243; shift_y_down=\u00bb0&#8243; z_index=\u00bb0&#8243; medium_width=\u00bb0&#8243; mobile_width=\u00bb0&#8243; width=\u00bb1\/2&#8243; uncode_shortcode_id=\u00bb186129&#8243;][vc_custom_heading text_color=\u00bbcolor-657965&#8243; text_font=\u00bbfont-188566&#8243; text_size=\u00bbh1&#8243; css_animation=\u00bbbottom-t-top\u00bb animation_speed=\u00bb1000&#8243; uncode_shortcode_id=\u00bb917525&#8243; text_color_type=\u00bbuncode-palette\u00bb]\u00bfC\u00f3mo Podemos Ayudar?[\/vc_custom_heading][vc_empty_space empty_h=\u00bb1&#8243;][vc_custom_heading text_color=\u00bbcolor-657965&#8243; heading_semantic=\u00bbp\u00bb text_font=\u00bbfont-184338&#8243; text_size=\u00bb\u00bb css_animation=\u00bbbottom-t-top\u00bb animation_speed=\u00bb1000&#8243; animation_delay=\u00bb200&#8243; uncode_shortcode_id=\u00bb750347&#8243; text_color_type=\u00bbuncode-palette\u00bb]Navegar la intersecci\u00f3n entre inmigraci\u00f3n y negocios requiere experiencia y precisi\u00f3n. Nuestro equipo ofrece servicios completos adaptados a tus metas espec\u00edficas:[\/vc_custom_heading][vc_empty_space empty_h=\u00bb2&#8243;][vc_custom_heading text_color=\u00bbcolor-657965&#8243; heading_semantic=\u00bbh3&#8243; text_font=\u00bbfont-184338&#8243; text_size=\u00bbh4&#8243; css_animation=\u00bbalpha-anim\u00bb uncode_shortcode_id=\u00bb274675&#8243; text_color_type=\u00bbuncode-palette\u00bb]Visas Patrocinadas por el Empleador[\/vc_custom_heading][vc_custom_heading text_color=\u00bbcolor-657965&#8243; heading_semantic=\u00bbp\u00bb text_font=\u00bbfont-184338&#8243; text_size=\u00bb\u00bb css_animation=\u00bbalpha-anim\u00bb animation_speed=\u00bb1000&#8243; uncode_shortcode_id=\u00bb727908&#8243; text_color_type=\u00bbuncode-palette\u00bb]Apoyo en la gesti\u00f3n de empleados extranjeros para trabajos temporales o residencia permanente.[\/vc_custom_heading][vc_empty_space empty_h=\u00bb1&#8243;][vc_custom_heading text_color=\u00bbcolor-657965&#8243; heading_semantic=\u00bbh3&#8243; text_font=\u00bbfont-184338&#8243; text_size=\u00bbh4&#8243; css_animation=\u00bbalpha-anim\u00bb animation_speed=\u00bb1000&#8243; uncode_shortcode_id=\u00bb145570&#8243; text_color_type=\u00bbuncode-palette\u00bb]Apoyo a Empleados y Emprendedores[\/vc_custom_heading][vc_custom_heading text_color=\u00bbcolor-657965&#8243; heading_semantic=\u00bbp\u00bb text_font=\u00bbfont-184338&#8243; text_size=\u00bb\u00bb css_animation=\u00bbalpha-anim\u00bb animation_speed=\u00bb1000&#8243; uncode_shortcode_id=\u00bb152125&#8243; text_color_type=\u00bbuncode-palette\u00bb]Asesor\u00eda sobre la compleja legislaci\u00f3n de inmigraci\u00f3n en Estados Unidos, garantizando cumplimiento y solicitudes exitosas.[\/vc_custom_heading][vc_empty_space empty_h=\u00bb1&#8243;][vc_custom_heading text_color=\u00bbcolor-657965&#8243; heading_semantic=\u00bbh3&#8243; text_font=\u00bbfont-184338&#8243; text_size=\u00bbh4&#8243; css_animation=\u00bbalpha-anim\u00bb animation_speed=\u00bb1000&#8243; uncode_shortcode_id=\u00bb329513&#8243; text_color_type=\u00bbuncode-palette\u00bb]Cumplimiento Corporativo[\/vc_custom_heading][vc_custom_heading text_color=\u00bbcolor-657965&#8243; heading_semantic=\u00bbp\u00bb text_font=\u00bbfont-184338&#8243; text_size=\u00bb\u00bb css_animation=\u00bbalpha-anim\u00bb animation_speed=\u00bb1000&#8243; uncode_shortcode_id=\u00bb928466&#8243; text_color_type=\u00bbuncode-palette\u00bb]Asistencia para que las empresas cumplan con todas las normativas relacionadas con la inmigraci\u00f3n, desde el cumplimiento del Formulario I-9 hasta las Solicitudes de Condici\u00f3n Laboral (LCA).[\/vc_custom_heading][\/vc_column][vc_column column_width_percent=\u00bb100&#8243; gutter_size=\u00bb3&#8243; override_padding=\u00bbyes\u00bb column_padding=\u00bb0&#8243; back_image=\u00bb145856&#8243; back_position=\u00bbcenter top\u00bb overlay_alpha=\u00bb50&#8243; shift_x=\u00bb0&#8243; shift_y=\u00bb0&#8243; shift_y_down=\u00bb0&#8243; z_index=\u00bb0&#8243; medium_width=\u00bb0&#8243; mobile_width=\u00bb0&#8243; width=\u00bb1\/2&#8243; uncode_shortcode_id=\u00bb295180&#8243; back_size=\u00bbcover\u00bb][\/vc_column][\/vc_row][vc_row unlock_row_content=\u00bbyes\u00bb row_height_percent=\u00bb90&#8243; override_padding=\u00bbyes\u00bb h_padding=\u00bb0&#8243; top_padding=\u00bb0&#8243; bottom_padding=\u00bb0&#8243; overlay_alpha=\u00bb50&#8243; equal_height=\u00bbyes\u00bb gutter_size=\u00bb3&#8243; column_width_percent=\u00bb100&#8243; shift_y=\u00bb0&#8243; z_index=\u00bb0&#8243; desktop_visibility=\u00bbyes\u00bb medium_visibility=\u00bbyes\u00bb content_parallax=\u00bb0&#8243; uncode_shortcode_id=\u00bb141316&#8243;][vc_column column_width_percent=\u00bb100&#8243; position_vertical=\u00bbmiddle\u00bb gutter_size=\u00bb3&#8243; override_padding=\u00bbyes\u00bb column_padding=\u00bb0&#8243; overlay_alpha=\u00bb50&#8243; shift_x=\u00bb0&#8243; shift_y=\u00bb0&#8243; shift_y_down=\u00bb0&#8243; z_index=\u00bb0&#8243; medium_width=\u00bb0&#8243; mobile_width=\u00bb0&#8243; width=\u00bb1\/1&#8243; uncode_shortcode_id=\u00bb125834&#8243;][vc_single_image media=\u00bb145856&#8243; media_width_percent=\u00bb100&#8243; css_animation=\u00bbalpha-anim\u00bb uncode_shortcode_id=\u00bb681375&#8243;][\/vc_column][\/vc_row][vc_row][vc_column width=\u00bb1\/1&#8243;][uncode_block id=\u00bb146064&#8243;][\/vc_column][\/vc_row]<\/p>\n<\/div>","protected":false},"excerpt":{"rendered":"<p>[vc_row row_height_percent=\u00bb90&#8243; back_image=\u00bb145662&#8243; back_position=\u00bbleft bottom\u00bb overlay_color=\u00bbcolor-757112&#8243; overlay_alpha=\u00bb70&#8243; equal_height=\u00bbyes\u00bb gutter_size=\u00bb3&#8243; column_width_percent=\u00bb100&#8243; shift_y=\u00bb0&#8243; z_index=\u00bb0&#8243; mobile_visibility=\u00bbyes\u00bb content_parallax=\u00bb0&#8243; uncode_shortcode_id=\u00bb201412&#8243; back_size=\u00bbcover\u00bb overlay_color_type=\u00bbuncode-palette\u00bb][vc_column column_width_percent=\u00bb100&#8243; position_vertical=\u00bbmiddle\u00bb gutter_size=\u00bb3&#8243; [&hellip;]<\/p>\n","protected":false},"author":2,"featured_media":0,"parent":0,"menu_order":0,"comment_status":"closed","ping_status":"closed","template":"","meta":{"footnotes":""},"class_list":["post-146077","page","type-page","status-publish","hentry"],"_links":{"self":[{"href":"https:\/\/lgilawyers.com\/es\/wp-json\/wp\/v2\/pages\/146077","targetHints":{"allow":["GET"]}}],"collection":[{"href":"https:\/\/lgilawyers.com\/es\/wp-json\/wp\/v2\/pages"}],"about":[{"href":"https:\/\/lgilawyers.com\/es\/wp-json\/wp\/v2\/types\/page"}],"author":[{"embeddable":true,"href":"https:\/\/lgilawyers.com\/es\/wp-json\/wp\/v2\/users\/2"}],"replies":[{"embeddable":true,"href":"https:\/\/lgilawyers.com\/es\/wp-json\/wp\/v2\/comments?post=146077"}],"version-history":[{"count":9,"href":"https:\/\/lgilawyers.com\/es\/wp-json\/wp\/v2\/pages\/146077\/revisions"}],"predecessor-version":[{"id":146187,"href":"https:\/\/lgilawyers.com\/es\/wp-json\/wp\/v2\/pages\/146077\/revisions\/146187"}],"wp:attachment":[{"href":"https:\/\/lgilawyers.com\/es\/wp-json\/wp\/v2\/media?parent=146077"}],"curies":[{"name":"wp","href":"https:\/\/api.w.org\/{rel}","templated":true}]}}