{"id":146086,"date":"2024-11-25T14:19:53","date_gmt":"2024-11-25T19:19:53","guid":{"rendered":"https:\/\/lgilawyers.com\/?page_id=146086"},"modified":"2024-12-15T11:06:13","modified_gmt":"2024-12-15T16:06:13","slug":"inmigracion-individual","status":"publish","type":"page","link":"https:\/\/lgilawyers.com\/es\/inmigracion-individual\/","title":{"rendered":"Servicios de Inmigraci\u00f3n Individual"},"content":{"rendered":"<div class=\"wpb-content-wrapper\"><p>[vc_row row_height_percent=\u00bb90&#8243; back_image=\u00bb145852&#8243; back_position=\u00bbleft center\u00bb overlay_color=\u00bbcolor-757112&#8243; overlay_alpha=\u00bb79&#8243; equal_height=\u00bbyes\u00bb gutter_size=\u00bb3&#8243; column_width_percent=\u00bb100&#8243; shift_y=\u00bb0&#8243; z_index=\u00bb0&#8243; mobile_visibility=\u00bbyes\u00bb content_parallax=\u00bb0&#8243; uncode_shortcode_id=\u00bb467538&#8243; back_size=\u00bbcover\u00bb overlay_color_type=\u00bbuncode-palette\u00bb][vc_column width=\u00bb1\/2&#8243;][\/vc_column][vc_column column_width_percent=\u00bb100&#8243; position_vertical=\u00bbmiddle\u00bb gutter_size=\u00bb3&#8243; overlay_alpha=\u00bb50&#8243; shift_x=\u00bb0&#8243; shift_y=\u00bb0&#8243; shift_y_down=\u00bb0&#8243; z_index=\u00bb0&#8243; medium_width=\u00bb0&#8243; mobile_width=\u00bb0&#8243; width=\u00bb1\/2&#8243; uncode_shortcode_id=\u00bb382154&#8243;][vc_custom_heading text_color=\u00bbcolor-657965&#8243; heading_semantic=\u00bbh1&#8243; text_size=\u00bbh1&#8243; css_animation=\u00bbbottom-t-top\u00bb animation_speed=\u00bb1000&#8243; uncode_shortcode_id=\u00bb205666&#8243; text_color_type=\u00bbuncode-palette\u00bb]Servicios de Inmigraci\u00f3n Individual [\/vc_custom_heading][vc_custom_heading text_color=\u00bbcolor-657965&#8243; heading_semantic=\u00bbp\u00bb text_font=\u00bbfont-184338&#8243; text_size=\u00bb\u00bb css_animation=\u00bbbottom-t-top\u00bb animation_speed=\u00bb1000&#8243; animation_delay=\u00bb200&#8243; uncode_shortcode_id=\u00bb126556&#8243; text_color_type=\u00bbuncode-palette\u00bb]Emigrar a Estados Unidos es un viaje transformador que a menudo implica desaf\u00edos y momentos de incertidumbre. En <strong>Law Group International<\/strong>, ofrecemos compasi\u00f3n, experiencia y soluciones personalizadas para ayudarte a recorrer este camino con confianza. Ya sea que enfrentes una defensa contra la deportaci\u00f3n, busques reunirte con tu familia o solicites protecci\u00f3n humanitaria, estamos comprometidos a brindarte la orientaci\u00f3n y representaci\u00f3n que necesitas.[\/vc_custom_heading][vc_empty_space empty_h=\u00bb1&#8243;][vc_button button_color=\u00bbcolor-129806&#8243; border_width=\u00bb0&#8243; css_animation=\u00bbbottom-t-top\u00bb animation_speed=\u00bb1000&#8243; animation_delay=\u00bb400&#8243; button_color_type=\u00bbuncode-palette\u00bb uncode_shortcode_id=\u00bb155257&#8243; link=\u00bburl:%23contacto\u00bb]Obt\u00e9n orientaci\u00f3n experta[\/vc_button][\/vc_column][\/vc_row][vc_row row_height_percent=\u00bb90&#8243; override_padding=\u00bbyes\u00bb h_padding=\u00bb2&#8243; top_padding=\u00bb2&#8243; bottom_padding=\u00bb2&#8243; back_color=\u00bbcolor-757112&#8243; overlay_alpha=\u00bb50&#8243; equal_height=\u00bbyes\u00bb gutter_size=\u00bb3&#8243; column_width_percent=\u00bb100&#8243; shift_y=\u00bb0&#8243; z_index=\u00bb0&#8243; desktop_visibility=\u00bbyes\u00bb medium_visibility=\u00bbyes\u00bb content_parallax=\u00bb0&#8243; uncode_shortcode_id=\u00bb200004&#8243; back_color_type=\u00bbuncode-palette\u00bb][vc_column width=\u00bb1\/1&#8243;][vc_custom_heading text_color=\u00bbcolor-657965&#8243; heading_semantic=\u00bbh1&#8243; text_size=\u00bbh1&#8243; css_animation=\u00bbbottom-t-top\u00bb animation_speed=\u00bb1000&#8243; uncode_shortcode_id=\u00bb205666&#8243; text_color_type=\u00bbuncode-palette\u00bb]Servicios de Inmigraci\u00f3n Individual [\/vc_custom_heading][vc_custom_heading text_color=\u00bbcolor-657965&#8243; heading_semantic=\u00bbp\u00bb text_font=\u00bbfont-184338&#8243; text_size=\u00bb\u00bb css_animation=\u00bbbottom-t-top\u00bb animation_speed=\u00bb1000&#8243; animation_delay=\u00bb200&#8243; uncode_shortcode_id=\u00bb126556&#8243; text_color_type=\u00bbuncode-palette\u00bb]Emigrar a Estados Unidos es un viaje transformador que a menudo implica desaf\u00edos y momentos de incertidumbre. En <strong>Law Group International<\/strong>, ofrecemos compasi\u00f3n, experiencia y soluciones personalizadas para ayudarte a recorrer este camino con confianza. Ya sea que enfrentes una defensa contra la deportaci\u00f3n, busques reunirte con tu familia o solicites protecci\u00f3n humanitaria, estamos comprometidos a brindarte la orientaci\u00f3n y representaci\u00f3n que necesitas.[\/vc_custom_heading][vc_empty_space empty_h=\u00bb2&#8243;][vc_button button_color=\u00bbcolor-129806&#8243; border_width=\u00bb0&#8243; css_animation=\u00bbbottom-t-top\u00bb animation_speed=\u00bb1000&#8243; animation_delay=\u00bb400&#8243; button_color_type=\u00bbuncode-palette\u00bb uncode_shortcode_id=\u00bb562301&#8243; link=\u00bburl:%23contact\u00bb]Obt\u00e9n orientaci\u00f3n experta[\/vc_button][\/vc_column][\/vc_row][vc_row row_height_percent=\u00bb90&#8243; override_padding=\u00bbyes\u00bb h_padding=\u00bb0&#8243; top_padding=\u00bb0&#8243; bottom_padding=\u00bb3&#8243; overlay_alpha=\u00bb50&#8243; equal_height=\u00bbyes\u00bb gutter_size=\u00bb3&#8243; column_width_percent=\u00bb100&#8243; shift_y=\u00bb0&#8243; z_index=\u00bb0&#8243; desktop_visibility=\u00bbyes\u00bb medium_visibility=\u00bbyes\u00bb content_parallax=\u00bb0&#8243; uncode_shortcode_id=\u00bb823275&#8243;][vc_column width=\u00bb1\/1&#8243;][vc_single_image media=\u00bb145852&#8243; media_width_percent=\u00bb100&#8243; css_animation=\u00bbalpha-anim\u00bb uncode_shortcode_id=\u00bb447016&#8243;][\/vc_column][\/vc_row][vc_row row_height_percent=\u00bb0&#8243; override_padding=\u00bbyes\u00bb h_padding=\u00bb2&#8243; top_padding=\u00bb3&#8243; bottom_padding=\u00bb2&#8243; back_color=\u00bbcolor-xsdn\u00bb overlay_alpha=\u00bb50&#8243; equal_height=\u00bbyes\u00bb gutter_size=\u00bb3&#8243; column_width_percent=\u00bb100&#8243; shift_y=\u00bb0&#8243; z_index=\u00bb0&#8243; content_parallax=\u00bb0&#8243; uncode_shortcode_id=\u00bb151594&#8243; back_color_type=\u00bbuncode-palette\u00bb][vc_column column_width_percent=\u00bb100&#8243; gutter_size=\u00bb2&#8243; back_color=\u00bbcolor-657965&#8243; overlay_alpha=\u00bb50&#8243; radius=\u00bbxl\u00bb shift_x=\u00bb0&#8243; shift_y=\u00bb0&#8243; shift_y_down=\u00bb0&#8243; z_index=\u00bb0&#8243; medium_width=\u00bb0&#8243; mobile_width=\u00bb0&#8243; css_animation=\u00bbbottom-t-top\u00bb animation_speed=\u00bb800&#8243; width=\u00bb1\/3&#8243; uncode_shortcode_id=\u00bb569466&#8243; back_color_type=\u00bbuncode-palette\u00bb link_to=\u00bburl:%2Fes%2Finmigracion-individual%2Fdefensa-contra-la-deportacion%2F|title:Deportation%20Defense%20Services\u00bb el_class=\u00bbblock-service\u00bb][vc_custom_heading heading_semantic=\u00bbh3&#8243; text_font=\u00bbfont-184338&#8243; text_weight=\u00bb800&#8243; uncode_shortcode_id=\u00bb120098&#8243;]Defensa contra<br \/>\nla Deportaci\u00f3n[\/vc_custom_heading][vc_empty_space empty_h=\u00bb1&#8243;][vc_custom_heading heading_semantic=\u00bbp\u00bb text_font=\u00bbfont-184338&#8243; text_size=\u00bb\u00bb uncode_shortcode_id=\u00bb200086&#8243;]Brindamos representaci\u00f3n legal experimentada para proteger contra la deportaci\u00f3n y explorar soluciones a largo plazo para tus desaf\u00edos migratorios.[\/vc_custom_heading][\/vc_column][vc_column column_width_percent=\u00bb100&#8243; gutter_size=\u00bb3&#8243; back_color=\u00bbcolor-657965&#8243; overlay_alpha=\u00bb50&#8243; radius=\u00bbxl\u00bb shift_x=\u00bb0&#8243; shift_y=\u00bb0&#8243; shift_y_down=\u00bb0&#8243; z_index=\u00bb0&#8243; medium_width=\u00bb0&#8243; mobile_width=\u00bb0&#8243; css_animation=\u00bbbottom-t-top\u00bb animation_speed=\u00bb800&#8243; animation_delay=\u00bb200&#8243; width=\u00bb1\/3&#8243; uncode_shortcode_id=\u00bb156256&#8243; back_color_type=\u00bbuncode-palette\u00bb el_class=\u00bbblock-service\u00bb link_to=\u00bburl:%2Fes%2Finmigracion-individual%2Finmigracion-basada-en-la-familia%2F|title:Family%20Based%20Immigration\u00bb][vc_custom_heading heading_semantic=\u00bbh3&#8243; text_font=\u00bbfont-184338&#8243; text_weight=\u00bb800&#8243; uncode_shortcode_id=\u00bb169632&#8243;]Inmigraci\u00f3n<br \/>\nFamiliar[\/vc_custom_heading][vc_empty_space empty_h=\u00bb1&#8243;][vc_custom_heading heading_semantic=\u00bbp\u00bb text_font=\u00bbfont-184338&#8243; text_size=\u00bb\u00bb uncode_shortcode_id=\u00bb829309&#8243;]Reunir a las familias es el coraz\u00f3n de la ley de inmigraci\u00f3n en Estados Unidos, y estamos aqu\u00ed para guiarte en el proceso, asegurando que tus seres queridos puedan unirse a ti.[\/vc_custom_heading][\/vc_column][vc_column column_width_percent=\u00bb100&#8243; gutter_size=\u00bb3&#8243; back_color=\u00bbcolor-657965&#8243; overlay_alpha=\u00bb50&#8243; radius=\u00bbxl\u00bb shift_x=\u00bb0&#8243; shift_y=\u00bb0&#8243; shift_y_down=\u00bb0&#8243; z_index=\u00bb0&#8243; medium_width=\u00bb0&#8243; mobile_width=\u00bb0&#8243; css_animation=\u00bbbottom-t-top\u00bb animation_speed=\u00bb1000&#8243; animation_delay=\u00bb400&#8243; width=\u00bb1\/3&#8243; uncode_shortcode_id=\u00bb182700&#8243; back_color_type=\u00bbuncode-palette\u00bb el_class=\u00bbblock-service\u00bb link_to=\u00bburl:%2Fes%2Finmigracion-individual%2Finmigracion-para-ninos-y-jovenes-adultos%2F|title:Children%20%26%20Young%20Adults\u00bb][vc_custom_heading heading_semantic=\u00bbh3&#8243; text_font=\u00bbfont-184338&#8243; text_weight=\u00bb800&#8243; uncode_shortcode_id=\u00bb705877&#8243;]Ni\u00f1os y<br \/>\nJ\u00f3venes Adultos[\/vc_custom_heading][vc_empty_space empty_h=\u00bb1&#8243;][vc_custom_heading heading_semantic=\u00bbp\u00bb text_font=\u00bbfont-184338&#8243; text_size=\u00bb\u00bb uncode_shortcode_id=\u00bb387484&#8243;]Ofrecemos servicios especializados como DACA y el Estatus de Inmigrante Juvenil Especial (SIJS) para proteger y apoyar a personas vulnerables.[\/vc_custom_heading][\/vc_column][\/vc_row][vc_row row_height_percent=\u00bb0&#8243; back_color=\u00bbcolor-xsdn\u00bb overlay_alpha=\u00bb50&#8243; equal_height=\u00bbyes\u00bb gutter_size=\u00bb3&#8243; column_width_percent=\u00bb100&#8243; shift_y=\u00bb0&#8243; z_index=\u00bb0&#8243; content_parallax=\u00bb0&#8243; uncode_shortcode_id=\u00bb158884&#8243; back_color_type=\u00bbuncode-palette\u00bb][vc_column column_width_percent=\u00bb100&#8243; gutter_size=\u00bb2&#8243; back_color=\u00bbcolor-657965&#8243; overlay_alpha=\u00bb50&#8243; radius=\u00bbxl\u00bb shift_x=\u00bb0&#8243; shift_y=\u00bb0&#8243; shift_y_down=\u00bb0&#8243; z_index=\u00bb0&#8243; medium_width=\u00bb0&#8243; mobile_width=\u00bb0&#8243; css_animation=\u00bbbottom-t-top\u00bb animation_speed=\u00bb800&#8243; width=\u00bb1\/3&#8243; uncode_shortcode_id=\u00bb184691&#8243; back_color_type=\u00bbuncode-palette\u00bb link_to=\u00bburl:%2Fes%2Finmigracion-individual%2Finmigracion-para-victimas-de-delitos%2F|title:Immigration%20services%20for%20victims%20of%20crime\u00bb el_class=\u00bbblock-service\u00bb][vc_custom_heading heading_semantic=\u00bbh3&#8243; text_font=\u00bbfont-184338&#8243; text_weight=\u00bb800&#8243; uncode_shortcode_id=\u00bb896890&#8243;]V\u00edctimas de<br \/>\nDelitos y Abuso[\/vc_custom_heading][vc_empty_space empty_h=\u00bb1&#8243;][vc_custom_heading heading_semantic=\u00bbp\u00bb text_font=\u00bbfont-184338&#8243; text_size=\u00bb\u00bb uncode_shortcode_id=\u00bb158342&#8243;]Brindamos asistencia compasiva a v\u00edctimas de delitos, violencia dom\u00e9stica o trata de personas mediante opciones como Visas U, T y la Ley de Violencia contra la Mujer (VAWA).[\/vc_custom_heading][\/vc_column][vc_column column_width_percent=\u00bb100&#8243; gutter_size=\u00bb3&#8243; back_color=\u00bbcolor-657965&#8243; overlay_alpha=\u00bb50&#8243; radius=\u00bbxl\u00bb shift_x=\u00bb0&#8243; shift_y=\u00bb0&#8243; shift_y_down=\u00bb0&#8243; z_index=\u00bb0&#8243; medium_width=\u00bb0&#8243; mobile_width=\u00bb0&#8243; css_animation=\u00bbbottom-t-top\u00bb animation_speed=\u00bb800&#8243; animation_delay=\u00bb200&#8243; width=\u00bb1\/3&#8243; uncode_shortcode_id=\u00bb731665&#8243; back_color_type=\u00bbuncode-palette\u00bb el_class=\u00bbblock-service\u00bb link_to=\u00bburl:%2Fes%2Finmigracion-individual%2Fexenciones-migratorias-en-estados-unidos%2F|title:U.S.%20Immigration%20Waivers%20services\u00bb][vc_custom_heading heading_semantic=\u00bbh3&#8243; text_font=\u00bbfont-184338&#8243; text_weight=\u00bb800&#8243; uncode_shortcode_id=\u00bb202175&#8243;]Exenciones[\/vc_custom_heading][vc_empty_space empty_h=\u00bb1&#8243;][vc_custom_heading heading_semantic=\u00bbp\u00bb text_font=\u00bbfont-184338&#8243; text_size=\u00bb\u00bb uncode_shortcode_id=\u00bb168494&#8243;]Superar barreras de inadmisibilidad es posible con exenciones adaptadas a tu situaci\u00f3n, como las I-601 e I-601A.[\/vc_custom_heading][\/vc_column][vc_column column_width_percent=\u00bb100&#8243; gutter_size=\u00bb3&#8243; back_color=\u00bbcolor-657965&#8243; overlay_alpha=\u00bb50&#8243; radius=\u00bbxl\u00bb shift_x=\u00bb0&#8243; shift_y=\u00bb0&#8243; shift_y_down=\u00bb0&#8243; z_index=\u00bb0&#8243; medium_width=\u00bb0&#8243; mobile_width=\u00bb0&#8243; css_animation=\u00bbbottom-t-top\u00bb animation_speed=\u00bb1000&#8243; animation_delay=\u00bb400&#8243; width=\u00bb1\/3&#8243; uncode_shortcode_id=\u00bb219437&#8243; back_color_type=\u00bbuncode-palette\u00bb el_class=\u00bbblock-service\u00bb link_to=\u00bburl:%2Fes%2Finmigracion-individual%2Fasistencia-paso-a-paso-para-solicitudes-de-ciudadania-estadounidense%2F|title:Step-by-Step%20Assistance%20for%20U.S.%20Citizenship%20Applications\u00bb][vc_custom_heading heading_semantic=\u00bbh3&#8243; text_font=\u00bbfont-184338&#8243; text_weight=\u00bb800&#8243; uncode_shortcode_id=\u00bb742824&#8243;]Ciudadan\u00eda y<br \/>\nNaturalizaci\u00f3n[\/vc_custom_heading][vc_empty_space empty_h=\u00bb1&#8243;][vc_custom_heading heading_semantic=\u00bbp\u00bb text_font=\u00bbfont-184338&#8243; text_size=\u00bb\u00bb uncode_shortcode_id=\u00bb511727&#8243;]Convertirse en ciudadano estadounidense es un logro importante que te ayudamos a alcanzar con preparaci\u00f3n y orientaci\u00f3n integral.[\/vc_custom_heading][\/vc_column][\/vc_row][vc_row row_height_percent=\u00bb0&#8243; back_color=\u00bbcolor-xsdn\u00bb overlay_alpha=\u00bb50&#8243; equal_height=\u00bbyes\u00bb gutter_size=\u00bb3&#8243; column_width_percent=\u00bb100&#8243; shift_y=\u00bb0&#8243; z_index=\u00bb0&#8243; content_parallax=\u00bb0&#8243; uncode_shortcode_id=\u00bb110077&#8243; back_color_type=\u00bbuncode-palette\u00bb][vc_column column_width_percent=\u00bb100&#8243; gutter_size=\u00bb2&#8243; back_color=\u00bbcolor-657965&#8243; overlay_alpha=\u00bb50&#8243; radius=\u00bbxl\u00bb shift_x=\u00bb0&#8243; shift_y=\u00bb0&#8243; shift_y_down=\u00bb0&#8243; z_index=\u00bb0&#8243; medium_width=\u00bb0&#8243; mobile_width=\u00bb0&#8243; css_animation=\u00bbbottom-t-top\u00bb animation_speed=\u00bb1000&#8243; width=\u00bb1\/3&#8243; uncode_shortcode_id=\u00bb519220&#8243; back_color_type=\u00bbuncode-palette\u00bb link_to=\u00bburl:http%3A%2F%2Fes%2Finmigracion-individual%2Forientacion-para-un-proceso-consular-exitoso%2F|title:Guidance%20for%20Successful%20Consular%20Processing\u00bb el_class=\u00bbblock-service\u00bb][vc_custom_heading heading_semantic=\u00bbh3&#8243; text_font=\u00bbfont-184338&#8243; text_weight=\u00bb800&#8243; uncode_shortcode_id=\u00bb440841&#8243;]Procesamiento<br \/>\nConsular[\/vc_custom_heading][vc_empty_space empty_h=\u00bb1&#8243;][vc_custom_heading heading_semantic=\u00bbp\u00bb text_font=\u00bbfont-184338&#8243; text_size=\u00bb\u00bb uncode_shortcode_id=\u00bb149690&#8243;]Para quienes navegan el proceso de visas desde el extranjero, nuestro equipo asegura una experiencia informada y sin contratiempos.[\/vc_custom_heading][\/vc_column][vc_column column_width_percent=\u00bb100&#8243; gutter_size=\u00bb3&#8243; back_color=\u00bbcolor-xsdn\u00bb overlay_alpha=\u00bb50&#8243; radius=\u00bbxl\u00bb shift_x=\u00bb0&#8243; shift_y=\u00bb0&#8243; shift_y_down=\u00bb0&#8243; z_index=\u00bb0&#8243; medium_width=\u00bb0&#8243; mobile_width=\u00bb0&#8243; css_animation=\u00bbbottom-t-top\u00bb animation_speed=\u00bb800&#8243; animation_delay=\u00bb200&#8243; width=\u00bb1\/3&#8243; uncode_shortcode_id=\u00bb203163&#8243; back_color_type=\u00bbuncode-palette\u00bb][\/vc_column][vc_column column_width_percent=\u00bb100&#8243; gutter_size=\u00bb3&#8243; back_color=\u00bbcolor-xsdn\u00bb overlay_alpha=\u00bb50&#8243; radius=\u00bbxl\u00bb shift_x=\u00bb0&#8243; shift_y=\u00bb0&#8243; shift_y_down=\u00bb0&#8243; z_index=\u00bb0&#8243; medium_width=\u00bb0&#8243; mobile_width=\u00bb0&#8243; width=\u00bb1\/3&#8243; uncode_shortcode_id=\u00bb562539&#8243; back_color_type=\u00bbuncode-palette\u00bb][\/vc_column][\/vc_row][vc_row unlock_row_content=\u00bbyes\u00bb row_height_percent=\u00bb90&#8243; override_padding=\u00bbyes\u00bb h_padding=\u00bb0&#8243; top_padding=\u00bb0&#8243; bottom_padding=\u00bb0&#8243; back_color=\u00bbcolor-757112&#8243; overlay_alpha=\u00bb50&#8243; equal_height=\u00bbyes\u00bb gutter_size=\u00bb3&#8243; column_width_percent=\u00bb100&#8243; shift_y=\u00bb0&#8243; z_index=\u00bb0&#8243; content_parallax=\u00bb0&#8243; uncode_shortcode_id=\u00bb210558&#8243; back_color_type=\u00bbuncode-palette\u00bb][vc_column column_width_percent=\u00bb100&#8243; position_vertical=\u00bbmiddle\u00bb gutter_size=\u00bb3&#8243; override_padding=\u00bbyes\u00bb column_padding=\u00bb3&#8243; overlay_alpha=\u00bb50&#8243; shift_x=\u00bb0&#8243; shift_y=\u00bb0&#8243; shift_y_down=\u00bb0&#8243; z_index=\u00bb0&#8243; medium_width=\u00bb0&#8243; mobile_width=\u00bb0&#8243; width=\u00bb1\/2&#8243; uncode_shortcode_id=\u00bb186129&#8243;][vc_custom_heading text_color=\u00bbcolor-657965&#8243; text_font=\u00bbfont-188566&#8243; text_size=\u00bbh1&#8243; css_animation=\u00bbbottom-t-top\u00bb animation_speed=\u00bb1000&#8243; uncode_shortcode_id=\u00bb116983&#8243; text_color_type=\u00bbuncode-palette\u00bb]Soluciones Integrales<br \/>\ny Personalizadas[\/vc_custom_heading][vc_empty_space empty_h=\u00bb1&#8243;][vc_custom_heading text_color=\u00bbcolor-657965&#8243; heading_semantic=\u00bbp\u00bb text_font=\u00bbfont-184338&#8243; text_size=\u00bbh4&#8243; text_weight=\u00bb400&#8243; css_animation=\u00bbbottom-t-top\u00bb animation_speed=\u00bb1000&#8243; animation_delay=\u00bb200&#8243; uncode_shortcode_id=\u00bb603808&#8243; text_color_type=\u00bbuncode-palette\u00bb]Nuestra experiencia abarca todos los aspectos de la inmigraci\u00f3n individual, permiti\u00e9ndonos abordar necesidades espec\u00edficas y obtener resultados efectivos. Con un historial comprobado de casos exitosos, ofrecemos planificaci\u00f3n estrat\u00e9gica, evaluaciones detalladas y representaci\u00f3n compasiva. Desde asegurar visas hasta defenderte contra \u00f3rdenes de deportaci\u00f3n, estamos aqu\u00ed para apoyarte en cada etapa de tu proceso migratorio.[\/vc_custom_heading][\/vc_column][vc_column column_width_percent=\u00bb100&#8243; gutter_size=\u00bb3&#8243; override_padding=\u00bbyes\u00bb column_padding=\u00bb0&#8243; back_image=\u00bb145853&#8243; back_position=\u00bbright bottom\u00bb overlay_alpha=\u00bb50&#8243; shift_x=\u00bb0&#8243; shift_y=\u00bb0&#8243; shift_y_down=\u00bb0&#8243; z_index=\u00bb0&#8243; medium_width=\u00bb0&#8243; mobile_width=\u00bb0&#8243; width=\u00bb1\/2&#8243; uncode_shortcode_id=\u00bb183789&#8243; back_size=\u00bbcover\u00bb][\/vc_column][\/vc_row][vc_row unlock_row_content=\u00bbyes\u00bb row_height_percent=\u00bb90&#8243; override_padding=\u00bbyes\u00bb h_padding=\u00bb0&#8243; top_padding=\u00bb0&#8243; bottom_padding=\u00bb0&#8243; overlay_alpha=\u00bb50&#8243; equal_height=\u00bbyes\u00bb gutter_size=\u00bb3&#8243; column_width_percent=\u00bb100&#8243; shift_y=\u00bb0&#8243; z_index=\u00bb0&#8243; desktop_visibility=\u00bbyes\u00bb medium_visibility=\u00bbyes\u00bb content_parallax=\u00bb0&#8243; uncode_shortcode_id=\u00bb141316&#8243;][vc_column column_width_percent=\u00bb100&#8243; position_vertical=\u00bbmiddle\u00bb gutter_size=\u00bb3&#8243; override_padding=\u00bbyes\u00bb column_padding=\u00bb0&#8243; overlay_alpha=\u00bb50&#8243; shift_x=\u00bb0&#8243; shift_y=\u00bb0&#8243; shift_y_down=\u00bb0&#8243; z_index=\u00bb0&#8243; medium_width=\u00bb0&#8243; mobile_width=\u00bb0&#8243; width=\u00bb1\/1&#8243; uncode_shortcode_id=\u00bb125834&#8243;][vc_single_image media=\u00bb145853&#8243; media_width_percent=\u00bb100&#8243; css_animation=\u00bbalpha-anim\u00bb uncode_shortcode_id=\u00bb198038&#8243;][\/vc_column][\/vc_row][vc_row][vc_column width=\u00bb1\/1&#8243;][uncode_block id=\u00bb146064&#8243;][\/vc_column][\/vc_row]<\/p>\n<\/div>","protected":false},"excerpt":{"rendered":"<p>[vc_row row_height_percent=\u00bb90&#8243; back_image=\u00bb145852&#8243; back_position=\u00bbleft center\u00bb overlay_color=\u00bbcolor-757112&#8243; overlay_alpha=\u00bb79&#8243; equal_height=\u00bbyes\u00bb gutter_size=\u00bb3&#8243; column_width_percent=\u00bb100&#8243; shift_y=\u00bb0&#8243; z_index=\u00bb0&#8243; mobile_visibility=\u00bbyes\u00bb content_parallax=\u00bb0&#8243; uncode_shortcode_id=\u00bb467538&#8243; back_size=\u00bbcover\u00bb overlay_color_type=\u00bbuncode-palette\u00bb][vc_column width=\u00bb1\/2&#8243;][\/vc_column][vc_column column_width_percent=\u00bb100&#8243; position_vertical=\u00bbmiddle\u00bb [&hellip;]<\/p>\n","protected":false},"author":2,"featured_media":0,"parent":0,"menu_order":0,"comment_status":"closed","ping_status":"closed","template":"","meta":{"footnotes":""},"class_list":["post-146086","page","type-page","status-publish","hentry"],"_links":{"self":[{"href":"https:\/\/lgilawyers.com\/es\/wp-json\/wp\/v2\/pages\/146086","targetHints":{"allow":["GET"]}}],"collection":[{"href":"https:\/\/lgilawyers.com\/es\/wp-json\/wp\/v2\/pages"}],"about":[{"href":"https:\/\/lgilawyers.com\/es\/wp-json\/wp\/v2\/types\/page"}],"author":[{"embeddable":true,"href":"https:\/\/lgilawyers.com\/es\/wp-json\/wp\/v2\/users\/2"}],"replies":[{"embeddable":true,"href":"https:\/\/lgilawyers.com\/es\/wp-json\/wp\/v2\/comments?post=146086"}],"version-history":[{"count":5,"href":"https:\/\/lgilawyers.com\/es\/wp-json\/wp\/v2\/pages\/146086\/revisions"}],"predecessor-version":[{"id":146189,"href":"https:\/\/lgilawyers.com\/es\/wp-json\/wp\/v2\/pages\/146086\/revisions\/146189"}],"wp:attachment":[{"href":"https:\/\/lgilawyers.com\/es\/wp-json\/wp\/v2\/media?parent=146086"}],"curies":[{"name":"wp","href":"https:\/\/api.w.org\/{rel}","templated":true}]}}