{"id":146135,"date":"2024-12-01T15:18:56","date_gmt":"2024-12-01T20:18:56","guid":{"rendered":"https:\/\/lgilawyers.com\/?page_id=146135"},"modified":"2024-12-15T09:25:30","modified_gmt":"2024-12-15T14:25:30","slug":"exenciones-migratorias-en-estados-unidos","status":"publish","type":"page","link":"https:\/\/lgilawyers.com\/es\/inmigracion-individual\/exenciones-migratorias-en-estados-unidos\/","title":{"rendered":"Exenciones Migratorias en Estados Unidos"},"content":{"rendered":"<div class=\"wpb-content-wrapper\"><p>[vc_row row_height_percent=\u00bb0&#8243; override_padding=\u00bbyes\u00bb h_padding=\u00bb2&#8243; top_padding=\u00bb7&#8243; bottom_padding=\u00bb7&#8243; back_color=\u00bbcolor-xsdn\u00bb overlay_alpha=\u00bb50&#8243; gutter_size=\u00bb3&#8243; column_width_percent=\u00bb100&#8243; shift_y=\u00bb0&#8243; z_index=\u00bb0&#8243;][vc_column width=\u00bb1\/1&#8243;][vc_custom_heading heading_semantic=\u00bbh1&#8243; text_size=\u00bbfontsize-338686&#8243; text_weight=\u00bb300&#8243; css_animation=\u00bbbottom-t-top\u00bb animation_speed=\u00bb1000&#8243; uncode_shortcode_id=\u00bb208048&#8243;]Exenciones Migratorias en Estados Unidos[\/vc_custom_heading][vc_custom_heading text_color=\u00bbcolor-757112&#8243; text_weight=\u00bb300&#8243; text_height=\u00bbfontheight-357766&#8243; css_animation=\u00bbbottom-t-top\u00bb animation_speed=\u00bb1000&#8243; animation_delay=\u00bb200&#8243; mobile_visibility=\u00bbyes\u00bb uncode_shortcode_id=\u00bb859133&#8243; text_color_type=\u00bbuncode-palette\u00bb]Superando Barreras, Asegurando Oportunidades[\/vc_custom_heading][vc_custom_heading text_color=\u00bbcolor-757112&#8243; heading_semantic=\u00bbp\u00bb text_font=\u00bbfont-184338&#8243; text_size=\u00bbh5&#8243; text_height=\u00bbfontheight-357766&#8243; css_animation=\u00bbbottom-t-top\u00bb animation_speed=\u00bb1000&#8243; animation_delay=\u00bb400&#8243; uncode_shortcode_id=\u00bb105493&#8243; text_color_type=\u00bbuncode-palette\u00bb]Las exenciones migratorias ofrecen un camino crucial para quienes enfrentan problemas de inadmisibilidad y desean entrar o permanecer legalmente en Estados Unidos. En Law Group International, entendemos la complejidad y la carga emocional de estos casos. Ya sea para superar violaciones migratorias previas, condenas penales u otros desaf\u00edos, nuestro equipo experimentado est\u00e1 listo para brindar asistencia legal compasiva y personalizada, ayud\u00e1ndote a reunirte con tus seres queridos y alcanzar tus objetivos.[\/vc_custom_heading][\/vc_column][\/vc_row][vc_row row_height_percent=\u00bb0&#8243; override_padding=\u00bbyes\u00bb h_padding=\u00bb2&#8243; top_padding=\u00bb3&#8243; bottom_padding=\u00bb2&#8243; back_color=\u00bbcolor-757112&#8243; overlay_alpha=\u00bb50&#8243; gutter_size=\u00bb3&#8243; column_width_percent=\u00bb100&#8243; shift_y=\u00bb0&#8243; z_index=\u00bb0&#8243; content_parallax=\u00bb0&#8243; uncode_shortcode_id=\u00bb145755&#8243; back_color_type=\u00bbuncode-palette\u00bb][vc_column width=\u00bb1\/1&#8243;][vc_custom_heading text_color=\u00bbcolor-657965&#8243; css_animation=\u00bbleft-t-right\u00bb animation_speed=\u00bb1000&#8243; uncode_shortcode_id=\u00bb722900&#8243; text_color_type=\u00bbuncode-palette\u00bb]Servicios de Exenciones[\/vc_custom_heading][vc_custom_heading text_color=\u00bbcolor-657965&#8243; heading_semantic=\u00bbp\u00bb text_font=\u00bbfont-184338&#8243; text_size=\u00bb\u00bb css_animation=\u00bbleft-t-right\u00bb animation_speed=\u00bb1000&#8243; animation_delay=\u00bb200&#8243; uncode_shortcode_id=\u00bb366080&#8243; text_color_type=\u00bbuncode-palette\u00bb]Las exenciones abordan problemas espec\u00edficos que, de otro modo, impedir\u00edan a una persona inmigrar o permanecer en Estados Unidos. Ofrecemos apoyo con una amplia gama de exenciones migratorias, incluyendo:[\/vc_custom_heading][\/vc_column][\/vc_row][vc_row row_height_percent=\u00bb0&#8243; back_color=\u00bbcolor-757112&#8243; overlay_alpha=\u00bb50&#8243; equal_height=\u00bbyes\u00bb gutter_size=\u00bb3&#8243; column_width_percent=\u00bb100&#8243; shift_y=\u00bb0&#8243; z_index=\u00bb0&#8243; content_parallax=\u00bb0&#8243; uncode_shortcode_id=\u00bb205810&#8243; back_color_type=\u00bbuncode-palette\u00bb][vc_column column_width_percent=\u00bb100&#8243; gutter_size=\u00bb2&#8243; back_color=\u00bbcolor-657965&#8243; overlay_alpha=\u00bb50&#8243; radius=\u00bbxl\u00bb shift_x=\u00bb0&#8243; shift_y=\u00bb0&#8243; shift_y_down=\u00bb0&#8243; z_index=\u00bb0&#8243; medium_width=\u00bb0&#8243; mobile_width=\u00bb0&#8243; css_animation=\u00bbbottom-t-top\u00bb animation_speed=\u00bb800&#8243; width=\u00bb1\/3&#8243; uncode_shortcode_id=\u00bb132437&#8243; back_color_type=\u00bbuncode-palette\u00bb][vc_custom_heading heading_semantic=\u00bbh3&#8243; text_font=\u00bbfont-184338&#8243; text_size=\u00bbh4&#8243; text_weight=\u00bb800&#8243; uncode_shortcode_id=\u00bb161197&#8243;]Exenci\u00f3n I-601<br \/>\n(Motivos de Inadmisibilidad)[\/vc_custom_heading][vc_empty_space empty_h=\u00bb1&#8243;][vc_custom_heading heading_semantic=\u00bbp\u00bb text_font=\u00bbfont-184338&#8243; text_size=\u00bb\u00bb uncode_shortcode_id=\u00bb180027&#8243;]Para personas inadmisibles debido a problemas de salud, actividad delictiva o violaciones migratorias. Esta exenci\u00f3n requiere demostrar que la negaci\u00f3n resultar\u00eda en una \u00abdificultad extrema\u00bb para un familiar ciudadano estadounidense o residente permanente legal.[\/vc_custom_heading][\/vc_column][vc_column column_width_percent=\u00bb100&#8243; gutter_size=\u00bb3&#8243; back_color=\u00bbcolor-657965&#8243; overlay_alpha=\u00bb50&#8243; radius=\u00bbxl\u00bb shift_x=\u00bb0&#8243; shift_y=\u00bb0&#8243; shift_y_down=\u00bb0&#8243; z_index=\u00bb0&#8243; medium_width=\u00bb0&#8243; mobile_width=\u00bb0&#8243; css_animation=\u00bbbottom-t-top\u00bb animation_speed=\u00bb800&#8243; animation_delay=\u00bb200&#8243; width=\u00bb1\/3&#8243; uncode_shortcode_id=\u00bb120472&#8243; back_color_type=\u00bbuncode-palette\u00bb][vc_custom_heading heading_semantic=\u00bbh3&#8243; text_font=\u00bbfont-184338&#8243; text_size=\u00bbh4&#8243; text_weight=\u00bb800&#8243; uncode_shortcode_id=\u00bb148158&#8243;]Exenci\u00f3n I-601A<br \/>\n(Presencia Ilegal Provisional)[\/vc_custom_heading][vc_empty_space empty_h=\u00bb1&#8243;][vc_custom_heading heading_semantic=\u00bbp\u00bb text_font=\u00bbfont-184338&#8243; text_size=\u00bb\u00bb uncode_shortcode_id=\u00bb895174&#8243;]Dise\u00f1ada para personas inadmisibles por presencia ilegal superior a 180 d\u00edas en Estados Unidos. Permite a los solicitantes elegibles obtener la exenci\u00f3n antes de salir del pa\u00eds para su entrevista consular, minimizando el tiempo de separaci\u00f3n familiar.[\/vc_custom_heading][\/vc_column][vc_column column_width_percent=\u00bb100&#8243; gutter_size=\u00bb3&#8243; back_color=\u00bbcolor-657965&#8243; overlay_alpha=\u00bb50&#8243; radius=\u00bbxl\u00bb shift_x=\u00bb0&#8243; shift_y=\u00bb0&#8243; shift_y_down=\u00bb0&#8243; z_index=\u00bb0&#8243; medium_width=\u00bb0&#8243; mobile_width=\u00bb0&#8243; css_animation=\u00bbbottom-t-top\u00bb animation_speed=\u00bb1000&#8243; animation_delay=\u00bb400&#8243; width=\u00bb1\/3&#8243; uncode_shortcode_id=\u00bb373755&#8243; back_color_type=\u00bbuncode-palette\u00bb][vc_custom_heading heading_semantic=\u00bbh3&#8243; text_font=\u00bbfont-184338&#8243; text_size=\u00bbh4&#8243; text_weight=\u00bb800&#8243; uncode_shortcode_id=\u00bb216266&#8243;]Exenci\u00f3n I-212 (Permiso para<br \/>\nVolver a Solicitar Admisi\u00f3n)[\/vc_custom_heading][vc_empty_space empty_h=\u00bb1&#8243;][vc_custom_heading heading_semantic=\u00bbp\u00bb text_font=\u00bbfont-184338&#8243; text_size=\u00bb\u00bb uncode_shortcode_id=\u00bb207352&#8243;]Para personas previamente removidas o deportadas, esta exenci\u00f3n permite solicitar permiso para reingresar legalmente a Estados Unidos.[\/vc_custom_heading][\/vc_column][\/vc_row][vc_row row_height_percent=\u00bb0&#8243; back_color=\u00bbcolor-757112&#8243; overlay_alpha=\u00bb50&#8243; equal_height=\u00bbyes\u00bb gutter_size=\u00bb3&#8243; column_width_percent=\u00bb100&#8243; shift_y=\u00bb0&#8243; z_index=\u00bb0&#8243; content_parallax=\u00bb0&#8243; uncode_shortcode_id=\u00bb205810&#8243; back_color_type=\u00bbuncode-palette\u00bb][vc_column column_width_percent=\u00bb100&#8243; gutter_size=\u00bb2&#8243; back_color=\u00bbcolor-657965&#8243; overlay_alpha=\u00bb50&#8243; radius=\u00bbxl\u00bb shift_x=\u00bb0&#8243; shift_y=\u00bb0&#8243; shift_y_down=\u00bb0&#8243; z_index=\u00bb0&#8243; medium_width=\u00bb0&#8243; mobile_width=\u00bb0&#8243; css_animation=\u00bbbottom-t-top\u00bb animation_speed=\u00bb800&#8243; width=\u00bb1\/3&#8243; uncode_shortcode_id=\u00bb132437&#8243; back_color_type=\u00bbuncode-palette\u00bb][vc_custom_heading heading_semantic=\u00bbh3&#8243; text_font=\u00bbfont-184338&#8243; text_size=\u00bbh4&#8243; text_weight=\u00bb800&#8243; uncode_shortcode_id=\u00bb185768&#8243;]Exenciones por Motivos<br \/>\nPenales de Inadmisibilidad [\/vc_custom_heading][vc_empty_space empty_h=\u00bb1&#8243;][vc_custom_heading heading_semantic=\u00bbp\u00bb text_font=\u00bbfont-184338&#8243; text_size=\u00bb\u00bb uncode_shortcode_id=\u00bb205728&#8243;]Para personas con condenas penales, estas exenciones pueden estar disponibles al demostrar rehabilitaci\u00f3n o que la negaci\u00f3n de la solicitud causar\u00eda dificultades extremas a un familiar elegible.[\/vc_custom_heading][\/vc_column][vc_column column_width_percent=\u00bb100&#8243; gutter_size=\u00bb3&#8243; back_color=\u00bbcolor-657965&#8243; overlay_alpha=\u00bb50&#8243; radius=\u00bbxl\u00bb shift_x=\u00bb0&#8243; shift_y=\u00bb0&#8243; shift_y_down=\u00bb0&#8243; z_index=\u00bb0&#8243; medium_width=\u00bb0&#8243; mobile_width=\u00bb0&#8243; css_animation=\u00bbbottom-t-top\u00bb animation_speed=\u00bb800&#8243; animation_delay=\u00bb200&#8243; width=\u00bb1\/3&#8243; uncode_shortcode_id=\u00bb120472&#8243; back_color_type=\u00bbuncode-palette\u00bb][vc_custom_heading heading_semantic=\u00bbh3&#8243; text_font=\u00bbfont-184338&#8243; text_size=\u00bbh4&#8243; text_weight=\u00bb800&#8243; uncode_shortcode_id=\u00bb142501&#8243;]Exenci\u00f3n de la<br \/>\nVisa J-1[\/vc_custom_heading][vc_empty_space empty_h=\u00bb1&#8243;][vc_custom_heading heading_semantic=\u00bbp\u00bb text_font=\u00bbfont-184338&#8243; text_size=\u00bb\u00bb uncode_shortcode_id=\u00bb799044&#8243;]Para titulares de visas J-1 sujetos al requisito de residencia de dos a\u00f1os, esta exenci\u00f3n puede concederse en casos de dificultad extrema, temor a persecuci\u00f3n o inter\u00e9s del gobierno de EE. UU. en retener al solicitante.[\/vc_custom_heading][\/vc_column][vc_column column_width_percent=\u00bb100&#8243; gutter_size=\u00bb3&#8243; overlay_alpha=\u00bb50&#8243; radius=\u00bbxl\u00bb shift_x=\u00bb0&#8243; shift_y=\u00bb0&#8243; shift_y_down=\u00bb0&#8243; z_index=\u00bb0&#8243; medium_width=\u00bb0&#8243; mobile_width=\u00bb0&#8243; css_animation=\u00bbbottom-t-top\u00bb animation_speed=\u00bb1000&#8243; animation_delay=\u00bb400&#8243; width=\u00bb1\/3&#8243; uncode_shortcode_id=\u00bb152365&#8243;][\/vc_column][\/vc_row][vc_row row_height_percent=\u00bb0&#8243; override_padding=\u00bbyes\u00bb h_padding=\u00bb2&#8243; top_padding=\u00bb3&#8243; bottom_padding=\u00bb3&#8243; back_color=\u00bbcolor-xsdn\u00bb overlay_alpha=\u00bb50&#8243; gutter_size=\u00bb3&#8243; column_width_percent=\u00bb100&#8243; shift_y=\u00bb0&#8243; z_index=\u00bb0&#8243; content_parallax=\u00bb0&#8243; uncode_shortcode_id=\u00bb156324&#8243; back_color_type=\u00bbuncode-palette\u00bb][vc_column width=\u00bb1\/1&#8243;][vc_custom_heading text_size=\u00bbh1&#8243; css_animation=\u00bbleft-t-right\u00bb animation_speed=\u00bb1000&#8243; uncode_shortcode_id=\u00bb210902&#8243;]\u00bfPor Qu\u00e9 las Exenciones son Importantes?[\/vc_custom_heading][vc_custom_heading text_size=\u00bbh3&#8243; text_weight=\u00bb400&#8243; css_animation=\u00bbleft-t-right\u00bb animation_speed=\u00bb1000&#8243; uncode_shortcode_id=\u00bb862313&#8243;]Caminos Hacia un Futuro Mejor[\/vc_custom_heading][vc_custom_heading heading_semantic=\u00bbp\u00bb text_font=\u00bbfont-184338&#8243; text_size=\u00bb\u00bb css_animation=\u00bbleft-t-right\u00bb animation_speed=\u00bb1000&#8243; animation_delay=\u00bb200&#8243; uncode_shortcode_id=\u00bb140607&#8243;]Las exenciones migratorias ofrecen una oportunidad para superar obst\u00e1culos significativos, permitiendo a las familias reunirse y a las personas buscar oportunidades en Estados Unidos. Cada caso es \u00fanico, y los criterios de elegibilidad y requisitos de documentaci\u00f3n pueden ser complejos. Con nuestra experiencia, garantizamos que tu solicitud sea s\u00f3lida y cumpla con todos los est\u00e1ndares legales necesarios.[\/vc_custom_heading][\/vc_column][\/vc_row][vc_row unlock_row_content=\u00bbyes\u00bb row_height_percent=\u00bb90&#8243; override_padding=\u00bbyes\u00bb h_padding=\u00bb0&#8243; top_padding=\u00bb0&#8243; bottom_padding=\u00bb0&#8243; back_color=\u00bbcolor-657965&#8243; overlay_alpha=\u00bb50&#8243; equal_height=\u00bbyes\u00bb gutter_size=\u00bb3&#8243; column_width_percent=\u00bb100&#8243; shift_y=\u00bb0&#8243; z_index=\u00bb0&#8243; content_parallax=\u00bb0&#8243; uncode_shortcode_id=\u00bb439870&#8243; back_color_type=\u00bbuncode-palette\u00bb][vc_column column_width_percent=\u00bb100&#8243; position_vertical=\u00bbmiddle\u00bb gutter_size=\u00bb3&#8243; override_padding=\u00bbyes\u00bb column_padding=\u00bb3&#8243; overlay_alpha=\u00bb50&#8243; shift_x=\u00bb0&#8243; shift_y=\u00bb0&#8243; shift_y_down=\u00bb0&#8243; z_index=\u00bb0&#8243; medium_width=\u00bb0&#8243; mobile_width=\u00bb0&#8243; width=\u00bb1\/2&#8243; uncode_shortcode_id=\u00bb186129&#8243;][vc_custom_heading text_color=\u00bbcolor-757112&#8243; text_font=\u00bbfont-188566&#8243; text_size=\u00bbh1&#8243; css_animation=\u00bbbottom-t-top\u00bb animation_speed=\u00bb1000&#8243; uncode_shortcode_id=\u00bb813706&#8243; text_color_type=\u00bbuncode-palette\u00bb]Nuestro Enfoque[\/vc_custom_heading][vc_custom_heading heading_semantic=\u00bbp\u00bb text_size=\u00bbh3&#8243; text_weight=\u00bb400&#8243; css_animation=\u00bbleft-t-right\u00bb animation_speed=\u00bb1000&#8243; uncode_shortcode_id=\u00bb845229&#8243;]Orientaci\u00f3n Estrat\u00e9gica para Casos Complejos[\/vc_custom_heading][vc_custom_heading text_color=\u00bbcolor-757112&#8243; heading_semantic=\u00bbp\u00bb text_font=\u00bbfont-184338&#8243; text_size=\u00bb\u00bb text_weight=\u00bb400&#8243; css_animation=\u00bbbottom-t-top\u00bb animation_speed=\u00bb1000&#8243; animation_delay=\u00bb200&#8243; uncode_shortcode_id=\u00bb123283&#8243; text_color_type=\u00bbuncode-palette\u00bb]Navegar por el proceso de exenciones requiere un enfoque meticuloso y un profundo conocimiento de la ley de inmigraci\u00f3n. Nuestro proceso incluye:<\/p>\n<ul>\n<li><strong>An\u00e1lisis Integral del Caso:<\/strong> Revisamos tu situaci\u00f3n para determinar <strong>elegibilidad<\/strong> e identificar la opci\u00f3n de exenci\u00f3n m\u00e1s efectiva.<\/li>\n<li><strong>Apoyo en la Documentaci\u00f3n:<\/strong> Desde la recopilaci\u00f3n de pruebas de dificultad extrema hasta la preparaci\u00f3n de argumentos legales, aseguramos que cada aspecto de tu solicitud sea completo y convincente.<\/li>\n<li><strong>Defensa Personalizada:<\/strong> Te acompa\u00f1amos en todo el proceso, brindando actualizaciones, respondiendo preguntas y asegur\u00e1ndonos de que est\u00e9s completamente informado.<\/li>\n<\/ul>\n<p>[\/vc_custom_heading][\/vc_column][vc_column column_width_percent=\u00bb100&#8243; gutter_size=\u00bb3&#8243; override_padding=\u00bbyes\u00bb column_padding=\u00bb0&#8243; back_image=\u00bb145925&#8243; back_position=\u00bbcenter top\u00bb overlay_alpha=\u00bb50&#8243; shift_x=\u00bb0&#8243; shift_y=\u00bb0&#8243; shift_y_down=\u00bb0&#8243; z_index=\u00bb0&#8243; medium_width=\u00bb0&#8243; mobile_width=\u00bb0&#8243; width=\u00bb1\/2&#8243; uncode_shortcode_id=\u00bb157601&#8243; back_size=\u00bbcover\u00bb][\/vc_column][\/vc_row][vc_row unlock_row_content=\u00bbyes\u00bb row_height_percent=\u00bb90&#8243; override_padding=\u00bbyes\u00bb h_padding=\u00bb0&#8243; top_padding=\u00bb0&#8243; bottom_padding=\u00bb0&#8243; overlay_alpha=\u00bb50&#8243; equal_height=\u00bbyes\u00bb gutter_size=\u00bb3&#8243; column_width_percent=\u00bb100&#8243; shift_y=\u00bb0&#8243; z_index=\u00bb0&#8243; desktop_visibility=\u00bbyes\u00bb medium_visibility=\u00bbyes\u00bb content_parallax=\u00bb0&#8243; uncode_shortcode_id=\u00bb141316&#8243;][vc_column column_width_percent=\u00bb100&#8243; position_vertical=\u00bbmiddle\u00bb gutter_size=\u00bb3&#8243; override_padding=\u00bbyes\u00bb column_padding=\u00bb0&#8243; overlay_alpha=\u00bb50&#8243; shift_x=\u00bb0&#8243; shift_y=\u00bb0&#8243; shift_y_down=\u00bb0&#8243; z_index=\u00bb0&#8243; medium_width=\u00bb0&#8243; mobile_width=\u00bb0&#8243; width=\u00bb1\/1&#8243; uncode_shortcode_id=\u00bb125834&#8243;][vc_single_image media=\u00bb145925&#8243; media_width_percent=\u00bb100&#8243; css_animation=\u00bbalpha-anim\u00bb uncode_shortcode_id=\u00bb116357&#8243;][\/vc_column][\/vc_row][vc_row row_height_percent=\u00bb0&#8243; override_padding=\u00bbyes\u00bb h_padding=\u00bb2&#8243; top_padding=\u00bb5&#8243; bottom_padding=\u00bb5&#8243; back_color=\u00bbcolor-757112&#8243; overlay_alpha=\u00bb50&#8243; equal_height=\u00bbyes\u00bb gutter_size=\u00bb3&#8243; column_width_percent=\u00bb100&#8243; shift_y=\u00bb0&#8243; z_index=\u00bb0&#8243; bottom_divider=\u00bbgradient\u00bb content_parallax=\u00bb0&#8243; uncode_shortcode_id=\u00bb307738&#8243; back_color_type=\u00bbuncode-palette\u00bb][vc_column column_width_percent=\u00bb100&#8243; gutter_size=\u00bb3&#8243; overlay_alpha=\u00bb50&#8243; shift_x=\u00bb0&#8243; shift_y=\u00bb0&#8243; shift_y_down=\u00bb0&#8243; z_index=\u00bb0&#8243; medium_width=\u00bb3&#8243; mobile_width=\u00bb0&#8243; width=\u00bb4\/12&#8243; uncode_shortcode_id=\u00bb151875&#8243;][vc_custom_heading text_color=\u00bbcolor-657965&#8243; text_size=\u00bbh1&#8243; text_weight=\u00bb500&#8243; text_height=\u00bbfontheight-357766&#8243; css_animation=\u00bbleft-t-right\u00bb animation_speed=\u00bb1000&#8243; uncode_shortcode_id=\u00bb319972&#8243; text_color_type=\u00bbuncode-palette\u00bb]Casos de \u00c9xito[\/vc_custom_heading][vc_custom_heading text_color=\u00bbcolor-657965&#8243; heading_semantic=\u00bbp\u00bb text_size=\u00bbh4&#8243; text_weight=\u00bb400&#8243; css_animation=\u00bbleft-t-right\u00bb animation_speed=\u00bb1000&#8243; animation_delay=\u00bb200&#8243; uncode_shortcode_id=\u00bb182313&#8243; text_color_type=\u00bbuncode-palette\u00bb]Transformando Desaf\u00edos en Oportunidades[\/vc_custom_heading][\/vc_column][vc_column column_width_percent=\u00bb100&#8243; position_vertical=\u00bbmiddle\u00bb gutter_size=\u00bb3&#8243; overlay_alpha=\u00bb50&#8243; shift_x=\u00bb0&#8243; shift_y=\u00bb0&#8243; shift_y_down=\u00bb0&#8243; z_index=\u00bb0&#8243; medium_width=\u00bb5&#8243; mobile_width=\u00bb0&#8243; width=\u00bb8\/12&#8243; uncode_shortcode_id=\u00bb790789&#8243;][vc_custom_heading text_color=\u00bbcolor-657965&#8243; heading_semantic=\u00bbp\u00bb text_font=\u00bbfont-184338&#8243; text_size=\u00bbh5&#8243; css_animation=\u00bbalpha-anim\u00bb uncode_shortcode_id=\u00bb406958&#8243; text_color_type=\u00bbuncode-palette\u00bb]Uno de nuestros clientes, que enfrentaba inadmisibilidad por una remoci\u00f3n previa, obtuvo con \u00e9xito una Exenci\u00f3n I-212 con nuestra ayuda. Al presentar evidencia convincente de dificultades extremas y construir un caso s\u00f3lido, logramos que pudiera reingresar a Estados Unidos y reunirse con su familia, asegurando un futuro mejor.[\/vc_custom_heading][\/vc_column][\/vc_row][vc_row][vc_column width=\u00bb1\/1&#8243;][uncode_block id=\u00bb146123&#8243;][\/vc_column][\/vc_row]<\/p>\n<\/div>","protected":false},"excerpt":{"rendered":"<p>[vc_row row_height_percent=\u00bb0&#8243; override_padding=\u00bbyes\u00bb h_padding=\u00bb2&#8243; top_padding=\u00bb7&#8243; bottom_padding=\u00bb7&#8243; back_color=\u00bbcolor-xsdn\u00bb overlay_alpha=\u00bb50&#8243; gutter_size=\u00bb3&#8243; column_width_percent=\u00bb100&#8243; shift_y=\u00bb0&#8243; z_index=\u00bb0&#8243;][vc_column width=\u00bb1\/1&#8243;][vc_custom_heading heading_semantic=\u00bbh1&#8243; text_size=\u00bbfontsize-338686&#8243; text_weight=\u00bb300&#8243; css_animation=\u00bbbottom-t-top\u00bb animation_speed=\u00bb1000&#8243; uncode_shortcode_id=\u00bb208048&#8243;]Exenciones Migratorias [&hellip;]<\/p>\n","protected":false},"author":2,"featured_media":0,"parent":146086,"menu_order":0,"comment_status":"closed","ping_status":"closed","template":"","meta":{"footnotes":""},"class_list":["post-146135","page","type-page","status-publish","hentry"],"_links":{"self":[{"href":"https:\/\/lgilawyers.com\/es\/wp-json\/wp\/v2\/pages\/146135","targetHints":{"allow":["GET"]}}],"collection":[{"href":"https:\/\/lgilawyers.com\/es\/wp-json\/wp\/v2\/pages"}],"about":[{"href":"https:\/\/lgilawyers.com\/es\/wp-json\/wp\/v2\/types\/page"}],"author":[{"embeddable":true,"href":"https:\/\/lgilawyers.com\/es\/wp-json\/wp\/v2\/users\/2"}],"replies":[{"embeddable":true,"href":"https:\/\/lgilawyers.com\/es\/wp-json\/wp\/v2\/comments?post=146135"}],"version-history":[{"count":2,"href":"https:\/\/lgilawyers.com\/es\/wp-json\/wp\/v2\/pages\/146135\/revisions"}],"predecessor-version":[{"id":146137,"href":"https:\/\/lgilawyers.com\/es\/wp-json\/wp\/v2\/pages\/146135\/revisions\/146137"}],"up":[{"embeddable":true,"href":"https:\/\/lgilawyers.com\/es\/wp-json\/wp\/v2\/pages\/146086"}],"wp:attachment":[{"href":"https:\/\/lgilawyers.com\/es\/wp-json\/wp\/v2\/media?parent=146135"}],"curies":[{"name":"wp","href":"https:\/\/api.w.org\/{rel}","templated":true}]}}