{"id":146138,"date":"2024-12-01T15:26:58","date_gmt":"2024-12-01T20:26:58","guid":{"rendered":"https:\/\/lgilawyers.com\/?page_id=146138"},"modified":"2024-12-15T09:33:43","modified_gmt":"2024-12-15T14:33:43","slug":"asistencia-paso-a-paso-para-solicitudes-de-ciudadania-estadounidense","status":"publish","type":"page","link":"https:\/\/lgilawyers.com\/es\/inmigracion-individual\/asistencia-paso-a-paso-para-solicitudes-de-ciudadania-estadounidense\/","title":{"rendered":"Asistencia Paso a Paso para Solicitudes de Ciudadan\u00eda Estadounidense"},"content":{"rendered":"<div class=\"wpb-content-wrapper\"><p>[vc_row row_height_percent=\u00bb0&#8243; override_padding=\u00bbyes\u00bb h_padding=\u00bb2&#8243; top_padding=\u00bb7&#8243; bottom_padding=\u00bb7&#8243; back_color=\u00bbcolor-xsdn\u00bb overlay_alpha=\u00bb50&#8243; gutter_size=\u00bb3&#8243; column_width_percent=\u00bb100&#8243; shift_y=\u00bb0&#8243; z_index=\u00bb0&#8243;][vc_column width=\u00bb1\/1&#8243;][vc_custom_heading heading_semantic=\u00bbh1&#8243; text_size=\u00bbfontsize-338686&#8243; text_weight=\u00bb300&#8243; css_animation=\u00bbbottom-t-top\u00bb animation_speed=\u00bb1000&#8243; uncode_shortcode_id=\u00bb203822&#8243;]Asistencia Paso a Paso para<br \/>\nSolicitudes de Ciudadan\u00eda Estadounidense [\/vc_custom_heading][vc_custom_heading text_color=\u00bbcolor-757112&#8243; text_weight=\u00bb300&#8243; text_height=\u00bbfontheight-357766&#8243; css_animation=\u00bbbottom-t-top\u00bb animation_speed=\u00bb1000&#8243; animation_delay=\u00bb200&#8243; mobile_visibility=\u00bbyes\u00bb uncode_shortcode_id=\u00bb430715&#8243; text_color_type=\u00bbuncode-palette\u00bb]Un Hito en tu Camino Migratorio[\/vc_custom_heading][vc_custom_heading text_color=\u00bbcolor-757112&#8243; heading_semantic=\u00bbp\u00bb text_font=\u00bbfont-184338&#8243; text_size=\u00bbh5&#8243; text_height=\u00bbfontheight-357766&#8243; css_animation=\u00bbbottom-t-top\u00bb animation_speed=\u00bb1000&#8243; animation_delay=\u00bb400&#8243; uncode_shortcode_id=\u00bb283014&#8243; text_color_type=\u00bbuncode-palette\u00bb]Convertirse en ciudadano estadounidense es uno de los logros m\u00e1s importantes para los inmigrantes, simbolizando seguridad, oportunidades y pertenencia. Sin embargo, el proceso puede ser complejo, especialmente para quienes tienen antecedentes migratorios complicados. En Law Group International, ofrecemos la experiencia y el apoyo personalizado necesarios para guiarte durante el proceso de naturalizaci\u00f3n y ayudarte a alcanzar tu meta de obtener la ciudadan\u00eda estadounidense.[\/vc_custom_heading][\/vc_column][\/vc_row][vc_row row_height_percent=\u00bb0&#8243; override_padding=\u00bbyes\u00bb h_padding=\u00bb2&#8243; top_padding=\u00bb3&#8243; bottom_padding=\u00bb2&#8243; back_color=\u00bbcolor-757112&#8243; overlay_alpha=\u00bb50&#8243; gutter_size=\u00bb3&#8243; column_width_percent=\u00bb100&#8243; shift_y=\u00bb0&#8243; z_index=\u00bb0&#8243; content_parallax=\u00bb0&#8243; uncode_shortcode_id=\u00bb145755&#8243; back_color_type=\u00bbuncode-palette\u00bb][vc_column width=\u00bb1\/1&#8243;][vc_custom_heading text_color=\u00bbcolor-657965&#8243; css_animation=\u00bbleft-t-right\u00bb animation_speed=\u00bb1000&#8243; uncode_shortcode_id=\u00bb173521&#8243; text_color_type=\u00bbuncode-palette\u00bb]Servicios de Ciudadan\u00eda[\/vc_custom_heading][vc_custom_heading text_color=\u00bbcolor-657965&#8243; heading_semantic=\u00bbp\u00bb text_font=\u00bbfont-184338&#8243; text_size=\u00bb\u00bb css_animation=\u00bbleft-t-right\u00bb animation_speed=\u00bb1000&#8243; animation_delay=\u00bb200&#8243; uncode_shortcode_id=\u00bb442006&#8243; text_color_type=\u00bbuncode-palette\u00bb]Nuestros servicios est\u00e1n dise\u00f1ados para abordar todos los aspectos del proceso de naturalizaci\u00f3n, incluyendo:[\/vc_custom_heading][\/vc_column][\/vc_row][vc_row row_height_percent=\u00bb0&#8243; back_color=\u00bbcolor-757112&#8243; overlay_alpha=\u00bb50&#8243; equal_height=\u00bbyes\u00bb gutter_size=\u00bb3&#8243; column_width_percent=\u00bb100&#8243; shift_y=\u00bb0&#8243; z_index=\u00bb0&#8243; content_parallax=\u00bb0&#8243; uncode_shortcode_id=\u00bb205810&#8243; back_color_type=\u00bbuncode-palette\u00bb][vc_column column_width_percent=\u00bb100&#8243; gutter_size=\u00bb2&#8243; back_color=\u00bbcolor-657965&#8243; overlay_alpha=\u00bb50&#8243; radius=\u00bbxl\u00bb shift_x=\u00bb0&#8243; shift_y=\u00bb0&#8243; shift_y_down=\u00bb0&#8243; z_index=\u00bb0&#8243; medium_width=\u00bb0&#8243; mobile_width=\u00bb0&#8243; css_animation=\u00bbbottom-t-top\u00bb animation_speed=\u00bb800&#8243; width=\u00bb1\/3&#8243; uncode_shortcode_id=\u00bb132437&#8243; back_color_type=\u00bbuncode-palette\u00bb][vc_custom_heading heading_semantic=\u00bbh3&#8243; text_font=\u00bbfont-184338&#8243; text_size=\u00bbh4&#8243; text_weight=\u00bb800&#8243; uncode_shortcode_id=\u00bb594989&#8243;]Solicitudes de<br \/>\nNaturalizaci\u00f3n[\/vc_custom_heading][vc_empty_space empty_h=\u00bb1&#8243;][vc_custom_heading heading_semantic=\u00bbp\u00bb text_font=\u00bbfont-184338&#8243; text_size=\u00bb\u00bb uncode_shortcode_id=\u00bb183985&#8243;]Asistimos en la compleci\u00f3n y presentaci\u00f3n del Formulario N-400, asegurando el cumplimiento total de los requisitos de elegibilidad.[\/vc_custom_heading][\/vc_column][vc_column column_width_percent=\u00bb100&#8243; gutter_size=\u00bb3&#8243; back_color=\u00bbcolor-657965&#8243; overlay_alpha=\u00bb50&#8243; radius=\u00bbxl\u00bb shift_x=\u00bb0&#8243; shift_y=\u00bb0&#8243; shift_y_down=\u00bb0&#8243; z_index=\u00bb0&#8243; medium_width=\u00bb0&#8243; mobile_width=\u00bb0&#8243; css_animation=\u00bbbottom-t-top\u00bb animation_speed=\u00bb800&#8243; animation_delay=\u00bb200&#8243; width=\u00bb1\/3&#8243; uncode_shortcode_id=\u00bb120472&#8243; back_color_type=\u00bbuncode-palette\u00bb][vc_custom_heading heading_semantic=\u00bbh3&#8243; text_font=\u00bbfont-184338&#8243; text_size=\u00bbh4&#8243; text_weight=\u00bb800&#8243; uncode_shortcode_id=\u00bb371721&#8243;]Atenci\u00f3n a Historial Criminal<br \/>\no Complicaciones Migratorias[\/vc_custom_heading][vc_empty_space empty_h=\u00bb1&#8243;][vc_custom_heading heading_semantic=\u00bbp\u00bb text_font=\u00bbfont-184338&#8243; text_size=\u00bb\u00bb uncode_shortcode_id=\u00bb797146&#8243;]Si tienes antecedentes migratorios o registros penales, evaluamos tu caso cuidadosamente para identificar riesgos potenciales y encontrar soluciones legales.[\/vc_custom_heading][\/vc_column][vc_column column_width_percent=\u00bb100&#8243; gutter_size=\u00bb3&#8243; back_color=\u00bbcolor-657965&#8243; overlay_alpha=\u00bb50&#8243; radius=\u00bbxl\u00bb shift_x=\u00bb0&#8243; shift_y=\u00bb0&#8243; shift_y_down=\u00bb0&#8243; z_index=\u00bb0&#8243; medium_width=\u00bb0&#8243; mobile_width=\u00bb0&#8243; css_animation=\u00bbbottom-t-top\u00bb animation_speed=\u00bb1000&#8243; animation_delay=\u00bb400&#8243; width=\u00bb1\/3&#8243; uncode_shortcode_id=\u00bb373755&#8243; back_color_type=\u00bbuncode-palette\u00bb][vc_custom_heading heading_semantic=\u00bbh3&#8243; text_font=\u00bbfont-184338&#8243; text_size=\u00bbh4&#8243; text_weight=\u00bb800&#8243; uncode_shortcode_id=\u00bb128896&#8243;]Ciudadan\u00eda<br \/>\nDerivada[\/vc_custom_heading][vc_empty_space empty_h=\u00bb1&#8243;][vc_custom_heading heading_semantic=\u00bbp\u00bb text_font=\u00bbfont-184338&#8243; text_size=\u00bb\u00bb uncode_shortcode_id=\u00bb200315&#8243;]Algunas personas pueden ser ya ciudadanos estadounidenses a trav\u00e9s de la ciudadan\u00eda derivada sin saberlo. Evaluamos y confirmamos la elegibilidad bajo esta categor\u00eda.[\/vc_custom_heading][\/vc_column][\/vc_row][vc_row row_height_percent=\u00bb0&#8243; back_color=\u00bbcolor-757112&#8243; overlay_alpha=\u00bb50&#8243; equal_height=\u00bbyes\u00bb gutter_size=\u00bb3&#8243; column_width_percent=\u00bb100&#8243; shift_y=\u00bb0&#8243; z_index=\u00bb0&#8243; content_parallax=\u00bb0&#8243; uncode_shortcode_id=\u00bb205810&#8243; back_color_type=\u00bbuncode-palette\u00bb][vc_column column_width_percent=\u00bb100&#8243; gutter_size=\u00bb2&#8243; back_color=\u00bbcolor-657965&#8243; overlay_alpha=\u00bb50&#8243; radius=\u00bbxl\u00bb shift_x=\u00bb0&#8243; shift_y=\u00bb0&#8243; shift_y_down=\u00bb0&#8243; z_index=\u00bb0&#8243; medium_width=\u00bb0&#8243; mobile_width=\u00bb0&#8243; css_animation=\u00bbbottom-t-top\u00bb animation_speed=\u00bb800&#8243; width=\u00bb1\/3&#8243; uncode_shortcode_id=\u00bb132437&#8243; back_color_type=\u00bbuncode-palette\u00bb][vc_custom_heading heading_semantic=\u00bbh3&#8243; text_font=\u00bbfont-184338&#8243; text_size=\u00bbh4&#8243; text_weight=\u00bb800&#8243; uncode_shortcode_id=\u00bb908528&#8243;]Exenciones para los<br \/>\nEx\u00e1menes de Ciudadan\u00eda[\/vc_custom_heading][vc_empty_space empty_h=\u00bb1&#8243;][vc_custom_heading heading_semantic=\u00bbp\u00bb text_font=\u00bbfont-184338&#8243; text_size=\u00bb\u00bb uncode_shortcode_id=\u00bb130822&#8243;]Para quienes enfrentan dificultades con el examen de ciudadan\u00eda debido a edad o discapacidad, ofrecemos asistencia para solicitar exenciones o ajustes razonables.[\/vc_custom_heading][\/vc_column][vc_column column_width_percent=\u00bb100&#8243; gutter_size=\u00bb3&#8243; back_color=\u00bbcolor-657965&#8243; overlay_alpha=\u00bb50&#8243; radius=\u00bbxl\u00bb shift_x=\u00bb0&#8243; shift_y=\u00bb0&#8243; shift_y_down=\u00bb0&#8243; z_index=\u00bb0&#8243; medium_width=\u00bb0&#8243; mobile_width=\u00bb0&#8243; css_animation=\u00bbbottom-t-top\u00bb animation_speed=\u00bb800&#8243; animation_delay=\u00bb200&#8243; width=\u00bb1\/3&#8243; uncode_shortcode_id=\u00bb120472&#8243; back_color_type=\u00bbuncode-palette\u00bb][vc_custom_heading heading_semantic=\u00bbh3&#8243; text_font=\u00bbfont-184338&#8243; text_size=\u00bbh4&#8243; text_weight=\u00bb800&#8243; uncode_shortcode_id=\u00bb191536&#8243;]Defensa Contra<br \/>\nla Desnaturalizaci\u00f3n[\/vc_custom_heading][vc_empty_space empty_h=\u00bb1&#8243;][vc_custom_heading heading_semantic=\u00bbp\u00bb text_font=\u00bbfont-184338&#8243; text_size=\u00bb\u00bb uncode_shortcode_id=\u00bb731817&#8243;]En casos en los que la ciudadan\u00eda puede estar en riesgo de revocaci\u00f3n debido a acusaciones de fraude o tergiversaci\u00f3n, brindamos representaci\u00f3n legal experta para proteger tu estatus.[\/vc_custom_heading][\/vc_column][vc_column column_width_percent=\u00bb100&#8243; gutter_size=\u00bb3&#8243; overlay_alpha=\u00bb50&#8243; radius=\u00bbxl\u00bb shift_x=\u00bb0&#8243; shift_y=\u00bb0&#8243; shift_y_down=\u00bb0&#8243; z_index=\u00bb0&#8243; medium_width=\u00bb0&#8243; mobile_width=\u00bb0&#8243; css_animation=\u00bbbottom-t-top\u00bb animation_speed=\u00bb1000&#8243; animation_delay=\u00bb400&#8243; width=\u00bb1\/3&#8243; uncode_shortcode_id=\u00bb152365&#8243;][\/vc_column][\/vc_row][vc_row row_height_percent=\u00bb0&#8243; override_padding=\u00bbyes\u00bb h_padding=\u00bb2&#8243; top_padding=\u00bb3&#8243; bottom_padding=\u00bb3&#8243; back_color=\u00bbcolor-xsdn\u00bb overlay_alpha=\u00bb50&#8243; gutter_size=\u00bb3&#8243; column_width_percent=\u00bb100&#8243; shift_y=\u00bb0&#8243; z_index=\u00bb0&#8243; content_parallax=\u00bb0&#8243; uncode_shortcode_id=\u00bb156324&#8243; back_color_type=\u00bbuncode-palette\u00bb][vc_column width=\u00bb1\/1&#8243;][vc_custom_heading text_size=\u00bbh1&#8243; css_animation=\u00bbleft-t-right\u00bb animation_speed=\u00bb1000&#8243; uncode_shortcode_id=\u00bb165392&#8243;]\u00bfPor Qu\u00e9 la Ciudadan\u00eda es Importante?[\/vc_custom_heading][vc_custom_heading text_size=\u00bbh3&#8243; text_weight=\u00bb400&#8243; css_animation=\u00bbleft-t-right\u00bb animation_speed=\u00bb1000&#8243; uncode_shortcode_id=\u00bb918476&#8243;]Un Camino Hacia el Futuro[\/vc_custom_heading][vc_custom_heading heading_semantic=\u00bbp\u00bb text_font=\u00bbfont-184338&#8243; text_size=\u00bb\u00bb css_animation=\u00bbleft-t-right\u00bb animation_speed=\u00bb1000&#8243; animation_delay=\u00bb200&#8243; uncode_shortcode_id=\u00bb523637&#8243;]Obtener la ciudadan\u00eda estadounidense ofrece numerosos beneficios, incluyendo:<\/p>\n<ul>\n<li>Derecho al Voto<\/li>\n<li>Protecci\u00f3n Contra la Deportaci\u00f3n<\/li>\n<li>Acceso Ampliado a Oportunidades Legales y Laborales<\/li>\n<\/ul>\n<p>Adem\u00e1s, proporciona la estabilidad y la tranquilidad de saber que tu futuro en Estados Unidos est\u00e1 asegurado. Para muchos, representa la culminaci\u00f3n de a\u00f1os de esfuerzo y dedicaci\u00f3n.[\/vc_custom_heading][\/vc_column][\/vc_row][vc_row unlock_row_content=\u00bbyes\u00bb row_height_percent=\u00bb90&#8243; override_padding=\u00bbyes\u00bb h_padding=\u00bb0&#8243; top_padding=\u00bb0&#8243; bottom_padding=\u00bb0&#8243; back_color=\u00bbcolor-657965&#8243; overlay_alpha=\u00bb50&#8243; equal_height=\u00bbyes\u00bb gutter_size=\u00bb3&#8243; column_width_percent=\u00bb100&#8243; shift_y=\u00bb0&#8243; z_index=\u00bb0&#8243; content_parallax=\u00bb0&#8243; uncode_shortcode_id=\u00bb439870&#8243; back_color_type=\u00bbuncode-palette\u00bb][vc_column column_width_percent=\u00bb100&#8243; position_vertical=\u00bbmiddle\u00bb gutter_size=\u00bb3&#8243; override_padding=\u00bbyes\u00bb column_padding=\u00bb3&#8243; overlay_alpha=\u00bb50&#8243; shift_x=\u00bb0&#8243; shift_y=\u00bb0&#8243; shift_y_down=\u00bb0&#8243; z_index=\u00bb0&#8243; medium_width=\u00bb0&#8243; mobile_width=\u00bb0&#8243; width=\u00bb1\/2&#8243; uncode_shortcode_id=\u00bb186129&#8243;][vc_custom_heading text_color=\u00bbcolor-757112&#8243; text_font=\u00bbfont-188566&#8243; text_size=\u00bbh1&#8243; css_animation=\u00bbbottom-t-top\u00bb animation_speed=\u00bb1000&#8243; uncode_shortcode_id=\u00bb174286&#8243; text_color_type=\u00bbuncode-palette\u00bb]Nuestro Enfoque[\/vc_custom_heading][vc_custom_heading heading_semantic=\u00bbp\u00bb text_size=\u00bbh3&#8243; text_weight=\u00bb400&#8243; css_animation=\u00bbleft-t-right\u00bb animation_speed=\u00bb1000&#8243; uncode_shortcode_id=\u00bb111210&#8243;]Apoyo Personalizado para un Proceso que Cambia Vidas[\/vc_custom_heading][vc_custom_heading text_color=\u00bbcolor-757112&#8243; heading_semantic=\u00bbp\u00bb text_font=\u00bbfont-184338&#8243; text_size=\u00bb\u00bb text_weight=\u00bb400&#8243; css_animation=\u00bbbottom-t-top\u00bb animation_speed=\u00bb1000&#8243; animation_delay=\u00bb200&#8243; uncode_shortcode_id=\u00bb197057&#8243; text_color_type=\u00bbuncode-palette\u00bb]Cada camino hacia la ciudadan\u00eda es \u00fanico, y nuestro equipo experimentado est\u00e1 aqu\u00ed para guiarte paso a paso durante todo el proceso:<\/p>\n<ul>\n<li><strong>Evaluaci\u00f3n Integral de Elegibilidad:<\/strong> Revisamos tu situaci\u00f3n para asegurar que cumples con todos los <span style=\"font-family: -apple-system, BlinkMacSystemFont, 'Segoe UI', Roboto, Oxygen-Sans, Ubuntu, Cantarell, 'Helvetica Neue', sans-serif;\">requisitos legales<\/span><span style=\"font-family: -apple-system, BlinkMacSystemFont, 'Segoe UI', Roboto, Oxygen-Sans, Ubuntu, Cantarell, 'Helvetica Neue', sans-serif;\"> antes de presentar tu solicitud.<\/span><\/li>\n<li><strong>Preparaci\u00f3n Exhaustiva:<\/strong> Desde la <span style=\"font-family: -apple-system, BlinkMacSystemFont, 'Segoe UI', Roboto, Oxygen-Sans, Ubuntu, Cantarell, 'Helvetica Neue', sans-serif;\">recolecci\u00f3n de documentos<\/span><span style=\"font-family: -apple-system, BlinkMacSystemFont, 'Segoe UI', Roboto, Oxygen-Sans, Ubuntu, Cantarell, 'Helvetica Neue', sans-serif;\"> hasta la <\/span><span style=\"font-family: -apple-system, BlinkMacSystemFont, 'Segoe UI', Roboto, Oxygen-Sans, Ubuntu, Cantarell, 'Helvetica Neue', sans-serif;\">preparaci\u00f3n para la entrevista y el examen de ciudadan\u00eda<\/span><span style=\"font-family: -apple-system, BlinkMacSystemFont, 'Segoe UI', Roboto, Oxygen-Sans, Ubuntu, Cantarell, 'Helvetica Neue', sans-serif;\">, te proporcionamos las <\/span><span style=\"font-family: -apple-system, BlinkMacSystemFont, 'Segoe UI', Roboto, Oxygen-Sans, Ubuntu, Cantarell, 'Helvetica Neue', sans-serif;\">herramientas y conocimientos<\/span><span style=\"font-family: -apple-system, BlinkMacSystemFont, 'Segoe UI', Roboto, Oxygen-Sans, Ubuntu, Cantarell, 'Helvetica Neue', sans-serif;\"> necesarios para tener \u00e9xito.<\/span><\/li>\n<li><strong>Apoyo Continuo: <\/strong>Estamos contigo <span style=\"font-family: -apple-system, BlinkMacSystemFont, 'Segoe UI', Roboto, Oxygen-Sans, Ubuntu, Cantarell, 'Helvetica Neue', sans-serif;\">durante todo el proceso<\/span><span style=\"font-family: -apple-system, BlinkMacSystemFont, 'Segoe UI', Roboto, Oxygen-Sans, Ubuntu, Cantarell, 'Helvetica Neue', sans-serif;\">, respondiendo preguntas, resolviendo inquietudes y defendiendo tus derechos en cada etapa.<\/span><\/li>\n<\/ul>\n<p>[\/vc_custom_heading][\/vc_column][vc_column column_width_percent=\u00bb100&#8243; gutter_size=\u00bb3&#8243; override_padding=\u00bbyes\u00bb column_padding=\u00bb0&#8243; back_image=\u00bb145852&#8243; back_position=\u00bbleft top\u00bb overlay_alpha=\u00bb50&#8243; shift_x=\u00bb0&#8243; shift_y=\u00bb0&#8243; shift_y_down=\u00bb0&#8243; z_index=\u00bb0&#8243; medium_width=\u00bb0&#8243; mobile_width=\u00bb0&#8243; width=\u00bb1\/2&#8243; uncode_shortcode_id=\u00bb123792&#8243; back_size=\u00bbcover\u00bb][\/vc_column][\/vc_row][vc_row unlock_row_content=\u00bbyes\u00bb row_height_percent=\u00bb90&#8243; override_padding=\u00bbyes\u00bb h_padding=\u00bb0&#8243; top_padding=\u00bb0&#8243; bottom_padding=\u00bb0&#8243; overlay_alpha=\u00bb50&#8243; equal_height=\u00bbyes\u00bb gutter_size=\u00bb3&#8243; column_width_percent=\u00bb100&#8243; shift_y=\u00bb0&#8243; z_index=\u00bb0&#8243; desktop_visibility=\u00bbyes\u00bb medium_visibility=\u00bbyes\u00bb content_parallax=\u00bb0&#8243; uncode_shortcode_id=\u00bb141316&#8243;][vc_column column_width_percent=\u00bb100&#8243; position_vertical=\u00bbmiddle\u00bb gutter_size=\u00bb3&#8243; override_padding=\u00bbyes\u00bb column_padding=\u00bb0&#8243; overlay_alpha=\u00bb50&#8243; shift_x=\u00bb0&#8243; shift_y=\u00bb0&#8243; shift_y_down=\u00bb0&#8243; z_index=\u00bb0&#8243; medium_width=\u00bb0&#8243; mobile_width=\u00bb0&#8243; width=\u00bb1\/1&#8243; uncode_shortcode_id=\u00bb125834&#8243;][vc_single_image media=\u00bb145852&#8243; media_width_percent=\u00bb100&#8243; css_animation=\u00bbalpha-anim\u00bb uncode_shortcode_id=\u00bb144405&#8243;][\/vc_column][\/vc_row][vc_row row_height_percent=\u00bb0&#8243; override_padding=\u00bbyes\u00bb h_padding=\u00bb2&#8243; top_padding=\u00bb5&#8243; bottom_padding=\u00bb5&#8243; back_color=\u00bbcolor-757112&#8243; overlay_alpha=\u00bb50&#8243; equal_height=\u00bbyes\u00bb gutter_size=\u00bb3&#8243; column_width_percent=\u00bb100&#8243; shift_y=\u00bb0&#8243; z_index=\u00bb0&#8243; bottom_divider=\u00bbgradient\u00bb content_parallax=\u00bb0&#8243; uncode_shortcode_id=\u00bb307738&#8243; back_color_type=\u00bbuncode-palette\u00bb][vc_column column_width_percent=\u00bb100&#8243; gutter_size=\u00bb3&#8243; overlay_alpha=\u00bb50&#8243; shift_x=\u00bb0&#8243; shift_y=\u00bb0&#8243; shift_y_down=\u00bb0&#8243; z_index=\u00bb0&#8243; medium_width=\u00bb3&#8243; mobile_width=\u00bb0&#8243; width=\u00bb4\/12&#8243; uncode_shortcode_id=\u00bb151875&#8243;][vc_custom_heading text_color=\u00bbcolor-657965&#8243; text_size=\u00bbh1&#8243; text_weight=\u00bb500&#8243; text_height=\u00bbfontheight-357766&#8243; css_animation=\u00bbleft-t-right\u00bb animation_speed=\u00bb1000&#8243; uncode_shortcode_id=\u00bb149303&#8243; text_color_type=\u00bbuncode-palette\u00bb]Casos de \u00c9xito[\/vc_custom_heading][vc_custom_heading text_color=\u00bbcolor-657965&#8243; heading_semantic=\u00bbp\u00bb text_size=\u00bbh4&#8243; text_weight=\u00bb400&#8243; css_animation=\u00bbleft-t-right\u00bb animation_speed=\u00bb1000&#8243; animation_delay=\u00bb200&#8243; uncode_shortcode_id=\u00bb187360&#8243; text_color_type=\u00bbuncode-palette\u00bb]Logrando la Ciudadan\u00eda con Confianza[\/vc_custom_heading][\/vc_column][vc_column column_width_percent=\u00bb100&#8243; position_vertical=\u00bbmiddle\u00bb gutter_size=\u00bb3&#8243; overlay_alpha=\u00bb50&#8243; shift_x=\u00bb0&#8243; shift_y=\u00bb0&#8243; shift_y_down=\u00bb0&#8243; z_index=\u00bb0&#8243; medium_width=\u00bb5&#8243; mobile_width=\u00bb0&#8243; width=\u00bb8\/12&#8243; uncode_shortcode_id=\u00bb790789&#8243;][vc_custom_heading text_color=\u00bbcolor-657965&#8243; heading_semantic=\u00bbp\u00bb text_font=\u00bbfont-184338&#8243; text_size=\u00bbh5&#8243; css_animation=\u00bbalpha-anim\u00bb uncode_shortcode_id=\u00bb201900&#8243; text_color_type=\u00bbuncode-palette\u00bb]Un cliente reciente que enfrentaba complicaciones migratorias previas logr\u00f3 obtener la ciudadan\u00eda estadounidense con nuestra asistencia. Al abordar problemas potenciales y preparar una solicitud completa y detallada, les ayudamos a alcanzar su meta y celebrar este importante hito en sus vidas.[\/vc_custom_heading][\/vc_column][\/vc_row][vc_row][vc_column width=\u00bb1\/1&#8243;][uncode_block id=\u00bb146123&#8243;][\/vc_column][\/vc_row]<\/p>\n<\/div>","protected":false},"excerpt":{"rendered":"<p>[vc_row row_height_percent=\u00bb0&#8243; override_padding=\u00bbyes\u00bb h_padding=\u00bb2&#8243; top_padding=\u00bb7&#8243; bottom_padding=\u00bb7&#8243; back_color=\u00bbcolor-xsdn\u00bb overlay_alpha=\u00bb50&#8243; gutter_size=\u00bb3&#8243; column_width_percent=\u00bb100&#8243; shift_y=\u00bb0&#8243; z_index=\u00bb0&#8243;][vc_column width=\u00bb1\/1&#8243;][vc_custom_heading heading_semantic=\u00bbh1&#8243; text_size=\u00bbfontsize-338686&#8243; text_weight=\u00bb300&#8243; css_animation=\u00bbbottom-t-top\u00bb animation_speed=\u00bb1000&#8243; uncode_shortcode_id=\u00bb203822&#8243;]Asistencia Paso [&hellip;]<\/p>\n","protected":false},"author":2,"featured_media":0,"parent":146086,"menu_order":0,"comment_status":"closed","ping_status":"closed","template":"","meta":{"footnotes":""},"class_list":["post-146138","page","type-page","status-publish","hentry"],"_links":{"self":[{"href":"https:\/\/lgilawyers.com\/es\/wp-json\/wp\/v2\/pages\/146138","targetHints":{"allow":["GET"]}}],"collection":[{"href":"https:\/\/lgilawyers.com\/es\/wp-json\/wp\/v2\/pages"}],"about":[{"href":"https:\/\/lgilawyers.com\/es\/wp-json\/wp\/v2\/types\/page"}],"author":[{"embeddable":true,"href":"https:\/\/lgilawyers.com\/es\/wp-json\/wp\/v2\/users\/2"}],"replies":[{"embeddable":true,"href":"https:\/\/lgilawyers.com\/es\/wp-json\/wp\/v2\/comments?post=146138"}],"version-history":[{"count":2,"href":"https:\/\/lgilawyers.com\/es\/wp-json\/wp\/v2\/pages\/146138\/revisions"}],"predecessor-version":[{"id":146140,"href":"https:\/\/lgilawyers.com\/es\/wp-json\/wp\/v2\/pages\/146138\/revisions\/146140"}],"up":[{"embeddable":true,"href":"https:\/\/lgilawyers.com\/es\/wp-json\/wp\/v2\/pages\/146086"}],"wp:attachment":[{"href":"https:\/\/lgilawyers.com\/es\/wp-json\/wp\/v2\/media?parent=146138"}],"curies":[{"name":"wp","href":"https:\/\/api.w.org\/{rel}","templated":true}]}}