{"id":146144,"date":"2024-12-01T15:41:16","date_gmt":"2024-12-01T20:41:16","guid":{"rendered":"https:\/\/lgilawyers.com\/?page_id=146144"},"modified":"2024-12-15T09:50:18","modified_gmt":"2024-12-15T14:50:18","slug":"apoyo-legal-para-solicitudes-de-asilo","status":"publish","type":"page","link":"https:\/\/lgilawyers.com\/es\/inmigracion-individual\/apoyo-legal-para-solicitudes-de-asilo\/","title":{"rendered":"Apoyo Legal para Solicitudes de Asilo"},"content":{"rendered":"<div class=\"wpb-content-wrapper\"><p>[vc_row row_height_percent=\u00bb0&#8243; override_padding=\u00bbyes\u00bb h_padding=\u00bb2&#8243; top_padding=\u00bb7&#8243; bottom_padding=\u00bb7&#8243; back_color=\u00bbcolor-xsdn\u00bb overlay_alpha=\u00bb50&#8243; gutter_size=\u00bb3&#8243; column_width_percent=\u00bb100&#8243; shift_y=\u00bb0&#8243; z_index=\u00bb0&#8243;][vc_column width=\u00bb1\/1&#8243;][vc_custom_heading heading_semantic=\u00bbh1&#8243; text_size=\u00bbfontsize-338686&#8243; text_weight=\u00bb300&#8243; css_animation=\u00bbbottom-t-top\u00bb animation_speed=\u00bb1000&#8243; uncode_shortcode_id=\u00bb144985&#8243;]Apoyo Legal para<br \/>\nSolicitudes de Asilo[\/vc_custom_heading][vc_custom_heading text_color=\u00bbcolor-757112&#8243; text_weight=\u00bb300&#8243; text_height=\u00bbfontheight-357766&#8243; css_animation=\u00bbbottom-t-top\u00bb animation_speed=\u00bb1000&#8243; animation_delay=\u00bb200&#8243; mobile_visibility=\u00bbyes\u00bb uncode_shortcode_id=\u00bb819756&#8243; text_color_type=\u00bbuncode-palette\u00bb]Brindando Seguridad a Quienes Huyen de la Persecuci\u00f3n[\/vc_custom_heading][vc_custom_heading text_color=\u00bbcolor-757112&#8243; heading_semantic=\u00bbp\u00bb text_font=\u00bbfont-184338&#8243; text_size=\u00bbh5&#8243; text_height=\u00bbfontheight-357766&#8243; css_animation=\u00bbbottom-t-top\u00bb animation_speed=\u00bb1000&#8243; animation_delay=\u00bb400&#8243; uncode_shortcode_id=\u00bb114366&#8243; text_color_type=\u00bbuncode-palette\u00bb]Para quienes buscan protecci\u00f3n en Estados Unidos debido a la persecuci\u00f3n en sus pa\u00edses de origen, el proceso de asilo puede ofrecer un camino hacia la seguridad y estabilidad. En Law Group International, comprendemos la complejidad y la carga emocional de estos casos. Nuestro equipo experimentado est\u00e1 comprometido a guiarte con compasi\u00f3n y atenci\u00f3n meticulosa, asegurando que tu solicitud sea s\u00f3lida y completa para aumentar tus posibilidades de \u00e9xito.[\/vc_custom_heading][\/vc_column][\/vc_row][vc_row row_height_percent=\u00bb0&#8243; override_padding=\u00bbyes\u00bb h_padding=\u00bb2&#8243; top_padding=\u00bb3&#8243; bottom_padding=\u00bb2&#8243; back_color=\u00bbcolor-757112&#8243; overlay_alpha=\u00bb50&#8243; gutter_size=\u00bb3&#8243; column_width_percent=\u00bb100&#8243; shift_y=\u00bb0&#8243; z_index=\u00bb0&#8243; content_parallax=\u00bb0&#8243; uncode_shortcode_id=\u00bb145755&#8243; back_color_type=\u00bbuncode-palette\u00bb][vc_column width=\u00bb1\/1&#8243;][vc_custom_heading text_color=\u00bbcolor-657965&#8243; css_animation=\u00bbleft-t-right\u00bb animation_speed=\u00bb1000&#8243; uncode_shortcode_id=\u00bb875743&#8243; text_color_type=\u00bbuncode-palette\u00bb]Servicios de Asilo[\/vc_custom_heading][vc_custom_heading text_color=\u00bbcolor-657965&#8243; heading_semantic=\u00bbp\u00bb text_font=\u00bbfont-184338&#8243; text_size=\u00bb\u00bb css_animation=\u00bbleft-t-right\u00bb animation_speed=\u00bb1000&#8243; animation_delay=\u00bb200&#8243; uncode_shortcode_id=\u00bb211880&#8243; text_color_type=\u00bbuncode-palette\u00bb]Brindamos asistencia legal integral en todos los aspectos del proceso de solicitud de asilo:[\/vc_custom_heading][\/vc_column][\/vc_row][vc_row row_height_percent=\u00bb0&#8243; back_color=\u00bbcolor-757112&#8243; overlay_alpha=\u00bb50&#8243; equal_height=\u00bbyes\u00bb gutter_size=\u00bb3&#8243; column_width_percent=\u00bb100&#8243; shift_y=\u00bb0&#8243; z_index=\u00bb0&#8243; content_parallax=\u00bb0&#8243; uncode_shortcode_id=\u00bb205810&#8243; back_color_type=\u00bbuncode-palette\u00bb][vc_column column_width_percent=\u00bb100&#8243; gutter_size=\u00bb2&#8243; back_color=\u00bbcolor-657965&#8243; overlay_alpha=\u00bb50&#8243; radius=\u00bbxl\u00bb shift_x=\u00bb0&#8243; shift_y=\u00bb0&#8243; shift_y_down=\u00bb0&#8243; z_index=\u00bb0&#8243; medium_width=\u00bb0&#8243; mobile_width=\u00bb0&#8243; css_animation=\u00bbbottom-t-top\u00bb animation_speed=\u00bb800&#8243; width=\u00bb1\/3&#8243; uncode_shortcode_id=\u00bb132437&#8243; back_color_type=\u00bbuncode-palette\u00bb][vc_custom_heading heading_semantic=\u00bbh3&#8243; text_font=\u00bbfont-184338&#8243; text_size=\u00bbh4&#8243; text_weight=\u00bb800&#8243; uncode_shortcode_id=\u00bb114321&#8243;]Preparaci\u00f3n de<br \/>\nla Solicitud[\/vc_custom_heading][vc_empty_space empty_h=\u00bb1&#8243;][vc_custom_heading heading_semantic=\u00bbp\u00bb text_font=\u00bbfont-184338&#8243; text_size=\u00bb\u00bb uncode_shortcode_id=\u00bb175387&#8243;]Te ayudamos a completar y presentar el Formulario I-589, asegurando que tu solicitud incluya toda la documentaci\u00f3n necesaria y que tu caso de asilo est\u00e9 claramente fundamentado.[\/vc_custom_heading][\/vc_column][vc_column column_width_percent=\u00bb100&#8243; gutter_size=\u00bb3&#8243; back_color=\u00bbcolor-657965&#8243; overlay_alpha=\u00bb50&#8243; radius=\u00bbxl\u00bb shift_x=\u00bb0&#8243; shift_y=\u00bb0&#8243; shift_y_down=\u00bb0&#8243; z_index=\u00bb0&#8243; medium_width=\u00bb0&#8243; mobile_width=\u00bb0&#8243; css_animation=\u00bbbottom-t-top\u00bb animation_speed=\u00bb800&#8243; animation_delay=\u00bb200&#8243; width=\u00bb1\/3&#8243; uncode_shortcode_id=\u00bb120472&#8243; back_color_type=\u00bbuncode-palette\u00bb][vc_custom_heading heading_semantic=\u00bbh3&#8243; text_font=\u00bbfont-184338&#8243; text_size=\u00bbh4&#8243; text_weight=\u00bb800&#8243; uncode_shortcode_id=\u00bb580594&#8243;]Fundamentos para<br \/>\nel Asilo[\/vc_custom_heading][vc_empty_space empty_h=\u00bb1&#8243;][vc_custom_heading heading_semantic=\u00bbp\u00bb text_font=\u00bbfont-184338&#8243; text_size=\u00bb\u00bb uncode_shortcode_id=\u00bb976653&#8243;]Te asistimos para demostrar elegibilidad bajo la ley de inmigraci\u00f3n de EE. UU., bas\u00e1ndonos en persecuci\u00f3n por: Raza, Religi\u00f3n, Nacionalidad, Opini\u00f3n Pol\u00edtica, Pertenencia a un Grupo Social en Particular (Incluye minor\u00edas \u00e9tnicas, personas LGBTQIA+ y otros grupos vulnerables)[\/vc_custom_heading][\/vc_column][vc_column column_width_percent=\u00bb100&#8243; gutter_size=\u00bb3&#8243; back_color=\u00bbcolor-657965&#8243; overlay_alpha=\u00bb50&#8243; radius=\u00bbxl\u00bb shift_x=\u00bb0&#8243; shift_y=\u00bb0&#8243; shift_y_down=\u00bb0&#8243; z_index=\u00bb0&#8243; medium_width=\u00bb0&#8243; mobile_width=\u00bb0&#8243; css_animation=\u00bbbottom-t-top\u00bb animation_speed=\u00bb1000&#8243; animation_delay=\u00bb400&#8243; width=\u00bb1\/3&#8243; uncode_shortcode_id=\u00bb373755&#8243; back_color_type=\u00bbuncode-palette\u00bb][vc_custom_heading heading_semantic=\u00bbh3&#8243; text_font=\u00bbfont-184338&#8243; text_size=\u00bbh4&#8243; text_weight=\u00bb800&#8243; uncode_shortcode_id=\u00bb178628&#8243;]Recolecci\u00f3n<br \/>\nde Evidencia[\/vc_custom_heading][vc_empty_space empty_h=\u00bb1&#8243;][vc_custom_heading heading_semantic=\u00bbp\u00bb text_font=\u00bbfont-184338&#8243; text_size=\u00bb\u00bb uncode_shortcode_id=\u00bb960998&#8243;]La evidencia s\u00f3lida es esencial en los casos de asilo. Ayudamos a obtener declaraciones detalladas, informes sobre condiciones del pa\u00eds y otros documentos de apoyo para fortalecer tu caso.[\/vc_custom_heading][\/vc_column][\/vc_row][vc_row row_height_percent=\u00bb0&#8243; back_color=\u00bbcolor-757112&#8243; overlay_alpha=\u00bb50&#8243; equal_height=\u00bbyes\u00bb gutter_size=\u00bb3&#8243; column_width_percent=\u00bb100&#8243; shift_y=\u00bb0&#8243; z_index=\u00bb0&#8243; content_parallax=\u00bb0&#8243; uncode_shortcode_id=\u00bb205810&#8243; back_color_type=\u00bbuncode-palette\u00bb][vc_column column_width_percent=\u00bb100&#8243; gutter_size=\u00bb2&#8243; back_color=\u00bbcolor-657965&#8243; overlay_alpha=\u00bb50&#8243; radius=\u00bbxl\u00bb shift_x=\u00bb0&#8243; shift_y=\u00bb0&#8243; shift_y_down=\u00bb0&#8243; z_index=\u00bb0&#8243; medium_width=\u00bb0&#8243; mobile_width=\u00bb0&#8243; css_animation=\u00bbbottom-t-top\u00bb animation_speed=\u00bb800&#8243; width=\u00bb1\/3&#8243; uncode_shortcode_id=\u00bb132437&#8243; back_color_type=\u00bbuncode-palette\u00bb][vc_custom_heading heading_semantic=\u00bbh3&#8243; text_font=\u00bbfont-184338&#8243; text_size=\u00bbh4&#8243; text_weight=\u00bb800&#8243; uncode_shortcode_id=\u00bb111761&#8243;]Preparaci\u00f3n para<br \/>\nla Entrevista de Asilo [\/vc_custom_heading][vc_empty_space empty_h=\u00bb1&#8243;][vc_custom_heading heading_semantic=\u00bbp\u00bb text_font=\u00bbfont-184338&#8243; text_size=\u00bb\u00bb uncode_shortcode_id=\u00bb998361&#8243;]Te brindamos orientaci\u00f3n para que puedas presentar tu historia con confianza durante la entrevista de asilo, abordando preguntas comunes y preocupaciones potenciales.[\/vc_custom_heading][\/vc_column][vc_column column_width_percent=\u00bb100&#8243; gutter_size=\u00bb3&#8243; back_color=\u00bbcolor-657965&#8243; overlay_alpha=\u00bb50&#8243; radius=\u00bbxl\u00bb shift_x=\u00bb0&#8243; shift_y=\u00bb0&#8243; shift_y_down=\u00bb0&#8243; z_index=\u00bb0&#8243; medium_width=\u00bb0&#8243; mobile_width=\u00bb0&#8243; css_animation=\u00bbbottom-t-top\u00bb animation_speed=\u00bb800&#8243; animation_delay=\u00bb200&#8243; width=\u00bb1\/3&#8243; uncode_shortcode_id=\u00bb178209&#8243; back_color_type=\u00bbuncode-palette\u00bb][vc_custom_heading heading_semantic=\u00bbh3&#8243; text_font=\u00bbfont-184338&#8243; text_size=\u00bbh4&#8243; text_weight=\u00bb800&#8243; uncode_shortcode_id=\u00bb167860&#8243;]Defensa en Procedimientos<br \/>\nde Remoci\u00f3n[\/vc_custom_heading][vc_empty_space empty_h=\u00bb1&#8243;][vc_custom_heading heading_semantic=\u00bbp\u00bb text_font=\u00bbfont-184338&#8243; text_size=\u00bb\u00bb uncode_shortcode_id=\u00bb147216&#8243;]Si tu solicitud es denegada o enfrentas procedimientos de deportaci\u00f3n, te representamos para luchar por tu derecho a permanecer en Estados Unidos.[\/vc_custom_heading][\/vc_column][vc_column column_width_percent=\u00bb100&#8243; gutter_size=\u00bb3&#8243; overlay_alpha=\u00bb50&#8243; radius=\u00bbxl\u00bb shift_x=\u00bb0&#8243; shift_y=\u00bb0&#8243; shift_y_down=\u00bb0&#8243; z_index=\u00bb0&#8243; medium_width=\u00bb0&#8243; mobile_width=\u00bb0&#8243; css_animation=\u00bbbottom-t-top\u00bb animation_speed=\u00bb1000&#8243; animation_delay=\u00bb400&#8243; width=\u00bb1\/3&#8243; uncode_shortcode_id=\u00bb152365&#8243;][\/vc_column][\/vc_row][vc_row row_height_percent=\u00bb0&#8243; override_padding=\u00bbyes\u00bb h_padding=\u00bb2&#8243; top_padding=\u00bb3&#8243; bottom_padding=\u00bb3&#8243; back_color=\u00bbcolor-xsdn\u00bb overlay_alpha=\u00bb50&#8243; gutter_size=\u00bb3&#8243; column_width_percent=\u00bb100&#8243; shift_y=\u00bb0&#8243; z_index=\u00bb0&#8243; content_parallax=\u00bb0&#8243; uncode_shortcode_id=\u00bb156324&#8243; back_color_type=\u00bbuncode-palette\u00bb][vc_column width=\u00bb1\/1&#8243;][vc_custom_heading text_size=\u00bbh1&#8243; css_animation=\u00bbleft-t-right\u00bb animation_speed=\u00bb1000&#8243; uncode_shortcode_id=\u00bb868474&#8243;]\u00bfPor Qu\u00e9 el Asilo es Importante?[\/vc_custom_heading][vc_custom_heading text_size=\u00bbh3&#8243; text_weight=\u00bb400&#8243; css_animation=\u00bbleft-t-right\u00bb animation_speed=\u00bb1000&#8243; uncode_shortcode_id=\u00bb482683&#8243;]Un Refugio para Quienes lo Necesitan[\/vc_custom_heading][vc_custom_heading heading_semantic=\u00bbp\u00bb text_font=\u00bbfont-184338&#8243; text_size=\u00bb\u00bb css_animation=\u00bbleft-t-right\u00bb animation_speed=\u00bb1000&#8243; animation_delay=\u00bb200&#8243; uncode_shortcode_id=\u00bb153129&#8243;]El asilo ofrece protecci\u00f3n esencial para quienes no pueden regresar a su pa\u00eds debido a un temor fundado de persecuci\u00f3n. Adem\u00e1s de protecci\u00f3n legal, este proceso permite:<\/p>\n<ul>\n<li>Autorizaci\u00f3n de Trabajo<\/li>\n<li>Reunificaci\u00f3n Familiar<\/li>\n<li>Residencia Permanente (eventualmente)<\/li>\n<\/ul>\n<p>Con nuestra orientaci\u00f3n legal experta, puedes navegar este camino complejo con confianza y claridad.[\/vc_custom_heading][\/vc_column][\/vc_row][vc_row unlock_row_content=\u00bbyes\u00bb row_height_percent=\u00bb90&#8243; override_padding=\u00bbyes\u00bb h_padding=\u00bb0&#8243; top_padding=\u00bb0&#8243; bottom_padding=\u00bb0&#8243; back_color=\u00bbcolor-657965&#8243; overlay_alpha=\u00bb50&#8243; equal_height=\u00bbyes\u00bb gutter_size=\u00bb3&#8243; column_width_percent=\u00bb100&#8243; shift_y=\u00bb0&#8243; z_index=\u00bb0&#8243; content_parallax=\u00bb0&#8243; uncode_shortcode_id=\u00bb439870&#8243; back_color_type=\u00bbuncode-palette\u00bb][vc_column column_width_percent=\u00bb100&#8243; position_vertical=\u00bbmiddle\u00bb gutter_size=\u00bb3&#8243; override_padding=\u00bbyes\u00bb column_padding=\u00bb3&#8243; overlay_alpha=\u00bb50&#8243; shift_x=\u00bb0&#8243; shift_y=\u00bb0&#8243; shift_y_down=\u00bb0&#8243; z_index=\u00bb0&#8243; medium_width=\u00bb0&#8243; mobile_width=\u00bb0&#8243; width=\u00bb1\/2&#8243; uncode_shortcode_id=\u00bb186129&#8243;][vc_custom_heading text_color=\u00bbcolor-757112&#8243; text_font=\u00bbfont-188566&#8243; text_size=\u00bbh1&#8243; css_animation=\u00bbbottom-t-top\u00bb animation_speed=\u00bb1000&#8243; uncode_shortcode_id=\u00bb159019&#8243; text_color_type=\u00bbuncode-palette\u00bb]Nuestro Enfoque[\/vc_custom_heading][vc_custom_heading heading_semantic=\u00bbp\u00bb text_size=\u00bbh3&#8243; text_weight=\u00bb400&#8243; css_animation=\u00bbleft-t-right\u00bb animation_speed=\u00bb1000&#8243; uncode_shortcode_id=\u00bb123844&#8243;]Defensa Compasiva para un Proceso Complejo[\/vc_custom_heading][vc_custom_heading text_color=\u00bbcolor-757112&#8243; heading_semantic=\u00bbp\u00bb text_font=\u00bbfont-184338&#8243; text_size=\u00bb\u00bb text_weight=\u00bb400&#8243; css_animation=\u00bbbottom-t-top\u00bb animation_speed=\u00bb1000&#8243; animation_delay=\u00bb200&#8243; uncode_shortcode_id=\u00bb100665&#8243; text_color_type=\u00bbuncode-palette\u00bb]Nuestro enfoque en casos de asilo se basa en la empat\u00eda, el profesionalismo y la atenci\u00f3n a los detalles:<\/p>\n<ul>\n<li><strong>An\u00e1lisis Individual del Caso: <\/strong>Evaluamos tu situaci\u00f3n para identificar los fundamentos m\u00e1s s\u00f3lidos<span style=\"font-family: -apple-system, BlinkMacSystemFont, 'Segoe UI', Roboto, Oxygen-Sans, Ubuntu, Cantarell, 'Helvetica Neue', sans-serif;\"> para tu solicitud de asilo.<\/span><\/li>\n<li><strong style=\"font-family: -apple-system, BlinkMacSystemFont, 'Segoe UI', Roboto, Oxygen-Sans, Ubuntu, Cantarell, 'Helvetica Neue', sans-serif;\">Documentaci\u00f3n Meticulosa: <\/strong>Desde declaraciones personales<span style=\"font-family: -apple-system, BlinkMacSystemFont, 'Segoe UI', Roboto, Oxygen-Sans, Ubuntu, Cantarell, 'Helvetica Neue', sans-serif;\"> hasta <\/span>informes de expertos<span style=\"font-family: -apple-system, BlinkMacSystemFont, 'Segoe UI', Roboto, Oxygen-Sans, Ubuntu, Cantarell, 'Helvetica Neue', sans-serif;\">, nos aseguramos de que tu caso est\u00e9 <\/span>bien respaldado<span style=\"font-family: -apple-system, BlinkMacSystemFont, 'Segoe UI', Roboto, Oxygen-Sans, Ubuntu, Cantarell, 'Helvetica Neue', sans-serif;\">.<\/span><\/li>\n<li><strong style=\"font-family: -apple-system, BlinkMacSystemFont, 'Segoe UI', Roboto, Oxygen-Sans, Ubuntu, Cantarell, 'Helvetica Neue', sans-serif;\">Representaci\u00f3n Centrada en el Cliente: <\/strong>Te brindamos una comunicaci\u00f3n clara y constante<span style=\"font-family: -apple-system, BlinkMacSystemFont, 'Segoe UI', Roboto, Oxygen-Sans, Ubuntu, Cantarell, 'Helvetica Neue', sans-serif;\">, asegurando que te <\/span>sientas apoyado<span style=\"font-family: -apple-system, BlinkMacSystemFont, 'Segoe UI', Roboto, Oxygen-Sans, Ubuntu, Cantarell, 'Helvetica Neue', sans-serif;\"> en <\/span>cada paso del proceso<span style=\"font-family: -apple-system, BlinkMacSystemFont, 'Segoe UI', Roboto, Oxygen-Sans, Ubuntu, Cantarell, 'Helvetica Neue', sans-serif;\">.<\/span><\/li>\n<\/ul>\n<p>[\/vc_custom_heading][\/vc_column][vc_column column_width_percent=\u00bb100&#8243; gutter_size=\u00bb3&#8243; override_padding=\u00bbyes\u00bb column_padding=\u00bb0&#8243; back_image=\u00bb145932&#8243; back_position=\u00bbright bottom\u00bb overlay_alpha=\u00bb50&#8243; shift_x=\u00bb0&#8243; shift_y=\u00bb0&#8243; shift_y_down=\u00bb0&#8243; z_index=\u00bb0&#8243; medium_width=\u00bb0&#8243; mobile_width=\u00bb0&#8243; width=\u00bb1\/2&#8243; uncode_shortcode_id=\u00bb516980&#8243; back_size=\u00bbcover\u00bb][\/vc_column][\/vc_row][vc_row unlock_row_content=\u00bbyes\u00bb row_height_percent=\u00bb90&#8243; override_padding=\u00bbyes\u00bb h_padding=\u00bb0&#8243; top_padding=\u00bb0&#8243; bottom_padding=\u00bb0&#8243; overlay_alpha=\u00bb50&#8243; equal_height=\u00bbyes\u00bb gutter_size=\u00bb3&#8243; column_width_percent=\u00bb100&#8243; shift_y=\u00bb0&#8243; z_index=\u00bb0&#8243; desktop_visibility=\u00bbyes\u00bb medium_visibility=\u00bbyes\u00bb content_parallax=\u00bb0&#8243; uncode_shortcode_id=\u00bb141316&#8243;][vc_column column_width_percent=\u00bb100&#8243; position_vertical=\u00bbmiddle\u00bb gutter_size=\u00bb3&#8243; override_padding=\u00bbyes\u00bb column_padding=\u00bb0&#8243; overlay_alpha=\u00bb50&#8243; shift_x=\u00bb0&#8243; shift_y=\u00bb0&#8243; shift_y_down=\u00bb0&#8243; z_index=\u00bb0&#8243; medium_width=\u00bb0&#8243; mobile_width=\u00bb0&#8243; width=\u00bb1\/1&#8243; uncode_shortcode_id=\u00bb125834&#8243;][vc_single_image media=\u00bb145932&#8243; media_width_percent=\u00bb100&#8243; css_animation=\u00bbalpha-anim\u00bb uncode_shortcode_id=\u00bb321544&#8243;][\/vc_column][\/vc_row][vc_row row_height_percent=\u00bb0&#8243; override_padding=\u00bbyes\u00bb h_padding=\u00bb2&#8243; top_padding=\u00bb5&#8243; bottom_padding=\u00bb5&#8243; back_color=\u00bbcolor-757112&#8243; overlay_alpha=\u00bb50&#8243; equal_height=\u00bbyes\u00bb gutter_size=\u00bb3&#8243; column_width_percent=\u00bb100&#8243; shift_y=\u00bb0&#8243; z_index=\u00bb0&#8243; bottom_divider=\u00bbgradient\u00bb content_parallax=\u00bb0&#8243; uncode_shortcode_id=\u00bb307738&#8243; back_color_type=\u00bbuncode-palette\u00bb][vc_column column_width_percent=\u00bb100&#8243; gutter_size=\u00bb3&#8243; overlay_alpha=\u00bb50&#8243; shift_x=\u00bb0&#8243; shift_y=\u00bb0&#8243; shift_y_down=\u00bb0&#8243; z_index=\u00bb0&#8243; medium_width=\u00bb3&#8243; mobile_width=\u00bb0&#8243; width=\u00bb4\/12&#8243; uncode_shortcode_id=\u00bb151875&#8243;][vc_custom_heading text_color=\u00bbcolor-657965&#8243; text_size=\u00bbh1&#8243; text_weight=\u00bb500&#8243; text_height=\u00bbfontheight-357766&#8243; css_animation=\u00bbleft-t-right\u00bb animation_speed=\u00bb1000&#8243; uncode_shortcode_id=\u00bb274238&#8243; text_color_type=\u00bbuncode-palette\u00bb]Casos de \u00c9xito[\/vc_custom_heading][vc_custom_heading text_color=\u00bbcolor-657965&#8243; heading_semantic=\u00bbp\u00bb text_size=\u00bbh4&#8243; text_weight=\u00bb400&#8243; css_animation=\u00bbleft-t-right\u00bb animation_speed=\u00bb1000&#8243; animation_delay=\u00bb200&#8243; uncode_shortcode_id=\u00bb181241&#8243; text_color_type=\u00bbuncode-palette\u00bb]Asegurando un Futuro Seguro[\/vc_custom_heading][\/vc_column][vc_column column_width_percent=\u00bb100&#8243; position_vertical=\u00bbmiddle\u00bb gutter_size=\u00bb3&#8243; overlay_alpha=\u00bb50&#8243; shift_x=\u00bb0&#8243; shift_y=\u00bb0&#8243; shift_y_down=\u00bb0&#8243; z_index=\u00bb0&#8243; medium_width=\u00bb5&#8243; mobile_width=\u00bb0&#8243; width=\u00bb8\/12&#8243; uncode_shortcode_id=\u00bb790789&#8243;][vc_custom_heading text_color=\u00bbcolor-657965&#8243; heading_semantic=\u00bbp\u00bb text_font=\u00bbfont-184338&#8243; text_size=\u00bbh5&#8243; css_animation=\u00bbalpha-anim\u00bb uncode_shortcode_id=\u00bb107244&#8243; text_color_type=\u00bbuncode-palette\u00bb]Un cliente reciente, que hu\u00eda de persecuci\u00f3n pol\u00edtica en su pa\u00eds de origen, logr\u00f3 obtener asilo con nuestro apoyo. Gracias a una solicitud completa y una preparaci\u00f3n exhaustiva para la entrevista, pudieron asegurar su protecci\u00f3n legal en Estados Unidos, reconstruyendo su vida en seguridad y dignidad.[\/vc_custom_heading][\/vc_column][\/vc_row][vc_row][vc_column width=\u00bb1\/1&#8243;][uncode_block id=\u00bb146123&#8243;][\/vc_column][\/vc_row]<\/p>\n<\/div>","protected":false},"excerpt":{"rendered":"<p>[vc_row row_height_percent=\u00bb0&#8243; override_padding=\u00bbyes\u00bb h_padding=\u00bb2&#8243; top_padding=\u00bb7&#8243; bottom_padding=\u00bb7&#8243; back_color=\u00bbcolor-xsdn\u00bb overlay_alpha=\u00bb50&#8243; gutter_size=\u00bb3&#8243; column_width_percent=\u00bb100&#8243; shift_y=\u00bb0&#8243; z_index=\u00bb0&#8243;][vc_column width=\u00bb1\/1&#8243;][vc_custom_heading heading_semantic=\u00bbh1&#8243; text_size=\u00bbfontsize-338686&#8243; text_weight=\u00bb300&#8243; css_animation=\u00bbbottom-t-top\u00bb animation_speed=\u00bb1000&#8243; uncode_shortcode_id=\u00bb144985&#8243;]Apoyo Legal [&hellip;]<\/p>\n","protected":false},"author":2,"featured_media":0,"parent":146086,"menu_order":0,"comment_status":"closed","ping_status":"closed","template":"","meta":{"footnotes":""},"class_list":["post-146144","page","type-page","status-publish","hentry"],"_links":{"self":[{"href":"https:\/\/lgilawyers.com\/es\/wp-json\/wp\/v2\/pages\/146144","targetHints":{"allow":["GET"]}}],"collection":[{"href":"https:\/\/lgilawyers.com\/es\/wp-json\/wp\/v2\/pages"}],"about":[{"href":"https:\/\/lgilawyers.com\/es\/wp-json\/wp\/v2\/types\/page"}],"author":[{"embeddable":true,"href":"https:\/\/lgilawyers.com\/es\/wp-json\/wp\/v2\/users\/2"}],"replies":[{"embeddable":true,"href":"https:\/\/lgilawyers.com\/es\/wp-json\/wp\/v2\/comments?post=146144"}],"version-history":[{"count":2,"href":"https:\/\/lgilawyers.com\/es\/wp-json\/wp\/v2\/pages\/146144\/revisions"}],"predecessor-version":[{"id":146146,"href":"https:\/\/lgilawyers.com\/es\/wp-json\/wp\/v2\/pages\/146144\/revisions\/146146"}],"up":[{"embeddable":true,"href":"https:\/\/lgilawyers.com\/es\/wp-json\/wp\/v2\/pages\/146086"}],"wp:attachment":[{"href":"https:\/\/lgilawyers.com\/es\/wp-json\/wp\/v2\/media?parent=146144"}],"curies":[{"name":"wp","href":"https:\/\/api.w.org\/{rel}","templated":true}]}}