{"id":146156,"date":"2024-12-01T15:57:08","date_gmt":"2024-12-01T20:57:08","guid":{"rendered":"https:\/\/lgilawyers.com\/?page_id=146156"},"modified":"2024-12-15T10:18:17","modified_gmt":"2024-12-15T15:18:17","slug":"visas-de-no-inmigrante","status":"publish","type":"page","link":"https:\/\/lgilawyers.com\/es\/inmigracion-empresarial-corporativa\/visas-de-no-inmigrante\/","title":{"rendered":"Solicitudes de Visas de No Inmigrante"},"content":{"rendered":"<div class=\"wpb-content-wrapper\"><p>[vc_row row_height_percent=\u00bb0&#8243; override_padding=\u00bbyes\u00bb h_padding=\u00bb2&#8243; top_padding=\u00bb7&#8243; bottom_padding=\u00bb7&#8243; back_color=\u00bbcolor-xsdn\u00bb overlay_alpha=\u00bb50&#8243; gutter_size=\u00bb3&#8243; column_width_percent=\u00bb100&#8243; shift_y=\u00bb0&#8243; z_index=\u00bb0&#8243;][vc_column width=\u00bb1\/1&#8243;][vc_custom_heading heading_semantic=\u00bbh1&#8243; text_size=\u00bbfontsize-338686&#8243; text_weight=\u00bb300&#8243; css_animation=\u00bbbottom-t-top\u00bb animation_speed=\u00bb1000&#8243; uncode_shortcode_id=\u00bb110600&#8243;]Solicitudes de Visas de No Inmigrante[\/vc_custom_heading][vc_custom_heading text_color=\u00bbcolor-757112&#8243; text_weight=\u00bb300&#8243; text_height=\u00bbfontheight-357766&#8243; css_animation=\u00bbbottom-t-top\u00bb animation_speed=\u00bb1000&#8243; animation_delay=\u00bb200&#8243; mobile_visibility=\u00bbyes\u00bb uncode_shortcode_id=\u00bb666566&#8243; text_color_type=\u00bbuncode-palette\u00bb]Conectando Talento Global con Oportunidades en EE. UU.[\/vc_custom_heading][vc_custom_heading text_color=\u00bbcolor-757112&#8243; heading_semantic=\u00bbp\u00bb text_font=\u00bbfont-184338&#8243; text_size=\u00bbh5&#8243; text_height=\u00bbfontheight-357766&#8243; css_animation=\u00bbbottom-t-top\u00bb animation_speed=\u00bb1000&#8243; animation_delay=\u00bb400&#8243; uncode_shortcode_id=\u00bb564599&#8243; text_color_type=\u00bbuncode-palette\u00bb]Las visas de no inmigrante abren puertas a personas que desean trabajar, estudiar o hacer negocios temporalmente en Estados Unidos. Estas visas son esenciales para profesionales calificados, estudiantes y empresarios que buscan contribuir a la econom\u00eda y la sociedad de EE. UU. En Law Group International, ofrecemos orientaci\u00f3n experta para ayudarte a navegar el proceso de solicitud, asegurando el cumplimiento y el \u00e9xito tanto para empleadores como para solicitantes de visas.[\/vc_custom_heading][\/vc_column][\/vc_row][vc_row row_height_percent=\u00bb0&#8243; override_padding=\u00bbyes\u00bb h_padding=\u00bb2&#8243; top_padding=\u00bb3&#8243; bottom_padding=\u00bb2&#8243; back_color=\u00bbcolor-757112&#8243; overlay_alpha=\u00bb50&#8243; gutter_size=\u00bb3&#8243; column_width_percent=\u00bb100&#8243; shift_y=\u00bb0&#8243; z_index=\u00bb0&#8243; content_parallax=\u00bb0&#8243; uncode_shortcode_id=\u00bb145755&#8243; back_color_type=\u00bbuncode-palette\u00bb][vc_column width=\u00bb1\/1&#8243;][vc_custom_heading text_color=\u00bbcolor-657965&#8243; css_animation=\u00bbleft-t-right\u00bb animation_speed=\u00bb1000&#8243; uncode_shortcode_id=\u00bb406305&#8243; text_color_type=\u00bbuncode-palette\u00bb]Servicios de Visas de No Inmigrante[\/vc_custom_heading][vc_custom_heading text_color=\u00bbcolor-657965&#8243; heading_semantic=\u00bbp\u00bb text_font=\u00bbfont-184338&#8243; text_size=\u00bb\u00bb css_animation=\u00bbleft-t-right\u00bb animation_speed=\u00bb1000&#8243; animation_delay=\u00bb200&#8243; uncode_shortcode_id=\u00bb142158&#8243; text_color_type=\u00bbuncode-palette\u00bb]Brindamos asistencia integral para una amplia gama de visas de no inmigrante, adaptadas a necesidades espec\u00edficas:[\/vc_custom_heading][\/vc_column][\/vc_row][vc_row row_height_percent=\u00bb0&#8243; back_color=\u00bbcolor-757112&#8243; overlay_alpha=\u00bb50&#8243; equal_height=\u00bbyes\u00bb gutter_size=\u00bb3&#8243; column_width_percent=\u00bb100&#8243; shift_y=\u00bb0&#8243; z_index=\u00bb0&#8243; content_parallax=\u00bb0&#8243; uncode_shortcode_id=\u00bb205810&#8243; back_color_type=\u00bbuncode-palette\u00bb][vc_column column_width_percent=\u00bb100&#8243; gutter_size=\u00bb2&#8243; back_color=\u00bbcolor-657965&#8243; overlay_alpha=\u00bb50&#8243; radius=\u00bbxl\u00bb shift_x=\u00bb0&#8243; shift_y=\u00bb0&#8243; shift_y_down=\u00bb0&#8243; z_index=\u00bb0&#8243; medium_width=\u00bb0&#8243; mobile_width=\u00bb0&#8243; css_animation=\u00bbbottom-t-top\u00bb animation_speed=\u00bb800&#8243; width=\u00bb1\/3&#8243; uncode_shortcode_id=\u00bb132437&#8243; back_color_type=\u00bbuncode-palette\u00bb][vc_custom_heading heading_semantic=\u00bbh3&#8243; text_font=\u00bbfont-184338&#8243; text_size=\u00bbh4&#8243; text_weight=\u00bb800&#8243; uncode_shortcode_id=\u00bb767631&#8243;]H-1B<br \/>\n(Ocupaciones Especializadas)[\/vc_custom_heading][vc_empty_space empty_h=\u00bb1&#8243;][vc_custom_heading heading_semantic=\u00bbp\u00bb text_font=\u00bbfont-184338&#8243; text_size=\u00bb\u00bb uncode_shortcode_id=\u00bb207437&#8243;]Para profesionales empleados en puestos que requieren conocimientos especializados, generalmente con un t\u00edtulo universitario o superior.[\/vc_custom_heading][\/vc_column][vc_column column_width_percent=\u00bb100&#8243; gutter_size=\u00bb3&#8243; back_color=\u00bbcolor-657965&#8243; overlay_alpha=\u00bb50&#8243; radius=\u00bbxl\u00bb shift_x=\u00bb0&#8243; shift_y=\u00bb0&#8243; shift_y_down=\u00bb0&#8243; z_index=\u00bb0&#8243; medium_width=\u00bb0&#8243; mobile_width=\u00bb0&#8243; css_animation=\u00bbbottom-t-top\u00bb animation_speed=\u00bb800&#8243; animation_delay=\u00bb200&#8243; width=\u00bb1\/3&#8243; uncode_shortcode_id=\u00bb120472&#8243; back_color_type=\u00bbuncode-palette\u00bb][vc_custom_heading heading_semantic=\u00bbh3&#8243; text_font=\u00bbfont-184338&#8243; text_size=\u00bbh4&#8243; text_weight=\u00bb800&#8243; uncode_shortcode_id=\u00bb178266&#8243;]L-1<br \/>\n(Transferencias dentro de la Empresa)[\/vc_custom_heading][vc_empty_space empty_h=\u00bb1&#8243;][vc_custom_heading heading_semantic=\u00bbp\u00bb text_font=\u00bbfont-184338&#8243; text_size=\u00bb\u00bb uncode_shortcode_id=\u00bb933523&#8243;]Para gerentes, ejecutivos o empleados con conocimientos especializados que son transferidos dentro de empresas multinacionales a operaciones en Estados Unidos.[\/vc_custom_heading][\/vc_column][vc_column column_width_percent=\u00bb100&#8243; gutter_size=\u00bb3&#8243; back_color=\u00bbcolor-657965&#8243; overlay_alpha=\u00bb50&#8243; radius=\u00bbxl\u00bb shift_x=\u00bb0&#8243; shift_y=\u00bb0&#8243; shift_y_down=\u00bb0&#8243; z_index=\u00bb0&#8243; medium_width=\u00bb0&#8243; mobile_width=\u00bb0&#8243; css_animation=\u00bbbottom-t-top\u00bb animation_speed=\u00bb1000&#8243; animation_delay=\u00bb400&#8243; width=\u00bb1\/3&#8243; uncode_shortcode_id=\u00bb373755&#8243; back_color_type=\u00bbuncode-palette\u00bb][vc_custom_heading heading_semantic=\u00bbh3&#8243; text_font=\u00bbfont-184338&#8243; text_size=\u00bbh4&#8243; text_weight=\u00bb800&#8243; uncode_shortcode_id=\u00bb832461&#8243;]O-1 (Personas con<br \/>\nHabilidades Extraordinarias)[\/vc_custom_heading][vc_empty_space empty_h=\u00bb1&#8243;][vc_custom_heading heading_semantic=\u00bbp\u00bb text_font=\u00bbfont-184338&#8243; text_size=\u00bb\u00bb uncode_shortcode_id=\u00bb511949&#8243;]Para personas con logros excepcionales en sus campos, como artes, ciencias, negocios o deportes.[\/vc_custom_heading][\/vc_column][\/vc_row][vc_row row_height_percent=\u00bb0&#8243; back_color=\u00bbcolor-757112&#8243; overlay_alpha=\u00bb50&#8243; equal_height=\u00bbyes\u00bb gutter_size=\u00bb3&#8243; column_width_percent=\u00bb100&#8243; shift_y=\u00bb0&#8243; z_index=\u00bb0&#8243; content_parallax=\u00bb0&#8243; uncode_shortcode_id=\u00bb205810&#8243; back_color_type=\u00bbuncode-palette\u00bb][vc_column column_width_percent=\u00bb100&#8243; gutter_size=\u00bb2&#8243; back_color=\u00bbcolor-657965&#8243; overlay_alpha=\u00bb50&#8243; radius=\u00bbxl\u00bb shift_x=\u00bb0&#8243; shift_y=\u00bb0&#8243; shift_y_down=\u00bb0&#8243; z_index=\u00bb0&#8243; medium_width=\u00bb0&#8243; mobile_width=\u00bb0&#8243; css_animation=\u00bbbottom-t-top\u00bb animation_speed=\u00bb800&#8243; width=\u00bb1\/3&#8243; uncode_shortcode_id=\u00bb132437&#8243; back_color_type=\u00bbuncode-palette\u00bb][vc_custom_heading heading_semantic=\u00bbh3&#8243; text_font=\u00bbfont-184338&#8243; text_size=\u00bbh4&#8243; text_weight=\u00bb800&#8243; uncode_shortcode_id=\u00bb133493&#8243;]E-2<br \/>\n(Inversionistas por Tratado)[\/vc_custom_heading][vc_empty_space empty_h=\u00bb1&#8243;][vc_custom_heading heading_semantic=\u00bbp\u00bb text_font=\u00bbfont-184338&#8243; text_size=\u00bb\u00bb uncode_shortcode_id=\u00bb920246&#8243;]Para ciudadanos de pa\u00edses con tratados comerciales que hacen inversiones significativas en empresas estadounidenses, permiti\u00e9ndoles dirigir y desarrollar sus negocios.[\/vc_custom_heading][\/vc_column][vc_column column_width_percent=\u00bb100&#8243; gutter_size=\u00bb3&#8243; back_color=\u00bbcolor-657965&#8243; overlay_alpha=\u00bb50&#8243; radius=\u00bbxl\u00bb shift_x=\u00bb0&#8243; shift_y=\u00bb0&#8243; shift_y_down=\u00bb0&#8243; z_index=\u00bb0&#8243; medium_width=\u00bb0&#8243; mobile_width=\u00bb0&#8243; css_animation=\u00bbbottom-t-top\u00bb animation_speed=\u00bb800&#8243; animation_delay=\u00bb200&#8243; width=\u00bb1\/3&#8243; uncode_shortcode_id=\u00bb120472&#8243; back_color_type=\u00bbuncode-palette\u00bb][vc_custom_heading heading_semantic=\u00bbh3&#8243; text_font=\u00bbfont-184338&#8243; text_size=\u00bbh4&#8243; text_weight=\u00bb800&#8243; uncode_shortcode_id=\u00bb194563&#8243;]TN (Profesionales<br \/>\ndel TLCAN) [\/vc_custom_heading][vc_empty_space empty_h=\u00bb1&#8243;][vc_custom_heading heading_semantic=\u00bbp\u00bb text_font=\u00bbfont-184338&#8243; text_size=\u00bb\u00bb uncode_shortcode_id=\u00bb154554&#8243;]Para profesionales canadienses y mexicanos que ingresan a EE. UU. para trabajar en ocupaciones calificadas bajo el Tratado de Libre Comercio de Am\u00e9rica del Norte (TLCAN).[\/vc_custom_heading][\/vc_column][vc_column column_width_percent=\u00bb100&#8243; gutter_size=\u00bb3&#8243; back_color=\u00bbcolor-657965&#8243; overlay_alpha=\u00bb50&#8243; radius=\u00bbxl\u00bb shift_x=\u00bb0&#8243; shift_y=\u00bb0&#8243; shift_y_down=\u00bb0&#8243; z_index=\u00bb0&#8243; medium_width=\u00bb0&#8243; mobile_width=\u00bb0&#8243; css_animation=\u00bbbottom-t-top\u00bb animation_speed=\u00bb1000&#8243; animation_delay=\u00bb400&#8243; width=\u00bb1\/3&#8243; uncode_shortcode_id=\u00bb373755&#8243; back_color_type=\u00bbuncode-palette\u00bb][vc_custom_heading heading_semantic=\u00bbh3&#8243; text_font=\u00bbfont-184338&#8243; text_size=\u00bbh4&#8243; text_weight=\u00bb800&#8243; uncode_shortcode_id=\u00bb101457&#8243;]P<br \/>\n(Atletas y Artistas) [\/vc_custom_heading][vc_empty_space empty_h=\u00bb1&#8243;][vc_custom_heading heading_semantic=\u00bbp\u00bb text_font=\u00bbfont-184338&#8243; text_size=\u00bb\u00bb uncode_shortcode_id=\u00bb573579&#8243;]Para atletas, artistas y animadores reconocidos internacionalmente que buscan actuar o competir en Estados Unidos.[\/vc_custom_heading][\/vc_column][\/vc_row][vc_row row_height_percent=\u00bb0&#8243; back_color=\u00bbcolor-757112&#8243; overlay_alpha=\u00bb50&#8243; equal_height=\u00bbyes\u00bb gutter_size=\u00bb3&#8243; column_width_percent=\u00bb100&#8243; shift_y=\u00bb0&#8243; z_index=\u00bb0&#8243; content_parallax=\u00bb0&#8243; uncode_shortcode_id=\u00bb205810&#8243; back_color_type=\u00bbuncode-palette\u00bb][vc_column column_width_percent=\u00bb100&#8243; gutter_size=\u00bb2&#8243; back_color=\u00bbcolor-657965&#8243; overlay_alpha=\u00bb50&#8243; radius=\u00bbxl\u00bb shift_x=\u00bb0&#8243; shift_y=\u00bb0&#8243; shift_y_down=\u00bb0&#8243; z_index=\u00bb0&#8243; medium_width=\u00bb0&#8243; mobile_width=\u00bb0&#8243; css_animation=\u00bbbottom-t-top\u00bb animation_speed=\u00bb800&#8243; width=\u00bb1\/3&#8243; uncode_shortcode_id=\u00bb132437&#8243; back_color_type=\u00bbuncode-palette\u00bb][vc_custom_heading heading_semantic=\u00bbh3&#8243; text_font=\u00bbfont-184338&#8243; text_size=\u00bbh4&#8243; text_weight=\u00bb800&#8243; uncode_shortcode_id=\u00bb204407&#8243;]R-1<br \/>\n(Trabajadores Religiosos)[\/vc_custom_heading][vc_empty_space empty_h=\u00bb1&#8243;][vc_custom_heading heading_semantic=\u00bbp\u00bb text_font=\u00bbfont-184338&#8243; text_size=\u00bb\u00bb uncode_shortcode_id=\u00bb478328&#8243;]Para personas que ingresan a EE. UU. para realizar trabajo religioso en nombre de una organizaci\u00f3n religiosa reconocida.[\/vc_custom_heading][\/vc_column][vc_column column_width_percent=\u00bb100&#8243; gutter_size=\u00bb3&#8243; overlay_alpha=\u00bb50&#8243; radius=\u00bbxl\u00bb shift_x=\u00bb0&#8243; shift_y=\u00bb0&#8243; shift_y_down=\u00bb0&#8243; z_index=\u00bb0&#8243; medium_width=\u00bb0&#8243; mobile_width=\u00bb0&#8243; css_animation=\u00bbbottom-t-top\u00bb animation_speed=\u00bb800&#8243; animation_delay=\u00bb200&#8243; width=\u00bb1\/3&#8243; uncode_shortcode_id=\u00bb748156&#8243;][\/vc_column][vc_column column_width_percent=\u00bb100&#8243; gutter_size=\u00bb3&#8243; overlay_alpha=\u00bb50&#8243; radius=\u00bbxl\u00bb shift_x=\u00bb0&#8243; shift_y=\u00bb0&#8243; shift_y_down=\u00bb0&#8243; z_index=\u00bb0&#8243; medium_width=\u00bb0&#8243; mobile_width=\u00bb0&#8243; css_animation=\u00bbbottom-t-top\u00bb animation_speed=\u00bb1000&#8243; animation_delay=\u00bb400&#8243; width=\u00bb1\/3&#8243; uncode_shortcode_id=\u00bb707306&#8243;][\/vc_column][\/vc_row][vc_row row_height_percent=\u00bb0&#8243; override_padding=\u00bbyes\u00bb h_padding=\u00bb2&#8243; top_padding=\u00bb3&#8243; bottom_padding=\u00bb3&#8243; back_color=\u00bbcolor-xsdn\u00bb overlay_alpha=\u00bb50&#8243; gutter_size=\u00bb3&#8243; column_width_percent=\u00bb100&#8243; shift_y=\u00bb0&#8243; z_index=\u00bb0&#8243; content_parallax=\u00bb0&#8243; uncode_shortcode_id=\u00bb156324&#8243; back_color_type=\u00bbuncode-palette\u00bb][vc_column width=\u00bb1\/1&#8243;][vc_custom_heading text_size=\u00bbh1&#8243; css_animation=\u00bbleft-t-right\u00bb animation_speed=\u00bb1000&#8243; uncode_shortcode_id=\u00bb221179&#8243;]\u00bfPor Qu\u00e9 las Visas de No Inmigrante son Importantes?[\/vc_custom_heading][vc_custom_heading text_size=\u00bbh3&#8243; text_weight=\u00bb400&#8243; css_animation=\u00bbleft-t-right\u00bb animation_speed=\u00bb1000&#8243; uncode_shortcode_id=\u00bb132418&#8243;]Abriendo Oportunidades y Fortaleciendo Conexiones[\/vc_custom_heading][vc_custom_heading heading_semantic=\u00bbp\u00bb text_font=\u00bbfont-184338&#8243; text_size=\u00bb\u00bb css_animation=\u00bbleft-t-right\u00bb animation_speed=\u00bb1000&#8243; animation_delay=\u00bb200&#8243; uncode_shortcode_id=\u00bb103806&#8243;]Las visas de no inmigrante permiten a las empresas acceder a talento global y a individuos expandir sus carreras, perseguir educaci\u00f3n y hacer crecer sus negocios. Sin embargo, estas visas tienen requisitos estrictos y est\u00e1ndares de documentaci\u00f3n exigentes. Con nuestro apoyo profesional, ayudamos a solicitantes y patrocinadores a superar estos desaf\u00edos y alcanzar sus objetivos eficientemente.[\/vc_custom_heading][\/vc_column][\/vc_row][vc_row unlock_row_content=\u00bbyes\u00bb row_height_percent=\u00bb90&#8243; override_padding=\u00bbyes\u00bb h_padding=\u00bb0&#8243; top_padding=\u00bb0&#8243; bottom_padding=\u00bb0&#8243; back_color=\u00bbcolor-657965&#8243; overlay_alpha=\u00bb50&#8243; equal_height=\u00bbyes\u00bb gutter_size=\u00bb3&#8243; column_width_percent=\u00bb100&#8243; shift_y=\u00bb0&#8243; z_index=\u00bb0&#8243; content_parallax=\u00bb0&#8243; uncode_shortcode_id=\u00bb439870&#8243; back_color_type=\u00bbuncode-palette\u00bb][vc_column column_width_percent=\u00bb100&#8243; position_vertical=\u00bbmiddle\u00bb gutter_size=\u00bb3&#8243; override_padding=\u00bbyes\u00bb column_padding=\u00bb3&#8243; overlay_alpha=\u00bb50&#8243; shift_x=\u00bb0&#8243; shift_y=\u00bb0&#8243; shift_y_down=\u00bb0&#8243; z_index=\u00bb0&#8243; medium_width=\u00bb0&#8243; mobile_width=\u00bb0&#8243; width=\u00bb1\/2&#8243; uncode_shortcode_id=\u00bb186129&#8243;][vc_custom_heading text_color=\u00bbcolor-757112&#8243; text_font=\u00bbfont-188566&#8243; text_size=\u00bbh1&#8243; css_animation=\u00bbbottom-t-top\u00bb animation_speed=\u00bb1000&#8243; uncode_shortcode_id=\u00bb530689&#8243; text_color_type=\u00bbuncode-palette\u00bb]Nuestro Enfoque [\/vc_custom_heading][vc_custom_heading heading_semantic=\u00bbp\u00bb text_size=\u00bbh3&#8243; text_weight=\u00bb400&#8243; css_animation=\u00bbleft-t-right\u00bb animation_speed=\u00bb1000&#8243; uncode_shortcode_id=\u00bb908841&#8243;]Precisi\u00f3n, Cumplimiento y Planificaci\u00f3n Estrat\u00e9gica[\/vc_custom_heading][vc_custom_heading text_color=\u00bbcolor-757112&#8243; heading_semantic=\u00bbp\u00bb text_font=\u00bbfont-184338&#8243; text_size=\u00bb\u00bb text_weight=\u00bb400&#8243; css_animation=\u00bbbottom-t-top\u00bb animation_speed=\u00bb1000&#8243; animation_delay=\u00bb200&#8243; uncode_shortcode_id=\u00bb107688&#8243; text_color_type=\u00bbuncode-palette\u00bb]En Law Group International, priorizamos comprender tus circunstancias \u00fanicas y desarrollar soluciones adaptadas a tus objetivos:<\/p>\n<ul>\n<li><strong>An\u00e1lisis Completo del Caso:<\/strong> Evaluamos <span style=\"font-family: -apple-system, BlinkMacSystemFont, 'Segoe UI', Roboto, Oxygen-Sans, Ubuntu, Cantarell, 'Helvetica Neue', sans-serif;\">criterios de elegibilidad<\/span><span style=\"font-family: -apple-system, BlinkMacSystemFont, 'Segoe UI', Roboto, Oxygen-Sans, Ubuntu, Cantarell, 'Helvetica Neue', sans-serif;\"> y <\/span><span style=\"font-family: -apple-system, BlinkMacSystemFont, 'Segoe UI', Roboto, Oxygen-Sans, Ubuntu, Cantarell, 'Helvetica Neue', sans-serif;\">determinamos el tipo de visa m\u00e1s adecuado<\/span><span style=\"font-family: -apple-system, BlinkMacSystemFont, 'Segoe UI', Roboto, Oxygen-Sans, Ubuntu, Cantarell, 'Helvetica Neue', sans-serif;\"> para tu situaci\u00f3n.<\/span><\/li>\n<li><strong>Apoyo en la Documentaci\u00f3n Completa:<\/strong> Desde la <span style=\"font-family: -apple-system, BlinkMacSystemFont, 'Segoe UI', Roboto, Oxygen-Sans, Ubuntu, Cantarell, 'Helvetica Neue', sans-serif;\">preparaci\u00f3n de formularios<\/span><span style=\"font-family: -apple-system, BlinkMacSystemFont, 'Segoe UI', Roboto, Oxygen-Sans, Ubuntu, Cantarell, 'Helvetica Neue', sans-serif;\"> hasta la <\/span><span style=\"font-family: -apple-system, BlinkMacSystemFont, 'Segoe UI', Roboto, Oxygen-Sans, Ubuntu, Cantarell, 'Helvetica Neue', sans-serif;\">compilaci\u00f3n de pruebas necesarias<\/span><span style=\"font-family: -apple-system, BlinkMacSystemFont, 'Segoe UI', Roboto, Oxygen-Sans, Ubuntu, Cantarell, 'Helvetica Neue', sans-serif;\">, garantizamos que tu solicitud sea <\/span><span style=\"font-family: -apple-system, BlinkMacSystemFont, 'Segoe UI', Roboto, Oxygen-Sans, Ubuntu, Cantarell, 'Helvetica Neue', sans-serif;\">s\u00f3lida y bien documentada<\/span><span style=\"font-family: -apple-system, BlinkMacSystemFont, 'Segoe UI', Roboto, Oxygen-Sans, Ubuntu, Cantarell, 'Helvetica Neue', sans-serif;\">.<\/span><\/li>\n<li><strong>Orientaci\u00f3n sobre Cumplimiento:<\/strong> Asistimos a <span style=\"font-family: -apple-system, BlinkMacSystemFont, 'Segoe UI', Roboto, Oxygen-Sans, Ubuntu, Cantarell, 'Helvetica Neue', sans-serif;\">empleadores<\/span><span style=\"font-family: -apple-system, BlinkMacSystemFont, 'Segoe UI', Roboto, Oxygen-Sans, Ubuntu, Cantarell, 'Helvetica Neue', sans-serif;\"> para que <\/span><span style=\"font-family: -apple-system, BlinkMacSystemFont, 'Segoe UI', Roboto, Oxygen-Sans, Ubuntu, Cantarell, 'Helvetica Neue', sans-serif;\">cumplan con todas las regulaciones laborales y de inmigraci\u00f3n<\/span><span style=\"font-family: -apple-system, BlinkMacSystemFont, 'Segoe UI', Roboto, Oxygen-Sans, Ubuntu, Cantarell, 'Helvetica Neue', sans-serif;\"> de EE. UU., evitando complicaciones legales.<\/span><\/li>\n<\/ul>\n<p>[\/vc_custom_heading][\/vc_column][vc_column column_width_percent=\u00bb100&#8243; gutter_size=\u00bb3&#8243; override_padding=\u00bbyes\u00bb column_padding=\u00bb0&#8243; back_image=\u00bb145952&#8243; back_position=\u00bbright bottom\u00bb overlay_alpha=\u00bb50&#8243; shift_x=\u00bb0&#8243; shift_y=\u00bb0&#8243; shift_y_down=\u00bb0&#8243; z_index=\u00bb0&#8243; medium_width=\u00bb0&#8243; mobile_width=\u00bb0&#8243; width=\u00bb1\/2&#8243; uncode_shortcode_id=\u00bb697790&#8243; back_size=\u00bbcover\u00bb][\/vc_column][\/vc_row][vc_row unlock_row_content=\u00bbyes\u00bb row_height_percent=\u00bb90&#8243; override_padding=\u00bbyes\u00bb h_padding=\u00bb0&#8243; top_padding=\u00bb0&#8243; bottom_padding=\u00bb0&#8243; overlay_alpha=\u00bb50&#8243; equal_height=\u00bbyes\u00bb gutter_size=\u00bb3&#8243; column_width_percent=\u00bb100&#8243; shift_y=\u00bb0&#8243; z_index=\u00bb0&#8243; desktop_visibility=\u00bbyes\u00bb medium_visibility=\u00bbyes\u00bb content_parallax=\u00bb0&#8243; uncode_shortcode_id=\u00bb141316&#8243;][vc_column column_width_percent=\u00bb100&#8243; position_vertical=\u00bbmiddle\u00bb gutter_size=\u00bb3&#8243; override_padding=\u00bbyes\u00bb column_padding=\u00bb0&#8243; overlay_alpha=\u00bb50&#8243; shift_x=\u00bb0&#8243; shift_y=\u00bb0&#8243; shift_y_down=\u00bb0&#8243; z_index=\u00bb0&#8243; medium_width=\u00bb0&#8243; mobile_width=\u00bb0&#8243; width=\u00bb1\/1&#8243; uncode_shortcode_id=\u00bb125834&#8243;][vc_single_image media=\u00bb145952&#8243; media_width_percent=\u00bb100&#8243; css_animation=\u00bbalpha-anim\u00bb uncode_shortcode_id=\u00bb137643&#8243;][\/vc_column][\/vc_row][vc_row row_height_percent=\u00bb0&#8243; override_padding=\u00bbyes\u00bb h_padding=\u00bb2&#8243; top_padding=\u00bb5&#8243; bottom_padding=\u00bb5&#8243; back_color=\u00bbcolor-757112&#8243; overlay_alpha=\u00bb50&#8243; equal_height=\u00bbyes\u00bb gutter_size=\u00bb3&#8243; column_width_percent=\u00bb100&#8243; shift_y=\u00bb0&#8243; z_index=\u00bb0&#8243; bottom_divider=\u00bbgradient\u00bb content_parallax=\u00bb0&#8243; uncode_shortcode_id=\u00bb307738&#8243; back_color_type=\u00bbuncode-palette\u00bb][vc_column column_width_percent=\u00bb100&#8243; gutter_size=\u00bb3&#8243; overlay_alpha=\u00bb50&#8243; shift_x=\u00bb0&#8243; shift_y=\u00bb0&#8243; shift_y_down=\u00bb0&#8243; z_index=\u00bb0&#8243; medium_width=\u00bb3&#8243; mobile_width=\u00bb0&#8243; width=\u00bb4\/12&#8243; uncode_shortcode_id=\u00bb151875&#8243;][vc_custom_heading text_color=\u00bbcolor-657965&#8243; text_size=\u00bbh1&#8243; text_weight=\u00bb500&#8243; text_height=\u00bbfontheight-357766&#8243; css_animation=\u00bbleft-t-right\u00bb animation_speed=\u00bb1000&#8243; uncode_shortcode_id=\u00bb337958&#8243; text_color_type=\u00bbuncode-palette\u00bb]Casos de \u00c9xito[\/vc_custom_heading][vc_custom_heading text_color=\u00bbcolor-657965&#8243; heading_semantic=\u00bbp\u00bb text_size=\u00bbh4&#8243; text_weight=\u00bb400&#8243; css_animation=\u00bbleft-t-right\u00bb animation_speed=\u00bb1000&#8243; animation_delay=\u00bb200&#8243; uncode_shortcode_id=\u00bb581966&#8243; text_color_type=\u00bbuncode-palette\u00bb]Facilitando la Movilidad Global[\/vc_custom_heading][\/vc_column][vc_column column_width_percent=\u00bb100&#8243; position_vertical=\u00bbmiddle\u00bb gutter_size=\u00bb3&#8243; overlay_alpha=\u00bb50&#8243; shift_x=\u00bb0&#8243; shift_y=\u00bb0&#8243; shift_y_down=\u00bb0&#8243; z_index=\u00bb0&#8243; medium_width=\u00bb5&#8243; mobile_width=\u00bb0&#8243; width=\u00bb8\/12&#8243; uncode_shortcode_id=\u00bb790789&#8243;][vc_custom_heading text_color=\u00bbcolor-657965&#8243; heading_semantic=\u00bbp\u00bb text_font=\u00bbfont-184338&#8243; text_size=\u00bbh5&#8243; css_animation=\u00bbalpha-anim\u00bb uncode_shortcode_id=\u00bb526066&#8243; text_color_type=\u00bbuncode-palette\u00bb]Uno de nuestros clientes, una corporaci\u00f3n multinacional, logr\u00f3 transferir con \u00e9xito a un gerente senior a su sucursal en Estados Unidos utilizando una visa L-1. Gracias a nuestra documentaci\u00f3n meticulosa y planificaci\u00f3n estrat\u00e9gica, la solicitud fue aprobada sin retrasos.<\/p>\n<p>Otro cliente, un profesional del arte, obtuvo una visa O-1 para trabajar en un proyecto prestigioso en Estados Unidos, destacando sus logros excepcionales en su campo.[\/vc_custom_heading][\/vc_column][\/vc_row][vc_row][vc_column width=\u00bb1\/1&#8243;][uncode_block id=\u00bb146123&#8243;][\/vc_column][\/vc_row]<\/p>\n<\/div>","protected":false},"excerpt":{"rendered":"<p>[vc_row row_height_percent=\u00bb0&#8243; override_padding=\u00bbyes\u00bb h_padding=\u00bb2&#8243; top_padding=\u00bb7&#8243; bottom_padding=\u00bb7&#8243; back_color=\u00bbcolor-xsdn\u00bb overlay_alpha=\u00bb50&#8243; gutter_size=\u00bb3&#8243; column_width_percent=\u00bb100&#8243; shift_y=\u00bb0&#8243; z_index=\u00bb0&#8243;][vc_column width=\u00bb1\/1&#8243;][vc_custom_heading heading_semantic=\u00bbh1&#8243; text_size=\u00bbfontsize-338686&#8243; text_weight=\u00bb300&#8243; css_animation=\u00bbbottom-t-top\u00bb animation_speed=\u00bb1000&#8243; uncode_shortcode_id=\u00bb110600&#8243;]Solicitudes de [&hellip;]<\/p>\n","protected":false},"author":2,"featured_media":0,"parent":146077,"menu_order":0,"comment_status":"closed","ping_status":"closed","template":"","meta":{"footnotes":""},"class_list":["post-146156","page","type-page","status-publish","hentry"],"_links":{"self":[{"href":"https:\/\/lgilawyers.com\/es\/wp-json\/wp\/v2\/pages\/146156","targetHints":{"allow":["GET"]}}],"collection":[{"href":"https:\/\/lgilawyers.com\/es\/wp-json\/wp\/v2\/pages"}],"about":[{"href":"https:\/\/lgilawyers.com\/es\/wp-json\/wp\/v2\/types\/page"}],"author":[{"embeddable":true,"href":"https:\/\/lgilawyers.com\/es\/wp-json\/wp\/v2\/users\/2"}],"replies":[{"embeddable":true,"href":"https:\/\/lgilawyers.com\/es\/wp-json\/wp\/v2\/comments?post=146156"}],"version-history":[{"count":3,"href":"https:\/\/lgilawyers.com\/es\/wp-json\/wp\/v2\/pages\/146156\/revisions"}],"predecessor-version":[{"id":146159,"href":"https:\/\/lgilawyers.com\/es\/wp-json\/wp\/v2\/pages\/146156\/revisions\/146159"}],"up":[{"embeddable":true,"href":"https:\/\/lgilawyers.com\/es\/wp-json\/wp\/v2\/pages\/146077"}],"wp:attachment":[{"href":"https:\/\/lgilawyers.com\/es\/wp-json\/wp\/v2\/media?parent=146156"}],"curies":[{"name":"wp","href":"https:\/\/api.w.org\/{rel}","templated":true}]}}