{"id":146199,"date":"2024-11-17T11:04:40","date_gmt":"2024-11-17T16:04:40","guid":{"rendered":"https:\/\/lgilawyers.com\/?page_id=146199"},"modified":"2024-12-15T11:20:27","modified_gmt":"2024-12-15T16:20:27","slug":"preguntas-frecuentes","status":"publish","type":"page","link":"https:\/\/lgilawyers.com\/es\/preguntas-frecuentes\/","title":{"rendered":"Preguntas frecuentes"},"content":{"rendered":"<div class=\"wpb-content-wrapper\"><p>[vc_row][vc_column width=\u00bb1\/1&#8243;][vc_custom_heading heading_semantic=\u00bbh1&#8243; text_size=\u00bbh1&#8243; uncode_shortcode_id=\u00bb190156&#8243;]Preguntas frecuentes[\/vc_custom_heading][vc_empty_space empty_h=\u00bb2&#8243;][vc_accordion gutter_simple=\u00bb0&#8243; uncode_shortcode_id=\u00bb465015&#8243; el_class=\u00bbfaq-styles\u00bb][vc_accordion_tab gutter_size=\u00bb2&#8243; column_padding=\u00bb2&#8243; title=\u00bb\u00bfC\u00f3mo puedo programar una consulta con LGI Lawyers para hablar sobre mi caso de inmigraci\u00f3n?\u00bb tab_id=\u00bb1731859481-1-15&#8243;][vc_column_text uncode_shortcode_id=\u00bb987717&#8243;]<strong>Para programar una consulta con LGI Lawyers<\/strong>, puedes visitar nuestro sitio web (<a href=\"https:\/\/lgilawyers.com\/\" target=\"_new\" rel=\"noopener\">https:\/\/lgilawyers.com\/<\/a>) o <strong>contactar directamente con nuestra oficina<\/strong>. Nuestros <strong>abogados de inmigraci\u00f3n experimentados<\/strong> estar\u00e1n encantados de <strong>hablar sobre tu caso<\/strong> y <strong>brindarte orientaci\u00f3n<\/strong> sobre tus <strong>opciones migratorias<\/strong>.[\/vc_column_text][\/vc_accordion_tab][vc_accordion_tab gutter_size=\u00bb2&#8243; column_padding=\u00bb2&#8243; title=\u00bb\u00bfNecesito un abogado de inmigraci\u00f3n para una solicitud de visa simple, o es necesario solo para casos m\u00e1s complejos?\u00bb tab_id=\u00bb1731859481-2-94&#8243;][vc_column_text uncode_shortcode_id=\u00bb578386&#8243;]Si bien las solicitudes de visa simples pueden no requerir asistencia legal, contar con un abogado de inmigraci\u00f3n puede ayudar a asegurar que tu solicitud est\u00e9 libre de errores y aumente tus posibilidades de \u00e9xito. Para casos m\u00e1s complejos, se recomienda encarecidamente contar con asesor\u00eda legal profesional.[\/vc_column_text][\/vc_accordion_tab][vc_accordion_tab gutter_size=\u00bb2&#8243; column_padding=\u00bb2&#8243; title=\u00bb\u00bfCu\u00e1l es el tiempo de procesamiento esperado para diversas solicitudes de inmigraci\u00f3n con el apoyo de LGI Lawyers?\u00bb tab_id=\u00bb1731859570846-2-9&#8243;][vc_column_text uncode_shortcode_id=\u00bb572917&#8243;]Los tiempos de procesamiento var\u00edan seg\u00fan el tipo de solicitud y las agencias gubernamentales involucradas. LGI Lawyers te proporcionar\u00e1 estimaciones de tiempo de procesamiento y te mantendr\u00e1 informado sobre el progreso de tu caso.[\/vc_column_text][\/vc_accordion_tab][vc_accordion_tab gutter_size=\u00bb2&#8243; column_padding=\u00bb2&#8243; title=\u00bb\u00bfPuede LGI Lawyers ayudar con visas de negocios e inversores para empresarios extranjeros?\u00bb tab_id=\u00bb1731859589698-3-4&#8243;][vc_column_text uncode_shortcode_id=\u00bb995478&#8243;]LGI Lawyers puede guiar a empresarios extranjeros en el proceso de obtenci\u00f3n de visas de negocios e inversores, como las visas E-2 o EB-5, para apoyar sus proyectos empresariales en Estados Unidos.[\/vc_column_text][\/vc_accordion_tab][vc_accordion_tab gutter_size=\u00bb2&#8243; column_padding=\u00bb2&#8243; title=\u00bb\u00bfC\u00f3mo maneja LGI Lawyers los casos relacionados con el asilo y el estatus de refugiado?\u00bb tab_id=\u00bb1731859613312-4-1&#8243;][vc_column_text uncode_shortcode_id=\u00bb185764&#8243;]LGI Lawyers se especializa en casos de asilo y estatus de refugiado, ayudando a personas que temen persecuci\u00f3n en sus pa\u00edses de origen a buscar protecci\u00f3n en Estados Unidos. Te asistiremos en la preparaci\u00f3n y presentaci\u00f3n de tu solicitud de asilo o estatus de refugiado.[\/vc_column_text][\/vc_accordion_tab][vc_accordion_tab gutter_size=\u00bb2&#8243; column_padding=\u00bb2&#8243; title=\u00bb\u00bfQu\u00e9 pasos debo seguir si tengo una visa vencida?\u00bb tab_id=\u00bb1731859632842-5-0&#8243;][vc_column_text uncode_shortcode_id=\u00bb128880&#8243;]Si tu visa ha vencido, es fundamental actuar de inmediato. LGI Lawyers puede ayudarte a explorar opciones como extensiones de visa, cambio de estatus o ajuste de estatus para regularizar tu situaci\u00f3n migratoria legalmente.[\/vc_column_text][\/vc_accordion_tab][vc_accordion_tab gutter_size=\u00bb2&#8243; column_padding=\u00bb2&#8243; title=\u00bb\u00bfPuede LGI Lawyers ayudarme con el proceso de naturalizaci\u00f3n y ciudadan\u00eda estadounidense?\u00bb tab_id=\u00bb1731859653070-6-0&#8243;][vc_column_text uncode_shortcode_id=\u00bb384215&#8243;]S\u00ed, LGI Lawyers puede ayudarte a obtener la ciudadan\u00eda estadounidense a trav\u00e9s del proceso de naturalizaci\u00f3n. Te asistiremos para cumplir con los requisitos y navegar el proceso de solicitud de manera eficaz.[\/vc_column_text][\/vc_accordion_tab][vc_accordion_tab gutter_size=\u00bb2&#8243; column_padding=\u00bb2&#8243; title=\u00bb\u00bfCu\u00e1les son los criterios de elegibilidad para DACA y puede LGI Lawyers ayudar con el proceso de solicitud?\u00bb tab_id=\u00bb1731859669659-7-6&#8243;][vc_column_text uncode_shortcode_id=\u00bb156152&#8243;]LGI Lawyers puede ayudar a las personas a determinar su elegibilidad para DACA (Acci\u00f3n Diferida para los Llegados en la Infancia) y guiarlas durante el proceso de solicitud, incluyendo renovaciones.[\/vc_column_text][\/vc_accordion_tab][vc_accordion_tab gutter_size=\u00bb2&#8243; column_padding=\u00bb2&#8243; title=\u00bb\u00bfC\u00f3mo puede LGI Lawyers ayudar con la defensa contra la deportaci\u00f3n?\u00bb tab_id=\u00bb1731859694651-8-8&#8243;][vc_column_text uncode_shortcode_id=\u00bb314069&#8243;]LGI Lawyers ofrece estrategias de defensa agresivas contra la deportaci\u00f3n, incluyendo solicitudes de asilo, cancelaci\u00f3n de la deportaci\u00f3n y exenciones migratorias. Trabajaremos incansablemente para proteger tus derechos y mantenerte en Estados Unidos.[\/vc_column_text][\/vc_accordion_tab][vc_accordion_tab gutter_size=\u00bb2&#8243; column_padding=\u00bb2&#8243; title=\u00bb\u00bfQu\u00e9 debo hacer si mi solicitud de visa es denegada?\u00bb tab_id=\u00bb1731859716594-9-4&#8243;][vc_column_text uncode_shortcode_id=\u00bb141389&#8243;]Si tu solicitud de visa es denegada, LGI Lawyers puede ayudarte a evaluar las razones de la denegaci\u00f3n y explorar posibles soluciones, incluyendo apelaciones o una nueva solicitud.[\/vc_column_text][\/vc_accordion_tab][vc_accordion_tab gutter_size=\u00bb2&#8243; column_padding=\u00bb2&#8243; title=\u00bb\u00bfCu\u00e1l es la diferencia entre una visa de no inmigrante y una visa de inmigrante, y c\u00f3mo puede LGI Lawyers ayudar a obtenerlas?\u00bb tab_id=\u00bb1731859740657-10-3&#8243;][vc_column_text uncode_shortcode_id=\u00bb209332&#8243;]Las visas de no inmigrante son para estad\u00edas temporales, mientras que las visas de inmigrante conducen a la residencia permanente. LGI Lawyers puede ayudarte a determinar la categor\u00eda de visa adecuada seg\u00fan tus necesidades y asistirte en el proceso de solicitud, ya sea para inmigraci\u00f3n temporal o permanente.[\/vc_column_text][\/vc_accordion_tab][vc_accordion_tab gutter_size=\u00bb2&#8243; column_padding=\u00bb2&#8243; title=\u00bb\u00bfPuede LGI Lawyers ayudar con las solicitudes de Green Card?\u00bb tab_id=\u00bb1731859757986-11-10&#8243;][vc_column_text uncode_shortcode_id=\u00bb427396&#8243;]S\u00ed, LGI Lawyers puede ayudarte con solicitudes de Green Card tanto basadas en empleo como patrocinadas por familiares. Te ayudaremos a comprender los criterios de elegibilidad y te guiamos durante todo el proceso de solicitud.[\/vc_column_text][\/vc_accordion_tab][vc_accordion_tab gutter_size=\u00bb2&#8243; column_padding=\u00bb2&#8243; title=\u00bb\u00bfCu\u00e1l es el proceso para obtener una visa de trabajo con la asistencia de LGI Lawyers?\u00bb tab_id=\u00bb1731859777250-12-8&#8243;][vc_column_text uncode_shortcode_id=\u00bb593558&#8243;]LGI Lawyers evaluar\u00e1 tu elegibilidad para una visa de trabajo, como una visa H-1B o L-1, y te ayudar\u00e1 a completar la documentaci\u00f3n necesaria. Tambi\u00e9n te ofreceremos orientaci\u00f3n sobre c\u00f3mo mantener tu estatus de visa mientras trabajas en Estados Unidos.[\/vc_column_text][\/vc_accordion_tab][vc_accordion_tab gutter_size=\u00bb2&#8243; column_padding=\u00bb2&#8243; title=\u00bb \u00bfC\u00f3mo puede LGI Lawyers ayudar con la inmigraci\u00f3n basada en la familia?\u00bb tab_id=\u00bb1731859798538-13-3&#8243;][vc_column_text uncode_shortcode_id=\u00bb115027&#8243;]LGI Lawyers puede ayudarte a patrocinar a familiares para la inmigraci\u00f3n a Estados Unidos. Te guiamos durante el proceso de presentaci\u00f3n de peticiones, recolecci\u00f3n de documentos requeridos y navegaci\u00f3n por las complejidades de la inmigraci\u00f3n basada en la familia.[\/vc_column_text][\/vc_accordion_tab][vc_accordion_tab gutter_size=\u00bb2&#8243; column_padding=\u00bb2&#8243; title=\u00bb\u00bfQu\u00e9 servicios de inmigraci\u00f3n ofrece LGI Lawyers?\u00bb tab_id=\u00bb1731859813793-14-5&#8243;][vc_column_text uncode_shortcode_id=\u00bb129620&#8243;]<\/p>\n<div class=\"flex-shrink-0 flex flex-col relative items-end\">\n<div>\n<div class=\"pt-0\">\n<div class=\"gizmo-bot-avatar flex h-8 w-8 items-center justify-center overflow-hidden rounded-full\">\n<div class=\"relative p-1 rounded-sm flex items-center justify-center bg-token-main-surface-primary text-token-text-primary h-8 w-8\"><span style=\"font-family: -apple-system, BlinkMacSystemFont, 'Segoe UI', Roboto, Oxygen-Sans, Ubuntu, Cantarell, 'Helvetica Neue', sans-serif;\">L<\/span><span style=\"font-family: -apple-system, BlinkMacSystemFont, 'Segoe UI', Roboto, Oxygen-Sans, Ubuntu, Cantarell, 'Helvetica Neue', sans-serif;\">GI Lawyers<\/span><span style=\"font-family: -apple-system, BlinkMacSystemFont, 'Segoe UI', Roboto, Oxygen-Sans, Ubuntu, Cantarell, 'Helvetica Neue', sans-serif;\"> ofrece una <\/span><span style=\"font-family: -apple-system, BlinkMacSystemFont, 'Segoe UI', Roboto, Oxygen-Sans, Ubuntu, Cantarell, 'Helvetica Neue', sans-serif;\">amplia gama de servicios de inmigraci\u00f3n<\/span><span style=\"font-family: -apple-system, BlinkMacSystemFont, 'Segoe UI', Roboto, Oxygen-Sans, Ubuntu, Cantarell, 'Helvetica Neue', sans-serif;\">, incluyendo:<\/span><\/div>\n<\/div>\n<\/div>\n<\/div>\n<\/div>\n<div class=\"group\/conversation-turn relative flex w-full min-w-0 flex-col agent-turn\">\n<div class=\"flex-col gap-1 md:gap-3\">\n<div class=\"flex max-w-full flex-col flex-grow\">\n<div class=\"min-h-8 text-message flex w-full flex-col items-end gap-2 whitespace-normal break-words text-start [.text-message+&amp;]:mt-5\" dir=\"auto\" data-message-author-role=\"assistant\" data-message-id=\"ab295b35-208a-4bd8-906d-02e6338cce6a\" data-message-model-slug=\"gpt-4o\">\n<div class=\"flex w-full flex-col gap-1 empty:hidden first:pt-[3px]\">\n<div class=\"markdown prose w-full break-words dark:prose-invert light\">\n<ul>\n<li>Inmigraci\u00f3n basada en la familia<\/li>\n<li>Inmigraci\u00f3n basada en empleo<\/li>\n<li>Defensa contra la deportaci\u00f3n<\/li>\n<li>Solicitudes de visas<\/li>\n<li>Procesamiento de Green Cards<\/li>\n<li>Naturalizaci\u00f3n y ciudadan\u00eda<\/li>\n<li>Asistencia para asilo y refugiados<\/li>\n<li>Y mucho m\u00e1s.<\/li>\n<\/ul>\n<p>Adaptamos nuestros servicios para satisfacer tus necesidades migratorias espec\u00edficas.<\/p>\n<\/div>\n<\/div>\n<\/div>\n<\/div>\n<\/div>\n<\/div>\n<p>[\/vc_column_text][\/vc_accordion_tab][\/vc_accordion][\/vc_column][\/vc_row]<\/p>\n<\/div>","protected":false},"excerpt":{"rendered":"<p>[vc_row][vc_column width=\u00bb1\/1&#8243;][vc_custom_heading heading_semantic=\u00bbh1&#8243; text_size=\u00bbh1&#8243; uncode_shortcode_id=\u00bb190156&#8243;]Preguntas frecuentes[\/vc_custom_heading][vc_empty_space empty_h=\u00bb2&#8243;][vc_accordion gutter_simple=\u00bb0&#8243; uncode_shortcode_id=\u00bb465015&#8243; el_class=\u00bbfaq-styles\u00bb][vc_accordion_tab gutter_size=\u00bb2&#8243; column_padding=\u00bb2&#8243; title=\u00bb\u00bfC\u00f3mo puedo programar una consulta con LGI Lawyers [&hellip;]<\/p>\n","protected":false},"author":2,"featured_media":0,"parent":0,"menu_order":0,"comment_status":"closed","ping_status":"closed","template":"","meta":{"footnotes":""},"class_list":["post-146199","page","type-page","status-publish","hentry"],"_links":{"self":[{"href":"https:\/\/lgilawyers.com\/es\/wp-json\/wp\/v2\/pages\/146199","targetHints":{"allow":["GET"]}}],"collection":[{"href":"https:\/\/lgilawyers.com\/es\/wp-json\/wp\/v2\/pages"}],"about":[{"href":"https:\/\/lgilawyers.com\/es\/wp-json\/wp\/v2\/types\/page"}],"author":[{"embeddable":true,"href":"https:\/\/lgilawyers.com\/es\/wp-json\/wp\/v2\/users\/2"}],"replies":[{"embeddable":true,"href":"https:\/\/lgilawyers.com\/es\/wp-json\/wp\/v2\/comments?post=146199"}],"version-history":[{"count":2,"href":"https:\/\/lgilawyers.com\/es\/wp-json\/wp\/v2\/pages\/146199\/revisions"}],"predecessor-version":[{"id":146201,"href":"https:\/\/lgilawyers.com\/es\/wp-json\/wp\/v2\/pages\/146199\/revisions\/146201"}],"wp:attachment":[{"href":"https:\/\/lgilawyers.com\/es\/wp-json\/wp\/v2\/media?parent=146199"}],"curies":[{"name":"wp","href":"https:\/\/api.w.org\/{rel}","templated":true}]}}